{"id":302570,"date":"2017-09-06T00:00:00","date_gmt":"2017-09-05T22:00:00","guid":{"rendered":"https:\/\/my-eliquid.de\/shop\/eisbonbon-erdbeere-aroma\/"},"modified":"2026-04-13T15:08:15","modified_gmt":"2026-04-13T13:08:15","slug":"eisbonbon-erdbeere-aroma","status":"publish","type":"product","link":"https:\/\/my-eliquid.de\/pl\/shop\/eisbonbon-erdbeere-aroma\/","title":{"rendered":"Cukierki lodowe o smaku truskawkowym"},"content":{"rendered":"<p>Nasz <strong>Cukierki lodowe o smaku truskawkowym<\/strong> mit seinem arktischen <strong>Beerengeschmack<\/strong> pochodzi z linii <strong>s\u0142odkie smaki<\/strong>. Eine frostig coole Note mit der S\u00fc\u00dfe der Erdbeeren gemischt sorgt f\u00fcr eine aufregende Kombination. Das <strong>Cukierki lodowe o smaku truskawkowym<\/strong> nadaje si\u0119 do aromatyzowania i <strong>Produkcja w\u0142asnych p\u0142yn\u00f3w<\/strong> i mo\u017cna go miesza\u0107 z innymi aromatami. W ten spos\u00f3b mo\u017cna tworzy\u0107 coraz to nowe, indywidualne p\u0142yny! <strong>aromaty<\/strong> nie mog\u0105 by\u0107 stosowane w postaci nierozcie\u0144czonej i zawsze musz\u0105 by\u0107 <strong>Baza<\/strong> doda\u0107.<\/p>","protected":false},"excerpt":{"rendered":"<p>Nasze <strong>aromaty<\/strong> z linii \u201eEisbonbon\u201c ciesz\u0105 si\u0119 niezmienn\u0105 popularno\u015bci\u0105. W tym szczeg\u00f3lnym <strong>Aromat cukierk\u00f3w lodowych<\/strong> s\u0142odko\u015b\u0107 <strong>truskawka<\/strong> dodano.<\/p>","protected":false},"featured_media":319578,"comment_status":"open","ping_status":"closed","template":"","meta":{"_acf_changed":false,"_relevanssi_hide_post":"","_relevanssi_hide_content":"","_relevanssi_pin_for_all":"","_relevanssi_pin_keywords":"","_relevanssi_unpin_keywords":"","_relevanssi_related_keywords":"","_relevanssi_related_include_ids":"","_relevanssi_related_exclude_ids":"","_relevanssi_related_no_append":"","_relevanssi_related_not_related":"","_relevanssi_related_posts":"","_relevanssi_noindex_reason":""},"product_brand":[],"product_cat":[4733,4882,4701,4881,4707],"product_tag":[6716,1399,6847,5074,6730,5803,6712,5805,5792,6584],"class_list":{"0":"post-302570","1":"product","2":"type-product","3":"status-publish","4":"has-post-thumbnail","6":"product_cat-alle-aromen","7":"product_cat-aromen-ohne-sucralose","8":"product_cat-aromen","9":"product_cat-my-eliquid-aromen","10":"product_cat-suesse-aromen-liquid-e-zigarette","11":"product_tag-alle","12":"product_tag-aroma","13":"product_tag-aromen","14":"product_tag-eisbonbon","15":"product_tag-eliquids","16":"product_tag-erdbeere","17":"product_tag-fuer","18":"product_tag-liquid","19":"product_tag-liquids","20":"product_tag-suesse","21":"product_shipping_class-standard","23":"first","24":"instock","25":"taxable","26":"shipping-taxable","27":"purchasable","28":"product-type-variable"},"acf":[],"_links":{"self":[{"href":"https:\/\/my-eliquid.de\/pl\/wp-json\/wp\/v2\/product\/302570","targetHints":{"allow":["GET"]}}],"collection":[{"href":"https:\/\/my-eliquid.de\/pl\/wp-json\/wp\/v2\/product"}],"about":[{"href":"https:\/\/my-eliquid.de\/pl\/wp-json\/wp\/v2\/types\/product"}],"replies":[{"embeddable":true,"href":"https:\/\/my-eliquid.de\/pl\/wp-json\/wp\/v2\/comments?post=302570"}],"wp:featuredmedia":[{"embeddable":true,"href":"https:\/\/my-eliquid.de\/pl\/wp-json\/wp\/v2\/media\/319578"}],"wp:attachment":[{"href":"https:\/\/my-eliquid.de\/pl\/wp-json\/wp\/v2\/media?parent=302570"}],"wp:term":[{"taxonomy":"product_brand","embeddable":true,"href":"https:\/\/my-eliquid.de\/pl\/wp-json\/wp\/v2\/product_brand?post=302570"},{"taxonomy":"product_cat","embeddable":true,"href":"https:\/\/my-eliquid.de\/pl\/wp-json\/wp\/v2\/product_cat?post=302570"},{"taxonomy":"product_tag","embeddable":true,"href":"https:\/\/my-eliquid.de\/pl\/wp-json\/wp\/v2\/product_tag?post=302570"}],"curies":[{"name":"wp","href":"https:\/\/api.w.org\/{rel}","templated":true}]}}