{"id":302573,"date":"2011-12-22T00:00:00","date_gmt":"2011-12-21T23:00:00","guid":{"rendered":"https:\/\/my-eliquid.de\/shop\/karamell-aroma\/"},"modified":"2025-11-25T13:50:46","modified_gmt":"2025-11-25T12:50:46","slug":"karamell-aroma","status":"publish","type":"product","link":"https:\/\/my-eliquid.de\/pl\/shop\/karamell-aroma\/","title":{"rendered":"Smak karmelowy"},"content":{"rendered":"<p>Nasz <strong>Smak karmelowy<\/strong> mit seinem s\u00fcndhaft-s\u00fc\u00dfen <strong>smak karmelowy<\/strong> pochodzi z linii <strong>S\u0142odkie smaki<\/strong>. Authentisches Karamell-Vergn\u00fcgen \u2013 ganz <strong>ohne Kalorien<\/strong>! The <strong>Smak karmelowy<\/strong> jest odpowiedni dla <strong>Aromatyzowanie i produkcja w\u0142asnych p\u0142yn\u00f3w<\/strong> i mo\u017ce <strong>Zmieszane z innymi smakami<\/strong> mo\u017cna dostosowa\u0107 do w\u0142asnych potrzeb. W ten spos\u00f3b mo\u017cna ci\u0105gle tworzy\u0107 nowe, zindywidualizowane p\u0142yny! <strong>aromaty<\/strong> nie mog\u0105 by\u0107 stosowane w postaci nierozcie\u0144czonej i zawsze musz\u0105 by\u0107 <strong>Baza<\/strong> doda\u0107.<\/p>","protected":false},"excerpt":{"rendered":"<p>Goldgelbes Naschvergn\u00fcgen dank des wunderbar s\u00fc\u00dfen <strong>Karamellgeschmacks<\/strong>: Nasz <strong>unwiderstehliches Karamell Aroma<\/strong> l\u00e4sst die Herzen aller Naschkatzen h\u00f6herschlagen!<\/p>","protected":false},"featured_media":319598,"comment_status":"open","ping_status":"closed","template":"","meta":{"_acf_changed":false,"_relevanssi_hide_post":"","_relevanssi_hide_content":"","_relevanssi_pin_for_all":"","_relevanssi_pin_keywords":"","_relevanssi_unpin_keywords":"","_relevanssi_related_keywords":"","_relevanssi_related_include_ids":"","_relevanssi_related_exclude_ids":"","_relevanssi_related_no_append":"","_relevanssi_related_not_related":"","_relevanssi_related_posts":"","_relevanssi_noindex_reason":""},"product_brand":[],"product_cat":[4733,4882,4701,4881,4707],"product_tag":[5012,4919,4915,5166,4917,4914,4918,5011,5004,4920],"class_list":{"0":"post-302573","1":"product","2":"type-product","3":"status-publish","4":"has-post-thumbnail","6":"product_cat-alle-aromen","7":"product_cat-aromen-ohne-sucralose","8":"product_cat-aromen","9":"product_cat-my-eliquid-aromen","10":"product_cat-suesse-aromen-liquid-e-zigarette","11":"product_tag-caramel","12":"product_tag-dampfer","13":"product_tag-e-liquid","14":"product_tag-e-zigarette","15":"product_tag-e-zigi","16":"product_tag-eliquid","17":"product_tag-ezigarette","18":"product_tag-karamell","19":"product_tag-nachfuellfluessigkeit","20":"product_tag-verdampfer","21":"product_shipping_class-standard","23":"first","24":"outofstock","25":"taxable","26":"shipping-taxable","27":"purchasable","28":"product-type-variable"},"acf":[],"_links":{"self":[{"href":"https:\/\/my-eliquid.de\/pl\/wp-json\/wp\/v2\/product\/302573","targetHints":{"allow":["GET"]}}],"collection":[{"href":"https:\/\/my-eliquid.de\/pl\/wp-json\/wp\/v2\/product"}],"about":[{"href":"https:\/\/my-eliquid.de\/pl\/wp-json\/wp\/v2\/types\/product"}],"replies":[{"embeddable":true,"href":"https:\/\/my-eliquid.de\/pl\/wp-json\/wp\/v2\/comments?post=302573"}],"wp:featuredmedia":[{"embeddable":true,"href":"https:\/\/my-eliquid.de\/pl\/wp-json\/wp\/v2\/media\/319598"}],"wp:attachment":[{"href":"https:\/\/my-eliquid.de\/pl\/wp-json\/wp\/v2\/media?parent=302573"}],"wp:term":[{"taxonomy":"product_brand","embeddable":true,"href":"https:\/\/my-eliquid.de\/pl\/wp-json\/wp\/v2\/product_brand?post=302573"},{"taxonomy":"product_cat","embeddable":true,"href":"https:\/\/my-eliquid.de\/pl\/wp-json\/wp\/v2\/product_cat?post=302573"},{"taxonomy":"product_tag","embeddable":true,"href":"https:\/\/my-eliquid.de\/pl\/wp-json\/wp\/v2\/product_tag?post=302573"}],"curies":[{"name":"wp","href":"https:\/\/api.w.org\/{rel}","templated":true}]}}