{"id":302579,"date":"2013-02-24T00:00:00","date_gmt":"2013-02-23T23:00:00","guid":{"rendered":"https:\/\/my-eliquid.de\/shop\/vanilla-tobacco-aroma\/"},"modified":"2026-04-01T12:19:07","modified_gmt":"2026-04-01T10:19:07","slug":"vanilla-tobacco-aroma","status":"publish","type":"product","link":"https:\/\/my-eliquid.de\/pl\/shop\/vanilla-tobacco-aroma\/","title":{"rendered":"Aromat waniliowo-tytoniowy"},"content":{"rendered":"<p>Nasz <strong>Aromat waniliowo-tytoniowy<\/strong> mit seinem \u00e4u\u00dferst sanften <strong>smak tytoniu<\/strong> und der feinen <strong>nutka waniliowa<\/strong> pochodzi z linii <strong>Aromaty tytoniowe<\/strong>. Die einzigartige Vereinigung von <strong>Tabak und Vanille<\/strong> \u2013 ein absoluter Hochgenuss! Das <strong>Aromat waniliowo-tytoniowy<\/strong> nadaje si\u0119 do aromatyzowania i <strong>Produkcja w\u0142asnych p\u0142yn\u00f3w<\/strong> i mog\u0105 by\u0107 \u0142\u0105czone z innymi <strong>Mieszane smaki<\/strong> sta\u0107 si\u0119. W ten spos\u00f3b mo\u017cna wielokrotnie tworzy\u0107 nowe, zindywidualizowane projekty. <strong>p\u0142yny<\/strong>! <strong>aromaty<\/strong> nie mog\u0105 by\u0107 stosowane w postaci nierozcie\u0144czonej i zawsze musz\u0105 by\u0107 <strong>Baza<\/strong> doda\u0107.<\/p>","protected":false},"excerpt":{"rendered":"<p>Pikantno-s\u0142odka wanilia w po\u0142\u0105czeniu z delikatnym, \u0142agodnym smakiem <strong>Smak tytoniu<\/strong>: Nasz <strong>Aromat waniliowo-tytoniowy<\/strong> wydobywa to, co najlepsze z dojrzewaj\u0105cych w s\u0142o\u0144cu <strong>tyto\u0144<\/strong> i wi\u0119cej pyszno\u015bci <strong>wanilia<\/strong>!<\/p>","protected":false},"featured_media":319615,"comment_status":"open","ping_status":"closed","template":"","meta":{"_acf_changed":false,"_relevanssi_hide_post":"","_relevanssi_hide_content":"","_relevanssi_pin_for_all":"","_relevanssi_pin_keywords":"","_relevanssi_unpin_keywords":"","_relevanssi_related_keywords":"","_relevanssi_related_include_ids":"","_relevanssi_related_exclude_ids":"","_relevanssi_related_no_append":"","_relevanssi_related_not_related":"","_relevanssi_related_posts":"","_relevanssi_noindex_reason":""},"product_brand":[],"product_cat":[4733,4882,4701,4881,4703],"product_tag":[4919,4915,5166,4917,4914,4918,5004,6897,6059,4920],"class_list":{"0":"post-302579","1":"product","2":"type-product","3":"status-publish","4":"has-post-thumbnail","6":"product_cat-alle-aromen","7":"product_cat-aromen-ohne-sucralose","8":"product_cat-aromen","9":"product_cat-my-eliquid-aromen","10":"product_cat-tabak-aromen-liquid-e-zigarette","11":"product_tag-dampfer","12":"product_tag-e-liquid","13":"product_tag-e-zigarette","14":"product_tag-e-zigi","15":"product_tag-eliquid","16":"product_tag-ezigarette","17":"product_tag-nachfuellfluessigkeit","18":"product_tag-tobacco","19":"product_tag-vanilla","20":"product_tag-verdampfer","21":"product_shipping_class-standard","23":"first","24":"instock","25":"taxable","26":"shipping-taxable","27":"purchasable","28":"product-type-variable"},"acf":[],"_links":{"self":[{"href":"https:\/\/my-eliquid.de\/pl\/wp-json\/wp\/v2\/product\/302579","targetHints":{"allow":["GET"]}}],"collection":[{"href":"https:\/\/my-eliquid.de\/pl\/wp-json\/wp\/v2\/product"}],"about":[{"href":"https:\/\/my-eliquid.de\/pl\/wp-json\/wp\/v2\/types\/product"}],"replies":[{"embeddable":true,"href":"https:\/\/my-eliquid.de\/pl\/wp-json\/wp\/v2\/comments?post=302579"}],"wp:featuredmedia":[{"embeddable":true,"href":"https:\/\/my-eliquid.de\/pl\/wp-json\/wp\/v2\/media\/319615"}],"wp:attachment":[{"href":"https:\/\/my-eliquid.de\/pl\/wp-json\/wp\/v2\/media?parent=302579"}],"wp:term":[{"taxonomy":"product_brand","embeddable":true,"href":"https:\/\/my-eliquid.de\/pl\/wp-json\/wp\/v2\/product_brand?post=302579"},{"taxonomy":"product_cat","embeddable":true,"href":"https:\/\/my-eliquid.de\/pl\/wp-json\/wp\/v2\/product_cat?post=302579"},{"taxonomy":"product_tag","embeddable":true,"href":"https:\/\/my-eliquid.de\/pl\/wp-json\/wp\/v2\/product_tag?post=302579"}],"curies":[{"name":"wp","href":"https:\/\/api.w.org\/{rel}","templated":true}]}}