{"id":302584,"date":"2012-10-21T00:00:00","date_gmt":"2012-10-20T22:00:00","guid":{"rendered":"https:\/\/my-eliquid.de\/shop\/eierpunsch-aroma\/"},"modified":"2025-12-23T12:55:40","modified_gmt":"2025-12-23T11:55:40","slug":"eierpunsch-aroma","status":"publish","type":"product","link":"https:\/\/my-eliquid.de\/pl\/shop\/eierpunsch-aroma\/","title":{"rendered":"Smak ajerkoniaku"},"content":{"rendered":"<p>Nasz <strong>Smak ajerkoniaku<\/strong> mit seinem cremigen, wunderbar s\u00fc\u00dfen <strong>Eierpunschgeschmack<\/strong> pochodzi z linii <strong>Specjalne aromaty<\/strong>. Das cremig-weihnachtliche Naschvergn\u00fcgen \u2013 Schmeckt im Sommer und Winter! Das <strong>Smak ajerkoniaku<\/strong> jest odpowiedni dla <strong>Aromatyzowanie i produkcja w\u0142asnych p\u0142yn\u00f3w<\/strong> i mo\u017ce <strong>Zmieszane z innymi smakami<\/strong> mo\u017cna dostosowa\u0107 do w\u0142asnych potrzeb. W ten spos\u00f3b mo\u017cna ci\u0105gle tworzy\u0107 nowe, zindywidualizowane p\u0142yny! <strong>aromaty<\/strong> nie mog\u0105 by\u0107 stosowane w postaci nierozcie\u0144czonej i zawsze musz\u0105 by\u0107 <strong>Baza<\/strong> doda\u0107.<\/p>","protected":false},"excerpt":{"rendered":"<p>Je\u015bli lubisz s\u0142odycze i sezon \u015bwi\u0105teczny, nie b\u0119dziesz chcia\u0142 przegapi\u0107 naszego <strong>Smak ajerkoniaku<\/strong> Kremowo-s\u0142odka pokusa z delikatn\u0105, aromatyczn\u0105 nut\u0105 alkoholu!<\/p>","protected":false},"featured_media":319652,"comment_status":"open","ping_status":"closed","template":"","meta":{"_acf_changed":false,"_relevanssi_hide_post":"","_relevanssi_hide_content":"","_relevanssi_pin_for_all":"","_relevanssi_pin_keywords":"","_relevanssi_unpin_keywords":"","_relevanssi_related_keywords":"","_relevanssi_related_include_ids":"","_relevanssi_related_exclude_ids":"","_relevanssi_related_no_append":"","_relevanssi_related_not_related":"","_relevanssi_related_posts":"","_relevanssi_noindex_reason":""},"product_brand":[],"product_cat":[4733,4882,4701,4881,4712],"product_tag":[4919,4915,5166,4917,5147,5146,6818,4918,5004,4920,6819],"class_list":{"0":"post-302584","1":"product","2":"type-product","3":"status-publish","4":"has-post-thumbnail","6":"product_cat-alle-aromen","7":"product_cat-aromen-ohne-sucralose","8":"product_cat-aromen","9":"product_cat-my-eliquid-aromen","10":"product_cat-special-aromen-liquid-e-zigarette","11":"product_tag-dampfer","12":"product_tag-e-liquid","13":"product_tag-e-zigarette","14":"product_tag-e-zigi","15":"product_tag-eierlikoer","16":"product_tag-eierpunsch","17":"product_tag-elektrische","18":"product_tag-ezigarette","19":"product_tag-nachfuellfluessigkeit","20":"product_tag-verdampfer","21":"product_tag-zigarette","22":"product_shipping_class-standard","24":"first","25":"instock","26":"taxable","27":"shipping-taxable","28":"purchasable","29":"product-type-variable"},"acf":[],"_links":{"self":[{"href":"https:\/\/my-eliquid.de\/pl\/wp-json\/wp\/v2\/product\/302584","targetHints":{"allow":["GET"]}}],"collection":[{"href":"https:\/\/my-eliquid.de\/pl\/wp-json\/wp\/v2\/product"}],"about":[{"href":"https:\/\/my-eliquid.de\/pl\/wp-json\/wp\/v2\/types\/product"}],"replies":[{"embeddable":true,"href":"https:\/\/my-eliquid.de\/pl\/wp-json\/wp\/v2\/comments?post=302584"}],"wp:featuredmedia":[{"embeddable":true,"href":"https:\/\/my-eliquid.de\/pl\/wp-json\/wp\/v2\/media\/319652"}],"wp:attachment":[{"href":"https:\/\/my-eliquid.de\/pl\/wp-json\/wp\/v2\/media?parent=302584"}],"wp:term":[{"taxonomy":"product_brand","embeddable":true,"href":"https:\/\/my-eliquid.de\/pl\/wp-json\/wp\/v2\/product_brand?post=302584"},{"taxonomy":"product_cat","embeddable":true,"href":"https:\/\/my-eliquid.de\/pl\/wp-json\/wp\/v2\/product_cat?post=302584"},{"taxonomy":"product_tag","embeddable":true,"href":"https:\/\/my-eliquid.de\/pl\/wp-json\/wp\/v2\/product_tag?post=302584"}],"curies":[{"name":"wp","href":"https:\/\/api.w.org\/{rel}","templated":true}]}}