{"id":302586,"date":"2014-09-08T00:00:00","date_gmt":"2014-09-07T22:00:00","guid":{"rendered":"https:\/\/my-eliquid.de\/shop\/tropical-heat-aroma\/"},"modified":"2026-04-21T08:42:30","modified_gmt":"2026-04-21T06:42:30","slug":"tropical-heat-aroma","status":"publish","type":"product","link":"https:\/\/my-eliquid.de\/pl\/shop\/tropical-heat-aroma\/","title":{"rendered":"Aromat tropikalnego serca"},"content":{"rendered":"<p>Nasz <strong>Aromat tropikalnego serca<\/strong> mit seinem <strong>Mix aus tropischen Fr\u00fcchten und leckerem Rum<\/strong> pochodzi z linii <strong>Napoje Aromaty<\/strong>. Fruchtig, s\u00fc\u00df und frisch \u2013 das exotisch-tropische Geschmacksvergn\u00fcgen! Das <strong>Aromat tropikalnego serca<\/strong> nadaje si\u0119 do aromatyzowania i <strong>Produkcja w\u0142asnych p\u0142yn\u00f3w<\/strong> i mog\u0105 by\u0107 \u0142\u0105czone z innymi <strong>smaki s\u0105 mieszane<\/strong>. Pozwala to na tworzenie nowych, zindywidualizowanych p\u0142yn\u00f3w raz za razem! <strong>aromaty<\/strong> nie mog\u0105 by\u0107 stosowane w postaci nierozcie\u0144czonej i zawsze musz\u0105 by\u0107 <strong>Baza<\/strong> doda\u0107.<\/p>","protected":false},"excerpt":{"rendered":"<p>Mieszanka owoc\u00f3w tropikalnych \u0142\u0105czy <strong>Karaibski rum<\/strong>W naszym <strong>Aromat tropikalnego serca<\/strong> w <strong>S\u0142odki smak wielu owoc\u00f3w<\/strong> z aromatycznego <strong>Nuta rumu<\/strong> wyrafinowany!<\/p>","protected":false},"featured_media":319654,"comment_status":"open","ping_status":"closed","template":"","meta":{"_acf_changed":false,"_relevanssi_hide_post":"","_relevanssi_hide_content":"","_relevanssi_pin_for_all":"","_relevanssi_pin_keywords":"","_relevanssi_unpin_keywords":"","_relevanssi_related_keywords":"","_relevanssi_related_include_ids":"","_relevanssi_related_exclude_ids":"","_relevanssi_related_no_append":"","_relevanssi_related_not_related":"","_relevanssi_related_posts":"","_relevanssi_noindex_reason":""},"product_brand":[],"product_cat":[4733,4882,4701,4702,4881],"product_tag":[1399,5253,4914,7218,6928],"class_list":{"0":"post-302586","1":"product","2":"type-product","3":"status-publish","4":"has-post-thumbnail","6":"product_cat-alle-aromen","7":"product_cat-aromen-ohne-sucralose","8":"product_cat-aromen","9":"product_cat-drinks-aromen-liquid-e-zigarette","10":"product_cat-my-eliquid-aromen","11":"product_tag-aroma","12":"product_tag-drinks","13":"product_tag-eliquid","14":"product_tag-heat","15":"product_tag-tropical","16":"product_shipping_class-standard","18":"first","19":"instock","20":"taxable","21":"shipping-taxable","22":"purchasable","23":"product-type-variable"},"acf":[],"_links":{"self":[{"href":"https:\/\/my-eliquid.de\/pl\/wp-json\/wp\/v2\/product\/302586","targetHints":{"allow":["GET"]}}],"collection":[{"href":"https:\/\/my-eliquid.de\/pl\/wp-json\/wp\/v2\/product"}],"about":[{"href":"https:\/\/my-eliquid.de\/pl\/wp-json\/wp\/v2\/types\/product"}],"replies":[{"embeddable":true,"href":"https:\/\/my-eliquid.de\/pl\/wp-json\/wp\/v2\/comments?post=302586"}],"wp:featuredmedia":[{"embeddable":true,"href":"https:\/\/my-eliquid.de\/pl\/wp-json\/wp\/v2\/media\/319654"}],"wp:attachment":[{"href":"https:\/\/my-eliquid.de\/pl\/wp-json\/wp\/v2\/media?parent=302586"}],"wp:term":[{"taxonomy":"product_brand","embeddable":true,"href":"https:\/\/my-eliquid.de\/pl\/wp-json\/wp\/v2\/product_brand?post=302586"},{"taxonomy":"product_cat","embeddable":true,"href":"https:\/\/my-eliquid.de\/pl\/wp-json\/wp\/v2\/product_cat?post=302586"},{"taxonomy":"product_tag","embeddable":true,"href":"https:\/\/my-eliquid.de\/pl\/wp-json\/wp\/v2\/product_tag?post=302586"}],"curies":[{"name":"wp","href":"https:\/\/api.w.org\/{rel}","templated":true}]}}