{"id":302598,"date":"2012-02-21T00:00:00","date_gmt":"2012-02-20T23:00:00","guid":{"rendered":"https:\/\/my-eliquid.de\/shop\/eisbonbon-aroma\/"},"modified":"2026-02-12T14:00:29","modified_gmt":"2026-02-12T13:00:29","slug":"eisbonbon-aroma","status":"publish","type":"product","link":"https:\/\/my-eliquid.de\/pl\/shop\/eisbonbon-aroma\/","title":{"rendered":"Aromat cukierk\u00f3w lodowych"},"content":{"rendered":"<p>Nasz <strong>Aromat cukierk\u00f3w lodowych<\/strong> mit seinem erfrischenden, eisig-k\u00fchlen <strong>Bonbongeschmack<\/strong> pochodzi z linii <strong>S\u0142odkie smaki<\/strong>. Die unvergessliche Bonbon-Erfrischung \u2013 einfach nur wunderbar! Das <strong>Aromat cukierk\u00f3w lodowych<\/strong> jest odpowiedni dla <strong>Aromatyzowanie i produkcja w\u0142asnych p\u0142yn\u00f3w<\/strong> i mo\u017ce <strong>Zmieszane z innymi smakami<\/strong> mo\u017cna dostosowa\u0107 do w\u0142asnych potrzeb. W ten spos\u00f3b mo\u017cna ci\u0105gle tworzy\u0107 nowe, zindywidualizowane p\u0142yny! <strong>aromaty<\/strong> nie mog\u0105 by\u0107 stosowane w postaci nierozcie\u0144czonej i zawsze musz\u0105 by\u0107 <strong>Baza<\/strong> doda\u0107.<\/p>\n<p><span style=\"color: #ff0000;\"><b>Kann Gummidichtung angreifen (bsp. SMOK Baby Beast)<\/b><\/span><\/p>","protected":false},"excerpt":{"rendered":"<p>Lodowaty ch\u0142\u00f3d lodowcowego lodu zapewnia nieodpart\u0105 \u015bwie\u017co\u015b\u0107: nasz <strong>Aromat cukierk\u00f3w lodowych<\/strong> orze\u017awia, ch\u0142odzi i dobrze smakuje - musisz spr\u00f3bowa\u0107!<\/p>","protected":false},"featured_media":319768,"comment_status":"open","ping_status":"closed","template":"","meta":{"_acf_changed":false,"_relevanssi_hide_post":"","_relevanssi_hide_content":"","_relevanssi_pin_for_all":"","_relevanssi_pin_keywords":"","_relevanssi_unpin_keywords":"","_relevanssi_related_keywords":"","_relevanssi_related_include_ids":"","_relevanssi_related_exclude_ids":"","_relevanssi_related_no_append":"","_relevanssi_related_not_related":"","_relevanssi_related_posts":"","_relevanssi_noindex_reason":""},"product_brand":[],"product_cat":[4733,4882,4701,4881,4707],"product_tag":[1399,4919,4915,5166,4917,5074,4914,4918,5004,5057,4920],"class_list":{"0":"post-302598","1":"product","2":"type-product","3":"status-publish","4":"has-post-thumbnail","6":"product_cat-alle-aromen","7":"product_cat-aromen-ohne-sucralose","8":"product_cat-aromen","9":"product_cat-my-eliquid-aromen","10":"product_cat-suesse-aromen-liquid-e-zigarette","11":"product_tag-aroma","12":"product_tag-dampfer","13":"product_tag-e-liquid","14":"product_tag-e-zigarette","15":"product_tag-e-zigi","16":"product_tag-eisbonbon","17":"product_tag-eliquid","18":"product_tag-ezigarette","19":"product_tag-nachfuellfluessigkeit","20":"product_tag-pomegranate","21":"product_tag-verdampfer","22":"product_shipping_class-standard","24":"first","25":"instock","26":"taxable","27":"shipping-taxable","28":"purchasable","29":"product-type-variable"},"acf":[],"_links":{"self":[{"href":"https:\/\/my-eliquid.de\/pl\/wp-json\/wp\/v2\/product\/302598","targetHints":{"allow":["GET"]}}],"collection":[{"href":"https:\/\/my-eliquid.de\/pl\/wp-json\/wp\/v2\/product"}],"about":[{"href":"https:\/\/my-eliquid.de\/pl\/wp-json\/wp\/v2\/types\/product"}],"replies":[{"embeddable":true,"href":"https:\/\/my-eliquid.de\/pl\/wp-json\/wp\/v2\/comments?post=302598"}],"wp:featuredmedia":[{"embeddable":true,"href":"https:\/\/my-eliquid.de\/pl\/wp-json\/wp\/v2\/media\/319768"}],"wp:attachment":[{"href":"https:\/\/my-eliquid.de\/pl\/wp-json\/wp\/v2\/media?parent=302598"}],"wp:term":[{"taxonomy":"product_brand","embeddable":true,"href":"https:\/\/my-eliquid.de\/pl\/wp-json\/wp\/v2\/product_brand?post=302598"},{"taxonomy":"product_cat","embeddable":true,"href":"https:\/\/my-eliquid.de\/pl\/wp-json\/wp\/v2\/product_cat?post=302598"},{"taxonomy":"product_tag","embeddable":true,"href":"https:\/\/my-eliquid.de\/pl\/wp-json\/wp\/v2\/product_tag?post=302598"}],"curies":[{"name":"wp","href":"https:\/\/api.w.org\/{rel}","templated":true}]}}