{"id":302605,"date":"2017-09-06T00:00:00","date_gmt":"2017-09-05T22:00:00","guid":{"rendered":"https:\/\/my-eliquid.de\/shop\/panettone-aroma\/"},"modified":"2025-12-16T08:12:49","modified_gmt":"2025-12-16T07:12:49","slug":"panettone-aroma","status":"publish","type":"product","link":"https:\/\/my-eliquid.de\/pl\/shop\/panettone-aroma\/","title":{"rendered":"Aromat panettone"},"content":{"rendered":"<p>Nasz <strong>Aromat panettone<\/strong> z jego tradycyjnym <strong>Smak ciasta<\/strong> pochodzi z linii <strong>s\u0142odkie smaki<\/strong>. Ten w\u0142oski przysmak jest w sam raz na Bo\u017ce Narodzenie i jest dost\u0119pny u nas przez ca\u0142y rok. The <strong>Aromat panettone<\/strong> nadaje si\u0119 do aromatyzowania i <strong>Produkcja w\u0142asnych p\u0142yn\u00f3w<\/strong> i mo\u017cna go miesza\u0107 z innymi aromatami. W ten spos\u00f3b mo\u017cna tworzy\u0107 coraz to nowe, indywidualne p\u0142yny! <strong>aromaty<\/strong> nie mog\u0105 by\u0107 stosowane w postaci nierozcie\u0144czonej i zawsze musz\u0105 by\u0107 <strong>Baza<\/strong> doda\u0107.<br \/>\n<strong>Przed u\u017cyciem nale\u017cy wstrz\u0105sn\u0105\u0107 p\u0142ynem, poniewa\u017c smak osiada.<\/strong><\/p>","protected":false},"excerpt":{"rendered":"<p>Kto nie zna w\u0142oskiego <strong>Specjalno\u015b\u0107 cukiernicza na okres przed\u015bwi\u0105teczny z kandyzowanymi owocami? Ca\u0142kowicie<\/strong> bez kalorii jest teraz naszym <strong>Aromat panettone<\/strong> dost\u0119pne.<\/p>","protected":false},"featured_media":319811,"comment_status":"open","ping_status":"closed","template":"","meta":{"_acf_changed":false,"_relevanssi_hide_post":"","_relevanssi_hide_content":"","_relevanssi_pin_for_all":"","_relevanssi_pin_keywords":"","_relevanssi_unpin_keywords":"","_relevanssi_related_keywords":"","_relevanssi_related_include_ids":"","_relevanssi_related_exclude_ids":"","_relevanssi_related_no_append":"","_relevanssi_related_not_related":"","_relevanssi_related_posts":"","_relevanssi_noindex_reason":""},"product_brand":[],"product_cat":[4733,4882,4701,4881,4712,4707],"product_tag":[6716,1399,6847,6730,6712,5805,5792,7422,5226,6584],"class_list":{"0":"post-302605","1":"product","2":"type-product","3":"status-publish","4":"has-post-thumbnail","6":"product_cat-alle-aromen","7":"product_cat-aromen-ohne-sucralose","8":"product_cat-aromen","9":"product_cat-my-eliquid-aromen","10":"product_cat-special-aromen-liquid-e-zigarette","11":"product_cat-suesse-aromen-liquid-e-zigarette","12":"product_tag-alle","13":"product_tag-aroma","14":"product_tag-aromen","15":"product_tag-eliquids","16":"product_tag-fuer","17":"product_tag-liquid","18":"product_tag-liquids","19":"product_tag-panettone","20":"product_tag-special","21":"product_tag-suesse","22":"product_shipping_class-standard","24":"first","25":"instock","26":"taxable","27":"shipping-taxable","28":"purchasable","29":"product-type-variable"},"acf":[],"_links":{"self":[{"href":"https:\/\/my-eliquid.de\/pl\/wp-json\/wp\/v2\/product\/302605","targetHints":{"allow":["GET"]}}],"collection":[{"href":"https:\/\/my-eliquid.de\/pl\/wp-json\/wp\/v2\/product"}],"about":[{"href":"https:\/\/my-eliquid.de\/pl\/wp-json\/wp\/v2\/types\/product"}],"replies":[{"embeddable":true,"href":"https:\/\/my-eliquid.de\/pl\/wp-json\/wp\/v2\/comments?post=302605"}],"wp:featuredmedia":[{"embeddable":true,"href":"https:\/\/my-eliquid.de\/pl\/wp-json\/wp\/v2\/media\/319811"}],"wp:attachment":[{"href":"https:\/\/my-eliquid.de\/pl\/wp-json\/wp\/v2\/media?parent=302605"}],"wp:term":[{"taxonomy":"product_brand","embeddable":true,"href":"https:\/\/my-eliquid.de\/pl\/wp-json\/wp\/v2\/product_brand?post=302605"},{"taxonomy":"product_cat","embeddable":true,"href":"https:\/\/my-eliquid.de\/pl\/wp-json\/wp\/v2\/product_cat?post=302605"},{"taxonomy":"product_tag","embeddable":true,"href":"https:\/\/my-eliquid.de\/pl\/wp-json\/wp\/v2\/product_tag?post=302605"}],"curies":[{"name":"wp","href":"https:\/\/api.w.org\/{rel}","templated":true}]}}