{"id":302608,"date":"2012-12-12T00:00:00","date_gmt":"2012-12-11T23:00:00","guid":{"rendered":"https:\/\/my-eliquid.de\/shop\/marzipan-aroma\/"},"modified":"2025-11-25T13:51:02","modified_gmt":"2025-11-25T12:51:02","slug":"marzipan-aroma","status":"publish","type":"product","link":"https:\/\/my-eliquid.de\/pl\/shop\/marzipan-aroma\/","title":{"rendered":"Smak marcepanu"},"content":{"rendered":"<p>Nasz <strong>Smak marcepanu<\/strong> mit seinem lieblich-s\u00fc\u00dfen <strong>Marzipangeschmack<\/strong> pochodzi z linii <strong>S\u0142odkie smaki<\/strong>. Dieses s\u00fc\u00dfe, vollmundige Naschvergn\u00fcgen l\u00e4sst keinen Wunsch offen! Das <strong>Smak marcepanu<\/strong> jest odpowiedni dla <strong>Aromatyzowanie i produkcja w\u0142asnych p\u0142yn\u00f3w<\/strong> i mo\u017ce <strong>Zmieszane z innymi smakami<\/strong> mo\u017cna dostosowa\u0107 do w\u0142asnych potrzeb. W ten spos\u00f3b mo\u017cna ci\u0105gle tworzy\u0107 nowe, zindywidualizowane p\u0142yny! <strong>aromaty<\/strong> nie mog\u0105 by\u0107 stosowane w postaci nierozcie\u0144czonej i zawsze musz\u0105 by\u0107 <strong>Baza<\/strong> doda\u0107.<\/p>","protected":false},"excerpt":{"rendered":"<p>Der Geschmack der k\u00f6stlich-s\u00fc\u00dfen Versuchung aus <strong>gemahlenen Mandeln<\/strong> und feinem Zucker gl\u00e4nzt in unserem <strong>Smak marcepanu<\/strong> \u2013 unser einzigartiger S\u00fc\u00dfigkeiten-Traum!<\/p>","protected":false},"featured_media":319831,"comment_status":"open","ping_status":"closed","template":"","meta":{"_acf_changed":false,"_relevanssi_hide_post":"","_relevanssi_hide_content":"","_relevanssi_pin_for_all":"","_relevanssi_pin_keywords":"","_relevanssi_unpin_keywords":"","_relevanssi_related_keywords":"","_relevanssi_related_include_ids":"","_relevanssi_related_exclude_ids":"","_relevanssi_related_no_append":"","_relevanssi_related_not_related":"","_relevanssi_related_posts":"","_relevanssi_noindex_reason":""},"product_brand":[],"product_cat":[4733,4882,4701,4881,4707],"product_tag":[4919,4915,5166,4917,6818,4918,5157,5004,4920,6819],"class_list":{"0":"post-302608","1":"product","2":"type-product","3":"status-publish","4":"has-post-thumbnail","6":"product_cat-alle-aromen","7":"product_cat-aromen-ohne-sucralose","8":"product_cat-aromen","9":"product_cat-my-eliquid-aromen","10":"product_cat-suesse-aromen-liquid-e-zigarette","11":"product_tag-dampfer","12":"product_tag-e-liquid","13":"product_tag-e-zigarette","14":"product_tag-e-zigi","15":"product_tag-elektrische","16":"product_tag-ezigarette","17":"product_tag-marzipan","18":"product_tag-nachfuellfluessigkeit","19":"product_tag-verdampfer","20":"product_tag-zigarette","21":"product_shipping_class-standard","23":"first","24":"outofstock","25":"taxable","26":"shipping-taxable","27":"purchasable","28":"product-type-variable"},"acf":[],"_links":{"self":[{"href":"https:\/\/my-eliquid.de\/pl\/wp-json\/wp\/v2\/product\/302608","targetHints":{"allow":["GET"]}}],"collection":[{"href":"https:\/\/my-eliquid.de\/pl\/wp-json\/wp\/v2\/product"}],"about":[{"href":"https:\/\/my-eliquid.de\/pl\/wp-json\/wp\/v2\/types\/product"}],"replies":[{"embeddable":true,"href":"https:\/\/my-eliquid.de\/pl\/wp-json\/wp\/v2\/comments?post=302608"}],"wp:featuredmedia":[{"embeddable":true,"href":"https:\/\/my-eliquid.de\/pl\/wp-json\/wp\/v2\/media\/319831"}],"wp:attachment":[{"href":"https:\/\/my-eliquid.de\/pl\/wp-json\/wp\/v2\/media?parent=302608"}],"wp:term":[{"taxonomy":"product_brand","embeddable":true,"href":"https:\/\/my-eliquid.de\/pl\/wp-json\/wp\/v2\/product_brand?post=302608"},{"taxonomy":"product_cat","embeddable":true,"href":"https:\/\/my-eliquid.de\/pl\/wp-json\/wp\/v2\/product_cat?post=302608"},{"taxonomy":"product_tag","embeddable":true,"href":"https:\/\/my-eliquid.de\/pl\/wp-json\/wp\/v2\/product_tag?post=302608"}],"curies":[{"name":"wp","href":"https:\/\/api.w.org\/{rel}","templated":true}]}}