{"id":302613,"date":"2017-09-06T00:00:00","date_gmt":"2017-09-05T22:00:00","guid":{"rendered":"https:\/\/my-eliquid.de\/shop\/kokosnuss-aroma\/"},"modified":"2026-04-10T09:10:30","modified_gmt":"2026-04-10T07:10:30","slug":"kokosnuss-aroma","status":"publish","type":"product","link":"https:\/\/my-eliquid.de\/pl\/shop\/kokosnuss-aroma\/","title":{"rendered":"Aromat kokosowy"},"content":{"rendered":"<p>Nasz <strong>Aromat kokosowy<\/strong> mit seinem himmlischen Urlaubsgeschmack stammt aus der Linie der <strong>Smaki orzechowe<\/strong>. Ob alleine oder gemischt; dieser tropische Klassiker darf in der Sammlung nicht fehlen. Das <strong>Aromat kokosowy<\/strong> nadaje si\u0119 do aromatyzowania i <strong>Produkcja w\u0142asnych p\u0142yn\u00f3w<\/strong> i mo\u017cna go miesza\u0107 z innymi aromatami. W ten spos\u00f3b mo\u017cna tworzy\u0107 coraz to nowe, indywidualne p\u0142yny! <strong>aromaty<\/strong> nie mog\u0105 by\u0107 stosowane w postaci nierozcie\u0144czonej i zawsze musz\u0105 by\u0107 <strong>Baza<\/strong> doda\u0107.<\/p>","protected":false},"excerpt":{"rendered":"<p>Dzi\u0119ki naszej egzotycznej <strong>Aromat kokosowy<\/strong> mo\u017cna szybko pomarzy\u0107 o bia\u0142ych, samotnych piaszczystych pla\u017cach. Nasza rada: ten aromat doskonale nadaje si\u0119 do <strong>Mieszanie<\/strong>!<\/p>","protected":false},"featured_media":319863,"comment_status":"open","ping_status":"closed","template":"","meta":{"_acf_changed":false,"_relevanssi_hide_post":"","_relevanssi_hide_content":"","_relevanssi_pin_for_all":"","_relevanssi_pin_keywords":"","_relevanssi_unpin_keywords":"","_relevanssi_related_keywords":"","_relevanssi_related_include_ids":"","_relevanssi_related_exclude_ids":"","_relevanssi_related_no_append":"","_relevanssi_related_not_related":"","_relevanssi_related_posts":"","_relevanssi_noindex_reason":""},"product_brand":[],"product_cat":[4733,4882,4701,4881,4710],"product_tag":[6716,1399,6847,6730,6712,5019,5805,5792,6850],"class_list":{"0":"post-302613","1":"product","2":"type-product","3":"status-publish","4":"has-post-thumbnail","6":"product_cat-alle-aromen","7":"product_cat-aromen-ohne-sucralose","8":"product_cat-aromen","9":"product_cat-my-eliquid-aromen","10":"product_cat-nussige-aromen-liquid-e-zigarette","11":"product_tag-alle","12":"product_tag-aroma","13":"product_tag-aromen","14":"product_tag-eliquids","15":"product_tag-fuer","16":"product_tag-kokosnuss","17":"product_tag-liquid","18":"product_tag-liquids","19":"product_tag-nussige","20":"product_shipping_class-standard","22":"first","23":"instock","24":"taxable","25":"shipping-taxable","26":"purchasable","27":"product-type-variable"},"acf":[],"_links":{"self":[{"href":"https:\/\/my-eliquid.de\/pl\/wp-json\/wp\/v2\/product\/302613","targetHints":{"allow":["GET"]}}],"collection":[{"href":"https:\/\/my-eliquid.de\/pl\/wp-json\/wp\/v2\/product"}],"about":[{"href":"https:\/\/my-eliquid.de\/pl\/wp-json\/wp\/v2\/types\/product"}],"replies":[{"embeddable":true,"href":"https:\/\/my-eliquid.de\/pl\/wp-json\/wp\/v2\/comments?post=302613"}],"wp:featuredmedia":[{"embeddable":true,"href":"https:\/\/my-eliquid.de\/pl\/wp-json\/wp\/v2\/media\/319863"}],"wp:attachment":[{"href":"https:\/\/my-eliquid.de\/pl\/wp-json\/wp\/v2\/media?parent=302613"}],"wp:term":[{"taxonomy":"product_brand","embeddable":true,"href":"https:\/\/my-eliquid.de\/pl\/wp-json\/wp\/v2\/product_brand?post=302613"},{"taxonomy":"product_cat","embeddable":true,"href":"https:\/\/my-eliquid.de\/pl\/wp-json\/wp\/v2\/product_cat?post=302613"},{"taxonomy":"product_tag","embeddable":true,"href":"https:\/\/my-eliquid.de\/pl\/wp-json\/wp\/v2\/product_tag?post=302613"}],"curies":[{"name":"wp","href":"https:\/\/api.w.org\/{rel}","templated":true}]}}