{"id":303149,"date":"2011-10-18T00:00:00","date_gmt":"2011-10-17T22:00:00","guid":{"rendered":"https:\/\/my-eliquid.de\/shop\/apfel-menthol-liquid\/"},"modified":"2026-02-24T15:58:37","modified_gmt":"2026-02-24T14:58:37","slug":"apfel-menthol-liquid","status":"publish","type":"product","link":"https:\/\/my-eliquid.de\/pl\/shop\/apfel-menthol-liquid\/","title":{"rendered":"Apple Menthol Liquid"},"content":{"rendered":"<p>Nasz <strong>Apple Menthol Liquid<\/strong> vermischt <strong>authentischen Apfel Geschmack<\/strong> mit erfrischendem Menthol Aroma und stammt aus der Linie der <strong>P\u0142yny mentolowe<\/strong>. K\u00fchle <strong>Mentholnote<\/strong> trifft auf herb k\u00f6stliches Apfelaroma \u2013 Die Frische, die schmeckt! All unsere Fl\u00fcssigkeiten werden bei uns vor Ort produziert und entsprechen h\u00f6chsten Sicherheitsstandards. Das <strong>Apple Menthol Liquid<\/strong> nie zawiera nikotyny i jest dost\u0119pny w r\u00f3\u017cnych <strong>Moc nikotyny<\/strong> dost\u0119pne. Aby uzyska\u0107 d\u0142ugotrwa\u0142y rozw\u00f3j smaku, zalecamy u\u017cycie <strong>e-liquid<\/strong> Przechowywa\u0107 z dala od \u015bwiat\u0142a i w suchym miejscu.<\/p>","protected":false},"excerpt":{"rendered":"<p>Pe\u0142ny smak, cierpki <strong>Smak jab\u0142kowy<\/strong> i pyszna, ch\u0142odna bryza <strong>mentol<\/strong>: Nasz <strong>Apple Menthol Liquid<\/strong> \u0142\u0105czy w sobie owocowy smak i lodowaty <strong>Mentolowa \u015bwie\u017co\u015b\u0107<\/strong>.<\/p>","protected":false},"featured_media":319428,"comment_status":"open","ping_status":"closed","template":"","meta":{"_acf_changed":false,"_relevanssi_hide_post":"","_relevanssi_hide_content":"","_relevanssi_pin_for_all":"","_relevanssi_pin_keywords":"","_relevanssi_unpin_keywords":"","_relevanssi_related_keywords":"","_relevanssi_related_include_ids":"","_relevanssi_related_exclude_ids":"","_relevanssi_related_no_append":"","_relevanssi_related_not_related":"","_relevanssi_related_posts":"","_relevanssi_noindex_reason":""},"product_brand":[],"product_cat":[4731,4880,4694,4842],"product_tag":[4955,4914,4956,4925],"class_list":{"0":"post-303149","1":"product","2":"type-product","3":"status-publish","4":"has-post-thumbnail","6":"product_cat-alle-liquids-fur-e-zigaretten","7":"product_cat-liquids-ohne-sucralose","8":"product_cat-menthol-liquids-e-zigarette","9":"product_cat-my-eliquid-liquids","10":"product_tag-apfel","11":"product_tag-eliquid","12":"product_tag-menthol","13":"product_tag-minze","14":"product_shipping_class-standard","16":"first","17":"instock","18":"taxable","19":"shipping-taxable","20":"purchasable","21":"product-type-variable"},"acf":[],"_links":{"self":[{"href":"https:\/\/my-eliquid.de\/pl\/wp-json\/wp\/v2\/product\/303149","targetHints":{"allow":["GET"]}}],"collection":[{"href":"https:\/\/my-eliquid.de\/pl\/wp-json\/wp\/v2\/product"}],"about":[{"href":"https:\/\/my-eliquid.de\/pl\/wp-json\/wp\/v2\/types\/product"}],"replies":[{"embeddable":true,"href":"https:\/\/my-eliquid.de\/pl\/wp-json\/wp\/v2\/comments?post=303149"}],"wp:featuredmedia":[{"embeddable":true,"href":"https:\/\/my-eliquid.de\/pl\/wp-json\/wp\/v2\/media\/319428"}],"wp:attachment":[{"href":"https:\/\/my-eliquid.de\/pl\/wp-json\/wp\/v2\/media?parent=303149"}],"wp:term":[{"taxonomy":"product_brand","embeddable":true,"href":"https:\/\/my-eliquid.de\/pl\/wp-json\/wp\/v2\/product_brand?post=303149"},{"taxonomy":"product_cat","embeddable":true,"href":"https:\/\/my-eliquid.de\/pl\/wp-json\/wp\/v2\/product_cat?post=303149"},{"taxonomy":"product_tag","embeddable":true,"href":"https:\/\/my-eliquid.de\/pl\/wp-json\/wp\/v2\/product_tag?post=303149"}],"curies":[{"name":"wp","href":"https:\/\/api.w.org\/{rel}","templated":true}]}}