{"id":303161,"date":"2017-09-05T00:00:00","date_gmt":"2017-09-04T22:00:00","guid":{"rendered":"https:\/\/my-eliquid.de\/shop\/spearmint-liquid\/"},"modified":"2026-04-08T09:43:30","modified_gmt":"2026-04-08T07:43:30","slug":"spearmint-liquid","status":"publish","type":"product","link":"https:\/\/my-eliquid.de\/pl\/shop\/spearmint-liquid\/","title":{"rendered":"Spearmint Liquid"},"content":{"rendered":"<p>Nasz <strong>Spearmint Liquid<\/strong> mit seinem milden <strong>Minzgeschmack<\/strong> pochodzi z linii <strong>P\u0142yny mentolowe<\/strong>. Diese Sorte ist sehr lieblich und nicht scharf und erinnert an den bekannten Kaugummi. All unsere Fl\u00fcssigkeiten werden bei uns vor Ort produziert und entsprechen h\u00f6chsten Sicherheitsstandards. Das <strong>Spearmint Liquid<\/strong> nie zawiera nikotyny i jest dost\u0119pny w r\u00f3\u017cnych st\u0119\u017ceniach nikotyny. W celu uzyskania d\u0142ugotrwa\u0142ego aromatu zalecamy stosowanie zestawu <strong>e-liquid<\/strong> Przechowywa\u0107 z dala od \u015bwiat\u0142a i w suchym miejscu.<\/p>","protected":false},"excerpt":{"rendered":"<p>Nasz <strong>Spearmint Liquid<\/strong> z orze\u017awiaj\u0105cym smakiem k\u0119dzierzawego <strong>mi\u0119ta<\/strong> ma s\u0142odszy smak ni\u017c mi\u0119ta pieprzowa i jest \u0142agodniejszy, poniewa\u017c ostro\u015b\u0107 <strong>mentol<\/strong> brak.<\/p>","protected":false},"featured_media":319448,"comment_status":"open","ping_status":"closed","template":"","meta":{"_acf_changed":false,"_relevanssi_hide_post":"","_relevanssi_hide_content":"","_relevanssi_pin_for_all":"","_relevanssi_pin_keywords":"","_relevanssi_unpin_keywords":"","_relevanssi_related_keywords":"","_relevanssi_related_include_ids":"","_relevanssi_related_exclude_ids":"","_relevanssi_related_no_append":"","_relevanssi_related_not_related":"","_relevanssi_related_posts":"","_relevanssi_noindex_reason":""},"product_brand":[],"product_cat":[4731,4689,4880,4694,4842],"product_tag":[6716,5411,6712,5805,5792,4956,7090],"class_list":{"0":"post-303161","1":"product","2":"type-product","3":"status-publish","4":"has-post-thumbnail","6":"product_cat-alle-liquids-fur-e-zigaretten","7":"product_cat-eliquids","8":"product_cat-liquids-ohne-sucralose","9":"product_cat-menthol-liquids-e-zigarette","10":"product_cat-my-eliquid-liquids","11":"product_tag-alle","12":"product_tag-e-zigaretten","13":"product_tag-fuer","14":"product_tag-liquid","15":"product_tag-liquids","16":"product_tag-menthol","17":"product_tag-spearmint","18":"product_shipping_class-standard","20":"first","21":"instock","22":"taxable","23":"shipping-taxable","24":"purchasable","25":"product-type-variable"},"acf":[],"_links":{"self":[{"href":"https:\/\/my-eliquid.de\/pl\/wp-json\/wp\/v2\/product\/303161","targetHints":{"allow":["GET"]}}],"collection":[{"href":"https:\/\/my-eliquid.de\/pl\/wp-json\/wp\/v2\/product"}],"about":[{"href":"https:\/\/my-eliquid.de\/pl\/wp-json\/wp\/v2\/types\/product"}],"replies":[{"embeddable":true,"href":"https:\/\/my-eliquid.de\/pl\/wp-json\/wp\/v2\/comments?post=303161"}],"wp:featuredmedia":[{"embeddable":true,"href":"https:\/\/my-eliquid.de\/pl\/wp-json\/wp\/v2\/media\/319448"}],"wp:attachment":[{"href":"https:\/\/my-eliquid.de\/pl\/wp-json\/wp\/v2\/media?parent=303161"}],"wp:term":[{"taxonomy":"product_brand","embeddable":true,"href":"https:\/\/my-eliquid.de\/pl\/wp-json\/wp\/v2\/product_brand?post=303161"},{"taxonomy":"product_cat","embeddable":true,"href":"https:\/\/my-eliquid.de\/pl\/wp-json\/wp\/v2\/product_cat?post=303161"},{"taxonomy":"product_tag","embeddable":true,"href":"https:\/\/my-eliquid.de\/pl\/wp-json\/wp\/v2\/product_tag?post=303161"}],"curies":[{"name":"wp","href":"https:\/\/api.w.org\/{rel}","templated":true}]}}