{"id":303165,"date":"2011-10-07T00:00:00","date_gmt":"2011-10-06T22:00:00","guid":{"rendered":"https:\/\/my-eliquid.de\/shop\/energy-kirsche-liquid\/"},"modified":"2025-11-25T13:49:19","modified_gmt":"2025-11-25T12:49:19","slug":"energy-kirsche-liquid","status":"publish","type":"product","link":"https:\/\/my-eliquid.de\/pl\/shop\/energy-kirsche-liquid\/","title":{"rendered":"P\u0142yn Energy Cherry"},"content":{"rendered":"<p>Nasz <strong>P\u0142yn Energy Cherry<\/strong> punktet mit seinem <strong>s\u00fc\u00dfen Aroma<\/strong> von k\u00f6stlichen <strong>Kirschgummib\u00e4rchen<\/strong> i pochodzi z linii <strong>P\u0142yny specjalne<\/strong>. Der fruchtige <strong>Energy-Kirsch-Genuss<\/strong> \u2013 Unfassbar lecker! All unsere <strong>p\u0142yny<\/strong> s\u0105 produkowane na miejscu i spe\u0142niaj\u0105 najwy\u017csze standardy bezpiecze\u0144stwa. The <strong>P\u0142yn Energy Cherry<\/strong> jest <strong>bez nikotyny<\/strong> i w r\u00f3\u017cnych <strong>Moc nikotyny<\/strong> dost\u0119pne. Aby uzyska\u0107 d\u0142ugotrwa\u0142y rozw\u00f3j smaku, zalecamy u\u017cycie <strong>e-liquid<\/strong> Przechowywa\u0107 z dala od \u015bwiat\u0142a i w suchym miejscu.<\/p>","protected":false},"excerpt":{"rendered":"<p>Der k\u00f6stliche Geschmack von saftig-s\u00fc\u00dfen <strong>Kirschgummib\u00e4rchen<\/strong> sorgt in unserem leckeren <strong>P\u0142yn Energy Cherry<\/strong> f\u00fcr den ultimativen <strong>Aroma-Kick<\/strong> \u2013 Unglaublich gut!<\/p>","protected":false},"featured_media":319463,"comment_status":"open","ping_status":"closed","template":"","meta":{"_acf_changed":false,"_relevanssi_hide_post":"","_relevanssi_hide_content":"","_relevanssi_pin_for_all":"","_relevanssi_pin_keywords":"","_relevanssi_unpin_keywords":"","_relevanssi_related_keywords":"","_relevanssi_related_include_ids":"","_relevanssi_related_exclude_ids":"","_relevanssi_related_no_append":"","_relevanssi_related_not_related":"","_relevanssi_related_posts":"","_relevanssi_noindex_reason":""},"product_brand":[],"product_cat":[4731,4689,4880,4842,4693],"product_tag":[4949,4919,4915,5166,4917,4914,4943,4918,5075,5004,4920],"class_list":{"0":"post-303165","1":"product","2":"type-product","3":"status-publish","4":"has-post-thumbnail","6":"product_cat-alle-liquids-fur-e-zigaretten","7":"product_cat-eliquids","8":"product_cat-liquids-ohne-sucralose","9":"product_cat-my-eliquid-liquids","10":"product_cat-special-liquids-e-zigarette","11":"product_tag-cherry","12":"product_tag-dampfer","13":"product_tag-e-liquid","14":"product_tag-e-zigarette","15":"product_tag-e-zigi","16":"product_tag-eliquid","17":"product_tag-energy","18":"product_tag-ezigarette","19":"product_tag-kirsche","20":"product_tag-nachfuellfluessigkeit","21":"product_tag-verdampfer","22":"product_shipping_class-standard","24":"first","25":"outofstock","26":"taxable","27":"shipping-taxable","28":"purchasable","29":"product-type-variable"},"acf":[],"_links":{"self":[{"href":"https:\/\/my-eliquid.de\/pl\/wp-json\/wp\/v2\/product\/303165","targetHints":{"allow":["GET"]}}],"collection":[{"href":"https:\/\/my-eliquid.de\/pl\/wp-json\/wp\/v2\/product"}],"about":[{"href":"https:\/\/my-eliquid.de\/pl\/wp-json\/wp\/v2\/types\/product"}],"replies":[{"embeddable":true,"href":"https:\/\/my-eliquid.de\/pl\/wp-json\/wp\/v2\/comments?post=303165"}],"wp:featuredmedia":[{"embeddable":true,"href":"https:\/\/my-eliquid.de\/pl\/wp-json\/wp\/v2\/media\/319463"}],"wp:attachment":[{"href":"https:\/\/my-eliquid.de\/pl\/wp-json\/wp\/v2\/media?parent=303165"}],"wp:term":[{"taxonomy":"product_brand","embeddable":true,"href":"https:\/\/my-eliquid.de\/pl\/wp-json\/wp\/v2\/product_brand?post=303165"},{"taxonomy":"product_cat","embeddable":true,"href":"https:\/\/my-eliquid.de\/pl\/wp-json\/wp\/v2\/product_cat?post=303165"},{"taxonomy":"product_tag","embeddable":true,"href":"https:\/\/my-eliquid.de\/pl\/wp-json\/wp\/v2\/product_tag?post=303165"}],"curies":[{"name":"wp","href":"https:\/\/api.w.org\/{rel}","templated":true}]}}