{"id":303174,"date":"2013-07-09T00:00:00","date_gmt":"2013-07-08T22:00:00","guid":{"rendered":"https:\/\/my-eliquid.de\/shop\/waldmeister2-liquid\/"},"modified":"2025-11-25T13:53:14","modified_gmt":"2025-11-25T12:53:14","slug":"waldmeister2-liquid","status":"publish","type":"product","link":"https:\/\/my-eliquid.de\/pl\/shop\/waldmeister2-liquid\/","title":{"rendered":"Sweet Woodfruff (konwalia majowa 2) Liquid"},"content":{"rendered":"<p>Nasz <strong>S\u0142odki likier Woodruff<\/strong> schmeckt nach lieblich-s\u00fc\u00dfem <strong>Waldmeister-Aroma<\/strong> i pochodzi z linii <strong>P\u0142yny owocowe<\/strong>.<\/p>\n<p>Die gr\u00fcne K\u00f6stlichkeit als Liquid \u2013 Umwerfend!<\/p>\n<p>All unsere Fl\u00fcssigkeiten werden bei uns vor Ort produziert und entsprechen h\u00f6chsten Sicherheitsstandards. Das\u00a0<strong style=\"line-height: 19px;\">S\u0142odki likier Woodruff<\/strong>\u00a0nie zawiera nikotyny i jest dost\u0119pny w r\u00f3\u017cnych <strong>Moc nikotyny<\/strong> dost\u0119pne.<\/p>\n<p>F\u00fcr eine langanhaltend gute Geschmacksentfaltung empfehlen wir, das <strong>e-liquid<\/strong> Przechowywa\u0107 z dala od \u015bwiat\u0142a i w suchym miejscu.<\/p>","protected":false},"excerpt":{"rendered":"<p>Orze\u017awiaj\u0105cy, s\u0142odki smak lata na ka\u017cdy dzie\u0144: nasz<strong style=\"line-height: 19px\">S\u0142odki likier Woodruff<\/strong>\u00a0i jego wyj\u0105tkowy, s\u0142odki smak pysznej zio\u0142a \u2013 prawdziwa rozkosz dla podniebienia!<\/p>","protected":false},"featured_media":319475,"comment_status":"open","ping_status":"closed","template":"","meta":{"_acf_changed":false,"_relevanssi_hide_post":"","_relevanssi_hide_content":"","_relevanssi_pin_for_all":"","_relevanssi_pin_keywords":"","_relevanssi_unpin_keywords":"","_relevanssi_related_keywords":"","_relevanssi_related_include_ids":"","_relevanssi_related_exclude_ids":"","_relevanssi_related_no_append":"","_relevanssi_related_not_related":"","_relevanssi_related_posts":"","_relevanssi_noindex_reason":""},"product_brand":[],"product_cat":[4731,4690,4689,4880,4842],"product_tag":[4919,4915,5166,4917,4914,4918,5004,6821,4920,5045,6979],"class_list":{"0":"post-303174","1":"product","2":"type-product","3":"status-publish","4":"has-post-thumbnail","6":"product_cat-alle-liquids-fur-e-zigaretten","7":"product_cat-frucht-liquids-e-zigarette","8":"product_cat-eliquids","9":"product_cat-liquids-ohne-sucralose","10":"product_cat-my-eliquid-liquids","11":"product_tag-dampfer","12":"product_tag-e-liquid","13":"product_tag-e-zigarette","14":"product_tag-e-zigi","15":"product_tag-eliquid","16":"product_tag-ezigarette","17":"product_tag-nachfuellfluessigkeit","18":"product_tag-sweet","19":"product_tag-verdampfer","20":"product_tag-waldmeister","21":"product_tag-woodruff","22":"product_shipping_class-standard","24":"first","25":"outofstock","26":"taxable","27":"shipping-taxable","28":"purchasable","29":"product-type-variable"},"acf":[],"_links":{"self":[{"href":"https:\/\/my-eliquid.de\/pl\/wp-json\/wp\/v2\/product\/303174","targetHints":{"allow":["GET"]}}],"collection":[{"href":"https:\/\/my-eliquid.de\/pl\/wp-json\/wp\/v2\/product"}],"about":[{"href":"https:\/\/my-eliquid.de\/pl\/wp-json\/wp\/v2\/types\/product"}],"replies":[{"embeddable":true,"href":"https:\/\/my-eliquid.de\/pl\/wp-json\/wp\/v2\/comments?post=303174"}],"wp:featuredmedia":[{"embeddable":true,"href":"https:\/\/my-eliquid.de\/pl\/wp-json\/wp\/v2\/media\/319475"}],"wp:attachment":[{"href":"https:\/\/my-eliquid.de\/pl\/wp-json\/wp\/v2\/media?parent=303174"}],"wp:term":[{"taxonomy":"product_brand","embeddable":true,"href":"https:\/\/my-eliquid.de\/pl\/wp-json\/wp\/v2\/product_brand?post=303174"},{"taxonomy":"product_cat","embeddable":true,"href":"https:\/\/my-eliquid.de\/pl\/wp-json\/wp\/v2\/product_cat?post=303174"},{"taxonomy":"product_tag","embeddable":true,"href":"https:\/\/my-eliquid.de\/pl\/wp-json\/wp\/v2\/product_tag?post=303174"}],"curies":[{"name":"wp","href":"https:\/\/api.w.org\/{rel}","templated":true}]}}