{"id":303181,"date":"2012-10-22T00:00:00","date_gmt":"2012-10-21T22:00:00","guid":{"rendered":"https:\/\/my-eliquid.de\/shop\/zimt-liquid\/"},"modified":"2025-11-25T13:54:50","modified_gmt":"2025-11-25T12:54:50","slug":"zimt-liquid","status":"publish","type":"product","link":"https:\/\/my-eliquid.de\/pl\/shop\/zimt-liquid\/","title":{"rendered":"Cynamon w p\u0142ynie"},"content":{"rendered":"<p>Nasz <strong>Cynamon w p\u0142ynie<\/strong> besticht mit seinem einzigartigen, s\u00fc\u00df-k\u00f6stlichen <strong>Zimt-Aroma<\/strong> i pochodzi z linii <strong>P\u0142yny specjalne<\/strong>. Der einhundertprozentige Genuss von erlesenen Zimtstangen \u2013 der aromatisch-intensive Volltreffer! All unsere <strong>p\u0142yny<\/strong> s\u0105 produkowane na miejscu i spe\u0142niaj\u0105 najwy\u017csze standardy bezpiecze\u0144stwa. The <strong>Cynamon w p\u0142ynie<\/strong> jest <strong>bez nikotyny<\/strong> i w r\u00f3\u017cnych <strong>Moc nikotyny<\/strong> dost\u0119pne. Aby uzyska\u0107 d\u0142ugotrwa\u0142y rozw\u00f3j smaku, zalecamy u\u017cycie <strong>e-liquid<\/strong> Przechowywa\u0107 z dala od \u015bwiat\u0142a i w suchym miejscu.<\/p>","protected":false},"excerpt":{"rendered":"<p>Aromatyczny zapach, cudowna s\u0142odycz i niesamowita delikatno\u015b\u0107: nasz <strong>Cynamon w p\u0142ynie<\/strong> wykorzystuje w pe\u0142ni smakowit\u0105, jasnobr\u0105zow\u0105 przypraw\u0119 \u2013 prawie zbyt pi\u0119kn\u0105, aby mog\u0142a by\u0107 prawdziwa!<\/p>","protected":false},"featured_media":319519,"comment_status":"open","ping_status":"closed","template":"","meta":{"_acf_changed":false,"_relevanssi_hide_post":"","_relevanssi_hide_content":"","_relevanssi_pin_for_all":"","_relevanssi_pin_keywords":"","_relevanssi_unpin_keywords":"","_relevanssi_related_keywords":"","_relevanssi_related_include_ids":"","_relevanssi_related_exclude_ids":"","_relevanssi_related_no_append":"","_relevanssi_related_not_related":"","_relevanssi_related_posts":"","_relevanssi_noindex_reason":""},"product_brand":[],"product_cat":[4731,4689,4880,4842,4693],"product_tag":[5156,5151,4919,4915,5166,4917,6818,4918,5004,4920,6819,5150],"class_list":{"0":"post-303181","1":"product","2":"type-product","3":"status-publish","4":"has-post-thumbnail","6":"product_cat-alle-liquids-fur-e-zigaretten","7":"product_cat-eliquids","8":"product_cat-liquids-ohne-sucralose","9":"product_cat-my-eliquid-liquids","10":"product_cat-special-liquids-e-zigarette","11":"product_tag-cannelle","12":"product_tag-cinnamomum","13":"product_tag-dampfer","14":"product_tag-e-liquid","15":"product_tag-e-zigarette","16":"product_tag-e-zigi","17":"product_tag-elektrische","18":"product_tag-ezigarette","19":"product_tag-nachfuellfluessigkeit","20":"product_tag-verdampfer","21":"product_tag-zigarette","22":"product_tag-zimt","23":"product_shipping_class-standard","25":"first","26":"instock","27":"taxable","28":"shipping-taxable","29":"purchasable","30":"product-type-variable"},"acf":[],"_links":{"self":[{"href":"https:\/\/my-eliquid.de\/pl\/wp-json\/wp\/v2\/product\/303181","targetHints":{"allow":["GET"]}}],"collection":[{"href":"https:\/\/my-eliquid.de\/pl\/wp-json\/wp\/v2\/product"}],"about":[{"href":"https:\/\/my-eliquid.de\/pl\/wp-json\/wp\/v2\/types\/product"}],"replies":[{"embeddable":true,"href":"https:\/\/my-eliquid.de\/pl\/wp-json\/wp\/v2\/comments?post=303181"}],"wp:featuredmedia":[{"embeddable":true,"href":"https:\/\/my-eliquid.de\/pl\/wp-json\/wp\/v2\/media\/319519"}],"wp:attachment":[{"href":"https:\/\/my-eliquid.de\/pl\/wp-json\/wp\/v2\/media?parent=303181"}],"wp:term":[{"taxonomy":"product_brand","embeddable":true,"href":"https:\/\/my-eliquid.de\/pl\/wp-json\/wp\/v2\/product_brand?post=303181"},{"taxonomy":"product_cat","embeddable":true,"href":"https:\/\/my-eliquid.de\/pl\/wp-json\/wp\/v2\/product_cat?post=303181"},{"taxonomy":"product_tag","embeddable":true,"href":"https:\/\/my-eliquid.de\/pl\/wp-json\/wp\/v2\/product_tag?post=303181"}],"curies":[{"name":"wp","href":"https:\/\/api.w.org\/{rel}","templated":true}]}}