{"id":303189,"date":"2012-02-12T00:00:00","date_gmt":"2012-02-11T23:00:00","guid":{"rendered":"https:\/\/my-eliquid.de\/shop\/exotic-liquid\/"},"modified":"2026-03-02T08:42:39","modified_gmt":"2026-03-02T07:42:39","slug":"exotic-liquid","status":"publish","type":"product","link":"https:\/\/my-eliquid.de\/pl\/shop\/exotic-liquid\/","title":{"rendered":"Egzotyczny p\u0142yn"},"content":{"rendered":"<p>Nasz <strong>Egzotyczny p\u0142yn<\/strong> kombiniert den Geschmack frischer, exotischer und k\u00f6stlich <strong>s\u00fc\u00dfer Fr\u00fcchte<\/strong> i pochodzi z linii <strong>P\u0142yny owocowe<\/strong>. Vollmundige <strong>egzotyka<\/strong>, saftiger Geschmack und nat\u00fcrliche S\u00fc\u00dfe \u2013 So muss ein Liquid schmecken! All unsere Fl\u00fcssigkeiten werden bei uns vor Ort produziert und entsprechen h\u00f6chsten Sicherheitsstandards. Das <strong>Egzotyczny p\u0142yn<\/strong> nie zawiera nikotyny i jest dost\u0119pny w r\u00f3\u017cnych <strong>Moc nikotyny<\/strong> dost\u0119pne. Aby uzyska\u0107 d\u0142ugotrwa\u0142y rozw\u00f3j smaku, zalecamy u\u017cycie <strong>e-liquid<\/strong> Przechowywa\u0107 z dala od \u015bwiat\u0142a i w suchym miejscu.<\/p>","protected":false},"excerpt":{"rendered":"<p>Mieszanka r\u00f3\u017cnych <strong>owoce tropikalne<\/strong> nadaje <strong>Egzotyczny p\u0142yn<\/strong> pyszny aromat, kt\u00f3ry ka\u017cdego dnia przypomina s\u0142oneczny dzie\u0144. <strong>urlop<\/strong> smakuje.<\/p>","protected":false},"featured_media":319555,"comment_status":"open","ping_status":"closed","template":"","meta":{"_acf_changed":false,"_relevanssi_hide_post":"","_relevanssi_hide_content":"","_relevanssi_pin_for_all":"","_relevanssi_pin_keywords":"","_relevanssi_unpin_keywords":"","_relevanssi_related_keywords":"","_relevanssi_related_include_ids":"","_relevanssi_related_exclude_ids":"","_relevanssi_related_no_append":"","_relevanssi_related_not_related":"","_relevanssi_related_posts":"","_relevanssi_noindex_reason":""},"product_brand":[],"product_cat":[4731,4690,4689,4880,4842],"product_tag":[4919,4915,5166,4917,4914,7158,4918,5004,4920],"class_list":{"0":"post-303189","1":"product","2":"type-product","3":"status-publish","4":"has-post-thumbnail","6":"product_cat-alle-liquids-fur-e-zigaretten","7":"product_cat-frucht-liquids-e-zigarette","8":"product_cat-eliquids","9":"product_cat-liquids-ohne-sucralose","10":"product_cat-my-eliquid-liquids","11":"product_tag-dampfer","12":"product_tag-e-liquid","13":"product_tag-e-zigarette","14":"product_tag-e-zigi","15":"product_tag-eliquid","16":"product_tag-exotic","17":"product_tag-ezigarette","18":"product_tag-nachfuellfluessigkeit","19":"product_tag-verdampfer","20":"product_shipping_class-standard","22":"first","23":"instock","24":"taxable","25":"shipping-taxable","26":"purchasable","27":"product-type-variable"},"acf":[],"_links":{"self":[{"href":"https:\/\/my-eliquid.de\/pl\/wp-json\/wp\/v2\/product\/303189","targetHints":{"allow":["GET"]}}],"collection":[{"href":"https:\/\/my-eliquid.de\/pl\/wp-json\/wp\/v2\/product"}],"about":[{"href":"https:\/\/my-eliquid.de\/pl\/wp-json\/wp\/v2\/types\/product"}],"replies":[{"embeddable":true,"href":"https:\/\/my-eliquid.de\/pl\/wp-json\/wp\/v2\/comments?post=303189"}],"wp:featuredmedia":[{"embeddable":true,"href":"https:\/\/my-eliquid.de\/pl\/wp-json\/wp\/v2\/media\/319555"}],"wp:attachment":[{"href":"https:\/\/my-eliquid.de\/pl\/wp-json\/wp\/v2\/media?parent=303189"}],"wp:term":[{"taxonomy":"product_brand","embeddable":true,"href":"https:\/\/my-eliquid.de\/pl\/wp-json\/wp\/v2\/product_brand?post=303189"},{"taxonomy":"product_cat","embeddable":true,"href":"https:\/\/my-eliquid.de\/pl\/wp-json\/wp\/v2\/product_cat?post=303189"},{"taxonomy":"product_tag","embeddable":true,"href":"https:\/\/my-eliquid.de\/pl\/wp-json\/wp\/v2\/product_tag?post=303189"}],"curies":[{"name":"wp","href":"https:\/\/api.w.org\/{rel}","templated":true}]}}