{"id":303253,"date":"2017-09-05T00:00:00","date_gmt":"2017-09-04T22:00:00","guid":{"rendered":"https:\/\/my-eliquid.de\/shop\/kiba-liquid\/"},"modified":"2026-04-13T09:24:31","modified_gmt":"2026-04-13T07:24:31","slug":"kiba-liquid","status":"publish","type":"product","link":"https:\/\/my-eliquid.de\/pl\/shop\/kiba-liquid\/","title":{"rendered":"Kiba Liquid"},"content":{"rendered":"<p>Nasz <strong>Kiba Liquid<\/strong> mit seinem beliebten <strong>Fruchtgeschmack<\/strong> pochodzi z linii <strong>P\u0142yny owocowe<\/strong>. Die Kombination von Kirsche und Banane ergibt ein fruchtiges Dampferlebnis, das alle begeistert. All unsere Fl\u00fcssigkeiten werden bei uns vor Ort produziert und entsprechen h\u00f6chsten Sicherheitsstandards. Das <strong>Kiba Liquid<\/strong> nie zawiera nikotyny i jest dost\u0119pny w r\u00f3\u017cnych st\u0119\u017ceniach nikotyny. W celu uzyskania d\u0142ugotrwa\u0142ego aromatu zalecamy stosowanie zestawu <strong>e-liquid<\/strong> Przechowywa\u0107 z dala od \u015bwiat\u0142a i w suchym miejscu.<\/p>","protected":false},"excerpt":{"rendered":"<p>Wenn Kirsche und Banane sich treffen, entsteht ein allseits beliebter Geschmack, den wir in unserem erfrischend s\u00fc\u00dfen <strong>Kiba Liquid<\/strong> f\u00fcr Sie eingefangen haben.<\/p>","protected":false},"featured_media":319886,"comment_status":"open","ping_status":"closed","template":"","meta":{"_acf_changed":false,"_relevanssi_hide_post":"","_relevanssi_hide_content":"","_relevanssi_pin_for_all":"","_relevanssi_pin_keywords":"","_relevanssi_unpin_keywords":"","_relevanssi_related_keywords":"","_relevanssi_related_include_ids":"","_relevanssi_related_exclude_ids":"","_relevanssi_related_no_append":"","_relevanssi_related_not_related":"","_relevanssi_related_posts":"","_relevanssi_noindex_reason":""},"product_brand":[],"product_cat":[4731,4690,4689,4842],"product_tag":[7182,5805],"class_list":{"0":"post-303253","1":"product","2":"type-product","3":"status-publish","4":"has-post-thumbnail","6":"product_cat-alle-liquids-fur-e-zigaretten","7":"product_cat-frucht-liquids-e-zigarette","8":"product_cat-eliquids","9":"product_cat-my-eliquid-liquids","10":"product_tag-kiba","11":"product_tag-liquid","12":"product_shipping_class-standard","14":"first","15":"instock","16":"taxable","17":"shipping-taxable","18":"purchasable","19":"product-type-variable"},"acf":[],"_links":{"self":[{"href":"https:\/\/my-eliquid.de\/pl\/wp-json\/wp\/v2\/product\/303253","targetHints":{"allow":["GET"]}}],"collection":[{"href":"https:\/\/my-eliquid.de\/pl\/wp-json\/wp\/v2\/product"}],"about":[{"href":"https:\/\/my-eliquid.de\/pl\/wp-json\/wp\/v2\/types\/product"}],"replies":[{"embeddable":true,"href":"https:\/\/my-eliquid.de\/pl\/wp-json\/wp\/v2\/comments?post=303253"}],"wp:featuredmedia":[{"embeddable":true,"href":"https:\/\/my-eliquid.de\/pl\/wp-json\/wp\/v2\/media\/319886"}],"wp:attachment":[{"href":"https:\/\/my-eliquid.de\/pl\/wp-json\/wp\/v2\/media?parent=303253"}],"wp:term":[{"taxonomy":"product_brand","embeddable":true,"href":"https:\/\/my-eliquid.de\/pl\/wp-json\/wp\/v2\/product_brand?post=303253"},{"taxonomy":"product_cat","embeddable":true,"href":"https:\/\/my-eliquid.de\/pl\/wp-json\/wp\/v2\/product_cat?post=303253"},{"taxonomy":"product_tag","embeddable":true,"href":"https:\/\/my-eliquid.de\/pl\/wp-json\/wp\/v2\/product_tag?post=303253"}],"curies":[{"name":"wp","href":"https:\/\/api.w.org\/{rel}","templated":true}]}}