{"id":303263,"date":"2017-09-05T00:00:00","date_gmt":"2017-09-04T22:00:00","guid":{"rendered":"https:\/\/my-eliquid.de\/shop\/fruchtwoelkchen-liquid\/"},"modified":"2025-11-25T13:49:28","modified_gmt":"2025-11-25T12:49:28","slug":"fruchtwoelkchen-liquid","status":"publish","type":"product","link":"https:\/\/my-eliquid.de\/pl\/shop\/fruchtwoelkchen-liquid\/","title":{"rendered":"P\u0142ynna chmura owocowa"},"content":{"rendered":"<p>Nasz <strong>P\u0142ynna chmura owocowa<\/strong> o zr\u00f3\u017cnicowanym owocowym smaku pochodzi z linii <strong>P\u0142yny owocowe<\/strong>. Niestety bez witamin, ta odmiana pozostaje jednak pysznie lekka <strong>Wra\u017cenia z opar\u00f3w<\/strong>. Wszystkie nasze p\u0142yny s\u0105 produkowane na miejscu i spe\u0142niaj\u0105 najwy\u017csze standardy bezpiecze\u0144stwa. The <strong>P\u0142ynna chmura owocowa<\/strong> nie zawiera nikotyny i jest dost\u0119pny w r\u00f3\u017cnych st\u0119\u017ceniach nikotyny. W celu uzyskania d\u0142ugotrwa\u0142ego aromatu zalecamy stosowanie zestawu <strong>e-liquid<\/strong> Przechowywa\u0107 z dala od \u015bwiat\u0142a i w suchym miejscu.<\/p>","protected":false},"excerpt":{"rendered":"<p>\u015awie\u017co\u015b\u0107 <strong>Sa\u0142atka owocowa<\/strong> bez k\u0142opotliwego krojenia s\u0105 teraz dost\u0119pne w naszym p\u0142ynie Fruchtw\u00f6lkchen Liquid for <strong>Wapowanie<\/strong> i pozwala unosi\u0107 si\u0119 na delikatnie owocowych chmurach.<\/p>","protected":false},"featured_media":319929,"comment_status":"open","ping_status":"closed","template":"","meta":{"_acf_changed":false,"_relevanssi_hide_post":"","_relevanssi_hide_content":"","_relevanssi_pin_for_all":"","_relevanssi_pin_keywords":"","_relevanssi_unpin_keywords":"","_relevanssi_related_keywords":"","_relevanssi_related_include_ids":"","_relevanssi_related_exclude_ids":"","_relevanssi_related_no_append":"","_relevanssi_related_not_related":"","_relevanssi_related_posts":"","_relevanssi_noindex_reason":""},"product_brand":[],"product_cat":[4731,4690,4689,4880,4842],"product_tag":[6985,5805],"class_list":{"0":"post-303263","1":"product","2":"type-product","3":"status-publish","4":"has-post-thumbnail","6":"product_cat-alle-liquids-fur-e-zigaretten","7":"product_cat-frucht-liquids-e-zigarette","8":"product_cat-eliquids","9":"product_cat-liquids-ohne-sucralose","10":"product_cat-my-eliquid-liquids","11":"product_tag-fruchtwoelkchen","12":"product_tag-liquid","13":"product_shipping_class-standard","15":"first","16":"outofstock","17":"taxable","18":"shipping-taxable","19":"purchasable","20":"product-type-variable"},"acf":[],"_links":{"self":[{"href":"https:\/\/my-eliquid.de\/pl\/wp-json\/wp\/v2\/product\/303263","targetHints":{"allow":["GET"]}}],"collection":[{"href":"https:\/\/my-eliquid.de\/pl\/wp-json\/wp\/v2\/product"}],"about":[{"href":"https:\/\/my-eliquid.de\/pl\/wp-json\/wp\/v2\/types\/product"}],"replies":[{"embeddable":true,"href":"https:\/\/my-eliquid.de\/pl\/wp-json\/wp\/v2\/comments?post=303263"}],"wp:featuredmedia":[{"embeddable":true,"href":"https:\/\/my-eliquid.de\/pl\/wp-json\/wp\/v2\/media\/319929"}],"wp:attachment":[{"href":"https:\/\/my-eliquid.de\/pl\/wp-json\/wp\/v2\/media?parent=303263"}],"wp:term":[{"taxonomy":"product_brand","embeddable":true,"href":"https:\/\/my-eliquid.de\/pl\/wp-json\/wp\/v2\/product_brand?post=303263"},{"taxonomy":"product_cat","embeddable":true,"href":"https:\/\/my-eliquid.de\/pl\/wp-json\/wp\/v2\/product_cat?post=303263"},{"taxonomy":"product_tag","embeddable":true,"href":"https:\/\/my-eliquid.de\/pl\/wp-json\/wp\/v2\/product_tag?post=303263"}],"curies":[{"name":"wp","href":"https:\/\/api.w.org\/{rel}","templated":true}]}}