{"id":303319,"date":"2011-10-11T00:00:00","date_gmt":"2011-10-10T22:00:00","guid":{"rendered":"https:\/\/my-eliquid.de\/shop\/vanilla-tobacco-liquid\/"},"modified":"2026-04-16T13:46:33","modified_gmt":"2026-04-16T11:46:33","slug":"vanilla-tobacco-liquid","status":"publish","type":"product","link":"https:\/\/my-eliquid.de\/pl\/shop\/vanilla-tobacco-liquid\/","title":{"rendered":"P\u0142yn o smaku waniliowo-tytoniowym"},"content":{"rendered":"<p>Nasz <strong>P\u0142yn o smaku waniliowo-tytoniowym<\/strong> miesza pe\u0142ne <strong>Aromat tytoniu<\/strong> z pysznym <strong>Nuta wanilii<\/strong> i pochodzi z linii <strong>P\u0142yny tytoniowe<\/strong>. Pyszna tytoniowa przyjemno\u015b\u0107 z nut\u0105 wanilii - podw\u00f3jne doznanie smakowe! Wszystkie nasze <strong>p\u0142yny<\/strong> s\u0105 produkowane na miejscu i spe\u0142niaj\u0105 najwy\u017csze standardy bezpiecze\u0144stwa. The <strong>P\u0142yn o smaku waniliowo-tytoniowym<\/strong> jest <strong>bez nikotyny<\/strong> i w r\u00f3\u017cnych <strong>Moc nikotyny<\/strong> dost\u0119pne. Aby uzyska\u0107 d\u0142ugotrwa\u0142y rozw\u00f3j smaku, zalecamy u\u017cycie <strong>e-liquid<\/strong> Przechowywa\u0107 z dala od \u015bwiat\u0142a i w suchym miejscu.<\/p>","protected":false},"excerpt":{"rendered":"<p>Uwodzicielska mieszanka lekko\u015bci <strong>aromat waniliowy<\/strong> i \u0142agodnym <strong>Smak tytoniu<\/strong>: Nasz <strong>P\u0142yn o smaku waniliowo-tytoniowym<\/strong> \u0142\u0105czy w sobie najlepsze cechy <strong>Wanilia i tyto\u0144<\/strong> \u2013 Wow!<\/p>","protected":false},"featured_media":319314,"comment_status":"open","ping_status":"closed","template":"","meta":{"_acf_changed":false,"_relevanssi_hide_post":"","_relevanssi_hide_content":"","_relevanssi_pin_for_all":"","_relevanssi_pin_keywords":"","_relevanssi_unpin_keywords":"","_relevanssi_related_keywords":"","_relevanssi_related_include_ids":"","_relevanssi_related_exclude_ids":"","_relevanssi_related_no_append":"","_relevanssi_related_not_related":"","_relevanssi_related_posts":"","_relevanssi_noindex_reason":""},"product_brand":[],"product_cat":[4731,4689,4880,4842,4691],"product_tag":[1394,1415,1391,4919,1392,1395,4915,5166,4917,4914,1397,4918,1413,5004,1396,1393,6897,6059,4920,1414],"class_list":{"0":"post-303319","1":"product","2":"type-product","3":"status-publish","4":"has-post-thumbnail","6":"product_cat-alle-liquids-fur-e-zigaretten","7":"product_cat-eliquids","8":"product_cat-liquids-ohne-sucralose","9":"product_cat-my-eliquid-liquids","10":"product_cat-tabak-liquids-e-zigarette","11":"product_tag-anteil","12":"product_tag-basis","13":"product_tag-bitte","14":"product_tag-dampfer","15":"product_tag-den","16":"product_tag-durch","17":"product_tag-e-liquid","18":"product_tag-e-zigarette","19":"product_tag-e-zigi","20":"product_tag-eliquid","21":"product_tag-ersetzen","22":"product_tag-ezigarette","23":"product_tag-in","24":"product_tag-nachfuellfluessigkeit","25":"product_tag-peg","26":"product_tag-pg","27":"product_tag-tobacco","28":"product_tag-vanilla","29":"product_tag-verdampfer","30":"product_tag-vg","31":"product_shipping_class-standard","33":"first","34":"instock","35":"taxable","36":"shipping-taxable","37":"purchasable","38":"product-type-variable"},"acf":[],"_links":{"self":[{"href":"https:\/\/my-eliquid.de\/pl\/wp-json\/wp\/v2\/product\/303319","targetHints":{"allow":["GET"]}}],"collection":[{"href":"https:\/\/my-eliquid.de\/pl\/wp-json\/wp\/v2\/product"}],"about":[{"href":"https:\/\/my-eliquid.de\/pl\/wp-json\/wp\/v2\/types\/product"}],"replies":[{"embeddable":true,"href":"https:\/\/my-eliquid.de\/pl\/wp-json\/wp\/v2\/comments?post=303319"}],"wp:featuredmedia":[{"embeddable":true,"href":"https:\/\/my-eliquid.de\/pl\/wp-json\/wp\/v2\/media\/319314"}],"wp:attachment":[{"href":"https:\/\/my-eliquid.de\/pl\/wp-json\/wp\/v2\/media?parent=303319"}],"wp:term":[{"taxonomy":"product_brand","embeddable":true,"href":"https:\/\/my-eliquid.de\/pl\/wp-json\/wp\/v2\/product_brand?post=303319"},{"taxonomy":"product_cat","embeddable":true,"href":"https:\/\/my-eliquid.de\/pl\/wp-json\/wp\/v2\/product_cat?post=303319"},{"taxonomy":"product_tag","embeddable":true,"href":"https:\/\/my-eliquid.de\/pl\/wp-json\/wp\/v2\/product_tag?post=303319"}],"curies":[{"name":"wp","href":"https:\/\/api.w.org\/{rel}","templated":true}]}}