{"id":303324,"date":"2012-02-12T00:00:00","date_gmt":"2012-02-11T23:00:00","guid":{"rendered":"https:\/\/my-eliquid.de\/shop\/lemon-liquid\/"},"modified":"2025-11-25T13:50:54","modified_gmt":"2025-11-25T12:50:54","slug":"lemon-liquid","status":"publish","type":"product","link":"https:\/\/my-eliquid.de\/pl\/shop\/lemon-liquid\/","title":{"rendered":"P\u0142yn cytrynowy"},"content":{"rendered":"<p>Nasz <strong>P\u0142yn cytrynowy<\/strong> punktet mit seinem frischen, lang anhaltenden <strong>Zitronen-Geschmack<\/strong> i pochodzi z linii <strong>P\u0142yny owocowe<\/strong>. Zitroniger Spa\u00df, den man so schnell nicht vergisst! All unsere Fl\u00fcssigkeiten werden bei uns vor Ort produziert und entsprechen h\u00f6chsten Sicherheitsstandards. Das <strong>P\u0142yn cytrynowy<\/strong> nie zawiera nikotyny i jest dost\u0119pny w r\u00f3\u017cnych <strong>Moc nikotyny<\/strong> dost\u0119pne. Aby uzyska\u0107 d\u0142ugotrwa\u0142y rozw\u00f3j smaku, zalecamy u\u017cycie <strong>e-liquid<\/strong> Przechowywa\u0107 z dala od \u015bwiat\u0142a i w suchym miejscu.<\/p>","protected":false},"excerpt":{"rendered":"<p>\u015awie\u017ce, soczyste, pyszne... Czy jest co\u015b, co <strong>Cytryna<\/strong> nie mo\u017ce? Nasz <strong>P\u0142yn cytrynowy<\/strong> przynosi pyszne oblicze \u017c\u00f3\u0142tego owocu bezpo\u015brednio do Ciebie!<\/p>","protected":false},"featured_media":319323,"comment_status":"open","ping_status":"closed","template":"","meta":{"_acf_changed":false,"_relevanssi_hide_post":"","_relevanssi_hide_content":"","_relevanssi_pin_for_all":"","_relevanssi_pin_keywords":"","_relevanssi_unpin_keywords":"","_relevanssi_related_keywords":"","_relevanssi_related_include_ids":"","_relevanssi_related_exclude_ids":"","_relevanssi_related_no_append":"","_relevanssi_related_not_related":"","_relevanssi_related_posts":"","_relevanssi_noindex_reason":""},"product_brand":[],"product_cat":[4731,4690,4689,4880,4842],"product_tag":[4919,4915,5166,4917,4914,4918,4923,5004,4920,5073],"class_list":{"0":"post-303324","1":"product","2":"type-product","3":"status-publish","4":"has-post-thumbnail","6":"product_cat-alle-liquids-fur-e-zigaretten","7":"product_cat-frucht-liquids-e-zigarette","8":"product_cat-eliquids","9":"product_cat-liquids-ohne-sucralose","10":"product_cat-my-eliquid-liquids","11":"product_tag-dampfer","12":"product_tag-e-liquid","13":"product_tag-e-zigarette","14":"product_tag-e-zigi","15":"product_tag-eliquid","16":"product_tag-ezigarette","17":"product_tag-lemon","18":"product_tag-nachfuellfluessigkeit","19":"product_tag-verdampfer","20":"product_tag-zitrone","21":"product_shipping_class-standard","23":"first","24":"outofstock","25":"taxable","26":"shipping-taxable","27":"purchasable","28":"product-type-variable"},"acf":[],"_links":{"self":[{"href":"https:\/\/my-eliquid.de\/pl\/wp-json\/wp\/v2\/product\/303324","targetHints":{"allow":["GET"]}}],"collection":[{"href":"https:\/\/my-eliquid.de\/pl\/wp-json\/wp\/v2\/product"}],"about":[{"href":"https:\/\/my-eliquid.de\/pl\/wp-json\/wp\/v2\/types\/product"}],"replies":[{"embeddable":true,"href":"https:\/\/my-eliquid.de\/pl\/wp-json\/wp\/v2\/comments?post=303324"}],"wp:featuredmedia":[{"embeddable":true,"href":"https:\/\/my-eliquid.de\/pl\/wp-json\/wp\/v2\/media\/319323"}],"wp:attachment":[{"href":"https:\/\/my-eliquid.de\/pl\/wp-json\/wp\/v2\/media?parent=303324"}],"wp:term":[{"taxonomy":"product_brand","embeddable":true,"href":"https:\/\/my-eliquid.de\/pl\/wp-json\/wp\/v2\/product_brand?post=303324"},{"taxonomy":"product_cat","embeddable":true,"href":"https:\/\/my-eliquid.de\/pl\/wp-json\/wp\/v2\/product_cat?post=303324"},{"taxonomy":"product_tag","embeddable":true,"href":"https:\/\/my-eliquid.de\/pl\/wp-json\/wp\/v2\/product_tag?post=303324"}],"curies":[{"name":"wp","href":"https:\/\/api.w.org\/{rel}","templated":true}]}}