{"id":303327,"date":"2013-05-09T00:00:00","date_gmt":"2013-05-08T22:00:00","guid":{"rendered":"https:\/\/my-eliquid.de\/shop\/maximum-blend-liquid\/"},"modified":"2026-03-24T08:54:03","modified_gmt":"2026-03-24T07:54:03","slug":"maximum-blend-liquid","status":"publish","type":"product","link":"https:\/\/my-eliquid.de\/pl\/shop\/maximum-blend-liquid\/","title":{"rendered":"Max Blend Tyto\u0144 Liquid"},"content":{"rendered":"<p>Nasz <strong>P\u0142yn Max Blend<\/strong> besticht mit seiner vollmundigen, \u00e4u\u00dferst aromatisch-w\u00fcrzigen Tabaknote und stammt aus der Linie der <strong>P\u0142yny tytoniowe<\/strong>. Das authentisch-w\u00fcrzige Tabakvergn\u00fcgen: aromatisch und vollmundig. All unsere <strong>p\u0142yny<\/strong> s\u0105 produkowane na miejscu i spe\u0142niaj\u0105 najwy\u017csze standardy bezpiecze\u0144stwa. The <strong>P\u0142yn Max Blend<\/strong> jest <strong>bez nikotyny<\/strong> i w r\u00f3\u017cnych <strong>Moc nikotyny<\/strong> dost\u0119pne. Aby uzyska\u0107 d\u0142ugotrwa\u0142y rozw\u00f3j smaku, zalecamy u\u017cycie <strong>e-liquid<\/strong> Przechowywa\u0107 z dala od \u015bwiat\u0142a i w suchym miejscu.<\/p>","protected":false},"excerpt":{"rendered":"<p>Uwaga mi\u0142o\u015bnicy mocnego, aromatycznego tytoniu: nasz <strong>P\u0142yn Max Blend<\/strong> urzeka swoim cudownie pikantnym i aromatycznym smakiem tytoniu!<\/p>","protected":false},"featured_media":319329,"comment_status":"open","ping_status":"closed","template":"","meta":{"_acf_changed":false,"_relevanssi_hide_post":"","_relevanssi_hide_content":"","_relevanssi_pin_for_all":"","_relevanssi_pin_keywords":"","_relevanssi_unpin_keywords":"","_relevanssi_related_keywords":"","_relevanssi_related_include_ids":"","_relevanssi_related_exclude_ids":"","_relevanssi_related_no_append":"","_relevanssi_related_not_related":"","_relevanssi_related_posts":"","_relevanssi_noindex_reason":""},"product_brand":[],"product_cat":[4731,4689,4880,4842,4691],"product_tag":[6981,4919,4915,5166,4917,4914,4918,6980,5004,6527,4920],"class_list":{"0":"post-303327","1":"product","2":"type-product","3":"status-publish","4":"has-post-thumbnail","6":"product_cat-alle-liquids-fur-e-zigaretten","7":"product_cat-eliquids","8":"product_cat-liquids-ohne-sucralose","9":"product_cat-my-eliquid-liquids","10":"product_cat-tabak-liquids-e-zigarette","11":"product_tag-blend","12":"product_tag-dampfer","13":"product_tag-e-liquid","14":"product_tag-e-zigarette","15":"product_tag-e-zigi","16":"product_tag-eliquid","17":"product_tag-ezigarette","18":"product_tag-max","19":"product_tag-nachfuellfluessigkeit","20":"product_tag-tabak","21":"product_tag-verdampfer","22":"product_shipping_class-standard","24":"first","25":"instock","26":"taxable","27":"shipping-taxable","28":"purchasable","29":"product-type-variable"},"acf":[],"_links":{"self":[{"href":"https:\/\/my-eliquid.de\/pl\/wp-json\/wp\/v2\/product\/303327","targetHints":{"allow":["GET"]}}],"collection":[{"href":"https:\/\/my-eliquid.de\/pl\/wp-json\/wp\/v2\/product"}],"about":[{"href":"https:\/\/my-eliquid.de\/pl\/wp-json\/wp\/v2\/types\/product"}],"replies":[{"embeddable":true,"href":"https:\/\/my-eliquid.de\/pl\/wp-json\/wp\/v2\/comments?post=303327"}],"wp:featuredmedia":[{"embeddable":true,"href":"https:\/\/my-eliquid.de\/pl\/wp-json\/wp\/v2\/media\/319329"}],"wp:attachment":[{"href":"https:\/\/my-eliquid.de\/pl\/wp-json\/wp\/v2\/media?parent=303327"}],"wp:term":[{"taxonomy":"product_brand","embeddable":true,"href":"https:\/\/my-eliquid.de\/pl\/wp-json\/wp\/v2\/product_brand?post=303327"},{"taxonomy":"product_cat","embeddable":true,"href":"https:\/\/my-eliquid.de\/pl\/wp-json\/wp\/v2\/product_cat?post=303327"},{"taxonomy":"product_tag","embeddable":true,"href":"https:\/\/my-eliquid.de\/pl\/wp-json\/wp\/v2\/product_tag?post=303327"}],"curies":[{"name":"wp","href":"https:\/\/api.w.org\/{rel}","templated":true}]}}