{"id":304812,"date":"2011-10-28T00:00:00","date_gmt":"2011-10-27T22:00:00","guid":{"rendered":"https:\/\/my-eliquid.de\/shop\/polyethylenglycol-peg400-liquid-base-ohne-nikotin-0mg\/"},"modified":"2026-02-04T10:17:54","modified_gmt":"2026-02-04T09:17:54","slug":"polyethylenglycol-peg400-liquid-base-ohne-nikotin-0mg","status":"publish","type":"product","link":"https:\/\/my-eliquid.de\/pl\/shop\/polyethylenglycol-peg400-liquid-base-ohne-nikotin-0mg\/","title":{"rendered":"Glikol polietylenowy 400 (PEG 400) czysty p\u0142yn bazowy bez nikotyny 0 mg"},"content":{"rendered":"<p>Zaleca si\u0119 obs\u0142ug\u0119 wy\u0142\u0105cznie przez do\u015bwiadczone i przeszkolone osoby.<br \/>\nArtyku\u0142y te s\u0105 u\u017cywane do <strong>Mieszanki<\/strong> lub do rozcie\u0144czenia, a nie do bezpo\u015bredniego spo\u017cycia.<\/p>\n<p><span style=\"color: #ff0000;\">Uwaga !!! Przechowywa\u0107 w miejscu niedost\u0119pnym dla dzieci !!!<\/span><\/p>\n<p>Informacje prawne dotycz\u0105ce u\u017cytkowania<br \/>\nArtyku\u0142y te s\u0105 zgodnie z prawem chemikaliami. Te chemikalia s\u0105 u\u017cywane do produkcji<strong> Uzupe\u0142nianie p\u0142yn\u00f3w lub eLiquids<\/strong> u\u017cywane. Chemikalia te s\u0105 oferowane i sprzedawane wy\u0142\u0105cznie \u015bwiadomym nabywcom w tym celu. Odpowiedzialno\u015b\u0107 za w\u0142a\u015bciwe u\u017cycie ponosi nabywca.<\/p>\n<p>Te chemikalia nie s\u0105 lekami ani \u015brodkami spo\u017cywczymi i nie s\u0105 jeszcze przeznaczone do u\u017cytku przez konsumenta ko\u0144cowego w formie, w jakiej je oferujemy. Nie zapewniamy r\u00f3wnie\u017c \u017cadnych wi\u0105\u017c\u0105cych instrukcji dotycz\u0105cych przygotowania lub konsumpcji.<strong> Instrukcje dozowania<\/strong>. U\u017cytkowanie i spo\u017cycie odbywa si\u0119 na w\u0142asne ryzyko.<\/p>\n<p>my-eLiquid nie ponosi odpowiedzialno\u015bci za uszczerbek na zdrowiu, np. spowodowany niew\u0142a\u015bciwym u\u017cytkowaniem.<\/p>\n<p>Artyku\u0142y te mog\u0105 by\u0107 zamawiane tylko wtedy, gdy kupuj\u0105cy posiada niezb\u0119dne <strong>Do\u015bwiadczenie<\/strong> w obchodzeniu si\u0119 z tymi chemikaliami i surowcami.<\/p>","protected":false},"excerpt":{"rendered":"<p>Twoje my-eLiquid <strong>Baza polietylenoglikolu 400 (PEG 400)<\/strong> do produkcji w\u0142asnych <strong>eLiquidy<\/strong>. Nadaje si\u0119 r\u00f3wnie\u017c do rozcie\u0144czania istniej\u0105cych p\u0142yn\u00f3w lub nawet do <strong>zawarto\u015b\u0107 nikotyny<\/strong> zmienia\u0107 indywidualnie. Ich podstawa zostanie okre\u015blona w <span style=\"color: #339966\"><strong>Br\u0105zowa butelka PET<\/strong><\/span> dostarczone.<\/p>","protected":false},"featured_media":319843,"comment_status":"open","ping_status":"closed","template":"","meta":{"_acf_changed":false,"_relevanssi_hide_post":"","_relevanssi_hide_content":"","_relevanssi_pin_for_all":"","_relevanssi_pin_keywords":"","_relevanssi_unpin_keywords":"","_relevanssi_related_keywords":"","_relevanssi_related_include_ids":"","_relevanssi_related_exclude_ids":"","_relevanssi_related_no_append":"","_relevanssi_related_not_related":"","_relevanssi_related_posts":"","_relevanssi_noindex_reason":""},"product_brand":[],"product_cat":[4732,4695,4698],"product_tag":[7413,4973,4919,4915,5166,4917,4914,7123,4918,4974,5004,1396,7122,7414,4920],"class_list":{"0":"post-304812","1":"product","2":"type-product","3":"status-publish","4":"has-post-thumbnail","6":"product_cat-alle-basen-fur-liquids","7":"product_cat-diy-liquid-basen","8":"product_cat-polyethylenglycol400-peg400-basis","9":"product_tag-7413","10":"product_tag-dab","11":"product_tag-dampfer","12":"product_tag-e-liquid","13":"product_tag-e-zigarette","14":"product_tag-e-zigi","15":"product_tag-eliquid","16":"product_tag-eur","17":"product_tag-ezigarette","18":"product_tag-hersteller","19":"product_tag-nachfuellfluessigkeit","20":"product_tag-peg","21":"product_tag-ph","22":"product_tag-polyethylenglycol","23":"product_tag-verdampfer","24":"product_shipping_class-standard","26":"first","27":"outofstock","28":"taxable","29":"shipping-taxable","30":"purchasable","31":"product-type-variable"},"acf":[],"_links":{"self":[{"href":"https:\/\/my-eliquid.de\/pl\/wp-json\/wp\/v2\/product\/304812","targetHints":{"allow":["GET"]}}],"collection":[{"href":"https:\/\/my-eliquid.de\/pl\/wp-json\/wp\/v2\/product"}],"about":[{"href":"https:\/\/my-eliquid.de\/pl\/wp-json\/wp\/v2\/types\/product"}],"replies":[{"embeddable":true,"href":"https:\/\/my-eliquid.de\/pl\/wp-json\/wp\/v2\/comments?post=304812"}],"wp:featuredmedia":[{"embeddable":true,"href":"https:\/\/my-eliquid.de\/pl\/wp-json\/wp\/v2\/media\/319843"}],"wp:attachment":[{"href":"https:\/\/my-eliquid.de\/pl\/wp-json\/wp\/v2\/media?parent=304812"}],"wp:term":[{"taxonomy":"product_brand","embeddable":true,"href":"https:\/\/my-eliquid.de\/pl\/wp-json\/wp\/v2\/product_brand?post=304812"},{"taxonomy":"product_cat","embeddable":true,"href":"https:\/\/my-eliquid.de\/pl\/wp-json\/wp\/v2\/product_cat?post=304812"},{"taxonomy":"product_tag","embeddable":true,"href":"https:\/\/my-eliquid.de\/pl\/wp-json\/wp\/v2\/product_tag?post=304812"}],"curies":[{"name":"wp","href":"https:\/\/api.w.org\/{rel}","templated":true}]}}