{"id":304815,"date":"2011-11-10T00:00:00","date_gmt":"2011-11-09T23:00:00","guid":{"rendered":"https:\/\/my-eliquid.de\/shop\/liquid-base-fertigmischung-ohne-nikotin-0mg\/"},"modified":"2026-04-10T14:50:50","modified_gmt":"2026-04-10T12:50:50","slug":"liquid-base-fertigmischung-ohne-nikotin-0mg","status":"publish","type":"product","link":"https:\/\/my-eliquid.de\/pl\/shop\/liquid-base-fertigmischung-ohne-nikotin-0mg\/","title":{"rendered":"Gotowa mieszanka Liquid Base 0 mg"},"content":{"rendered":"<p>Inhalt:\u00a0\u00a0 \u00a0rein pflanzliches Glycerin (<strong>VG \u2013 gliceryna ro\u015blinna<\/strong>) E422 (<strong>DAB, Ph. Eur.<\/strong>), Propylenglycol (<strong>PG<\/strong>) E1520 (<strong>Ph. Eur.<\/strong>), Wasser und <strong>0 mg pro ml Nikotingehalt<\/strong>.<br \/>\nZaleca si\u0119 obs\u0142ug\u0119 wy\u0142\u0105cznie przez do\u015bwiadczone i przeszkolone osoby.<br \/>\nArtyku\u0142y te s\u0105 u\u017cywane do <strong>Mieszanki<\/strong> lub do rozcie\u0144czenia, a nie do bezpo\u015bredniego spo\u017cycia.<\/p>\n<p><span style=\"color: #ff0000;\">Uwaga !!! Przechowywa\u0107 w miejscu niedost\u0119pnym dla dzieci !!!<\/span><\/p>\n<p>Informacje prawne dotycz\u0105ce u\u017cytkowania<br \/>\nArtyku\u0142y te s\u0105 zgodnie z prawem chemikaliami. Te chemikalia s\u0105 u\u017cywane do produkcji<strong> Uzupe\u0142nianie p\u0142yn\u00f3w lub eLiquids<\/strong> u\u017cywane. Chemikalia te s\u0105 oferowane i sprzedawane wy\u0142\u0105cznie \u015bwiadomym nabywcom w tym celu. Odpowiedzialno\u015b\u0107 za w\u0142a\u015bciwe u\u017cycie ponosi nabywca.<\/p>\n<p>Te chemikalia nie s\u0105 lekami ani \u015brodkami spo\u017cywczymi i nie s\u0105 jeszcze przeznaczone do u\u017cytku przez konsumenta ko\u0144cowego w formie, w jakiej je oferujemy. Nie zapewniamy r\u00f3wnie\u017c \u017cadnych wi\u0105\u017c\u0105cych instrukcji dotycz\u0105cych przygotowania lub konsumpcji.<strong> Instrukcje dozowania<\/strong>. U\u017cytkowanie i spo\u017cycie odbywa si\u0119 na w\u0142asne ryzyko.<\/p>\n<p>my-eLiquid nie ponosi odpowiedzialno\u015bci za uszczerbek na zdrowiu, np. spowodowany niew\u0142a\u015bciwym u\u017cytkowaniem.<\/p>\n<p>Artyku\u0142y te mog\u0105 by\u0107 zamawiane tylko wtedy, gdy kupuj\u0105cy posiada niezb\u0119dne <strong>Do\u015bwiadczenie<\/strong> w obchodzeniu si\u0119 z tymi chemikaliami i surowcami.<\/p>\n<p><span style=\"text-decoration: underline;\"><strong>Legenda:<br \/>\n<\/strong><\/span><br \/>\nPG:\u00a0<strong>Glikol 1,2-propylenowy<\/strong> (PG) E1520 (Ph. Eur.) czysty<br \/>\nVG:\u00a0<strong>Czysta gliceryna ro\u015blinna<\/strong> (VG) E422 (DAB), Nr CAS Oznaczenie 56-81-5 <strong>gliceryna<\/strong> 99,5%<br \/>\nWoda: \u00a0<strong>Aqua Purificata<\/strong> Ph.Eur. \/ Bidest<\/p>\n<p>Nikotin: <strong>0mg \/ ml (Nikotinfrei)<br \/>\n<\/strong><\/p>","protected":false},"excerpt":{"rendered":"<p>Pa\u0144stwa <strong>Mieszanka Pure eLiquid\u00ae bez nikotyny<\/strong>, gotowy do <strong>Samoczynne aromatyzowanie<\/strong>. Nadaje si\u0119 r\u00f3wnie\u017c do istniej\u0105cych <strong>P\u0142yny<\/strong> do <strong>rozcie\u0144cza\u0107<\/strong> lub indywidualnie zmienia\u0107 zawarto\u015b\u0107 nikotyny. Ich <strong>gotowa mieszanka<\/strong> jest w <span style=\"color: #339966\"><strong><strong>Br\u0105zowa butelka PET<\/strong><\/strong><\/span>\u00a0dostarczone.<\/p>","protected":false},"featured_media":319565,"comment_status":"open","ping_status":"closed","template":"","meta":{"_acf_changed":false,"_relevanssi_hide_post":"","_relevanssi_hide_content":"","_relevanssi_pin_for_all":"","_relevanssi_pin_keywords":"","_relevanssi_unpin_keywords":"","_relevanssi_related_keywords":"","_relevanssi_related_include_ids":"","_relevanssi_related_exclude_ids":"","_relevanssi_related_no_append":"","_relevanssi_related_not_related":"","_relevanssi_related_posts":"","_relevanssi_noindex_reason":""},"product_brand":[],"product_cat":[4732,4695,4700],"product_tag":[7159,1454,1453,6716,6738,5124,6717,5118,6712,5805,5792,5811,6722,1393,1414],"class_list":{"0":"post-304815","1":"product","2":"type-product","3":"status-publish","4":"has-post-thumbnail","6":"product_cat-alle-basen-fur-liquids","7":"product_cat-diy-liquid-basen","8":"product_cat-liquid-basis-fertigmischung","9":"product_tag-0mg","10":"product_tag-1454","11":"product_tag-1453","12":"product_tag-alle","13":"product_tag-base","14":"product_tag-basen","15":"product_tag-diy","16":"product_tag-fertigmischung","17":"product_tag-fuer","18":"product_tag-liquid","19":"product_tag-liquids","20":"product_tag-nikotin","21":"product_tag-ohne","22":"product_tag-pg","23":"product_tag-vg","24":"product_shipping_class-standard","26":"first","27":"instock","28":"taxable","29":"shipping-taxable","30":"purchasable","31":"product-type-variable"},"acf":[],"_links":{"self":[{"href":"https:\/\/my-eliquid.de\/pl\/wp-json\/wp\/v2\/product\/304815","targetHints":{"allow":["GET"]}}],"collection":[{"href":"https:\/\/my-eliquid.de\/pl\/wp-json\/wp\/v2\/product"}],"about":[{"href":"https:\/\/my-eliquid.de\/pl\/wp-json\/wp\/v2\/types\/product"}],"replies":[{"embeddable":true,"href":"https:\/\/my-eliquid.de\/pl\/wp-json\/wp\/v2\/comments?post=304815"}],"wp:featuredmedia":[{"embeddable":true,"href":"https:\/\/my-eliquid.de\/pl\/wp-json\/wp\/v2\/media\/319565"}],"wp:attachment":[{"href":"https:\/\/my-eliquid.de\/pl\/wp-json\/wp\/v2\/media?parent=304815"}],"wp:term":[{"taxonomy":"product_brand","embeddable":true,"href":"https:\/\/my-eliquid.de\/pl\/wp-json\/wp\/v2\/product_brand?post=304815"},{"taxonomy":"product_cat","embeddable":true,"href":"https:\/\/my-eliquid.de\/pl\/wp-json\/wp\/v2\/product_cat?post=304815"},{"taxonomy":"product_tag","embeddable":true,"href":"https:\/\/my-eliquid.de\/pl\/wp-json\/wp\/v2\/product_tag?post=304815"}],"curies":[{"name":"wp","href":"https:\/\/api.w.org\/{rel}","templated":true}]}}