{"id":304978,"date":"2020-05-28T00:00:00","date_gmt":"2020-05-27T22:00:00","guid":{"rendered":"https:\/\/my-eliquid.de\/shop\/geekvape-aegis-boost-rba-pod\/"},"modified":"2025-11-25T13:49:29","modified_gmt":"2025-11-25T12:49:29","slug":"geekvape-aegis-boost-rba-pod","status":"publish","type":"product","link":"https:\/\/my-eliquid.de\/pl\/shop\/geekvape-aegis-boost-rba-pod\/","title":{"rendered":"GeekVape | Aegis Boost RBA Pod"},"content":{"rendered":"<p><strong>GeekVape Aegis Boost RBA Pod<\/strong><\/p>\n<p>Odkryj innowacyjn\u0105 jednostk\u0119 RBA (jednostka samozwijaj\u0105ca) od GeekVape dla systemu Aegis Boost. Dzi\u0119ki tej elastycznej jednostce mo\u017cesz indywidualnie za\u0142adowa\u0107 kapsu\u0142\u0119 w\u0142asnymi cewkami, aby stworzy\u0107 osobiste i zoptymalizowane wra\u017cenia z waporyzacji. Du\u017ca obj\u0119to\u015b\u0107 nape\u0142niania wynosz\u0105ca 2 ml zapewnia wygodne u\u017cytkowanie, kt\u00f3re idealnie dostosowuje si\u0119 do Twoich potrzeb.<\/p>\n<p>Jednostka RBA \u0142\u0105czy w sobie indywidualno\u015b\u0107 i \u0142atwo\u015b\u0107 u\u017cytkowania - idealna dla wymagaj\u0105cych u\u017cytkownik\u00f3w, kt\u00f3rzy ceni\u0105 sobie niestandardowe cewki i intensywne doznania smakowe.<\/p>\n<p><strong>Wa\u017cne uwagi i instrukcje dotycz\u0105ce bezpiecze\u0144stwa:<\/strong><br \/> - Ten produkt jest przeznaczony wy\u0142\u0105cznie do u\u017cytku przez osoby w wieku co najmniej 18 lat.<br \/> - Jednostki RBA nale\u017cy u\u017cywa\u0107 wy\u0142\u0105cznie zgodnie z jej przeznaczeniem: do tworzenia w\u0142asnych zwoj\u00f3w w po\u0142\u0105czeniu z kompatybilnymi urz\u0105dzeniami.<br \/> - Nieprawid\u0142owy monta\u017c lub u\u017cycie niekompatybilnych cewek mo\u017ce prowadzi\u0107 do nieprawid\u0142owego dzia\u0142ania, przegrzania lub innych zagro\u017ce\u0144. Nale\u017cy zawsze post\u0119powa\u0107 zgodnie z instrukcjami producenta.<br \/> - Produkt nale\u017cy przechowywa\u0107 z dala od dzieci i os\u00f3b nieupowa\u017cnionych.<br \/> - Elementy, kt\u00f3rych nie mo\u017cna ju\u017c u\u017cywa\u0107, nale\u017cy utylizowa\u0107 zgodnie z obowi\u0105zuj\u0105cymi przepisami prawa i wytycznymi dotycz\u0105cymi utylizacji.<\/p>\n<p>Skorzystaj z elastyczno\u015bci i wysokich standard\u00f3w jako\u015bci GeekVape Aegis Boost RBA Pod - idealnego towarzysza do spersonalizowanej i intensywnej waporyzacji.<\/p>","protected":false},"excerpt":{"rendered":"<p>GeekVape dostarcza teraz jednostk\u0119 RBA o pojemno\u015bci 2 ml do systemu Aegis Boost Pod.<\/p>","protected":false},"featured_media":319586,"comment_status":"open","ping_status":"closed","template":"","meta":{"_acf_changed":false,"_relevanssi_hide_post":"","_relevanssi_hide_content":"","_relevanssi_pin_for_all":"","_relevanssi_pin_keywords":"","_relevanssi_unpin_keywords":"","_relevanssi_related_keywords":"","_relevanssi_related_include_ids":"","_relevanssi_related_exclude_ids":"","_relevanssi_related_no_append":"","_relevanssi_related_not_related":"","_relevanssi_related_posts":"","_relevanssi_noindex_reason":""},"product_brand":[],"product_cat":[4713,4781,4780,4814,4789,4774,4778],"product_tag":[7105,7106,5411,6108,6071,5859,7146,5251,4920,5423],"class_list":{"0":"post-304978","1":"product","2":"type-product","3":"status-publish","4":"has-post-thumbnail","6":"product_cat-e-zigaretten","7":"product_cat-e-zigaretten-hersteller","8":"product_cat-ersatzteile","9":"product_cat-geekvape","10":"product_cat-selbstwickler-1","11":"product_cat-verdampfer","12":"product_cat-verdampferkoepfe","13":"product_tag-aegis","14":"product_tag-boost","15":"product_tag-e-zigaretten","16":"product_tag-ersatzteile","17":"product_tag-geekvape","18":"product_tag-pod","19":"product_tag-rba","20":"product_tag-selbstwickler","21":"product_tag-verdampfer","22":"product_tag-verdampferkoepfe","23":"product_shipping_class-standard","25":"first","26":"instock","27":"taxable","28":"shipping-taxable","29":"purchasable","30":"product-type-simple"},"acf":[],"_links":{"self":[{"href":"https:\/\/my-eliquid.de\/pl\/wp-json\/wp\/v2\/product\/304978","targetHints":{"allow":["GET"]}}],"collection":[{"href":"https:\/\/my-eliquid.de\/pl\/wp-json\/wp\/v2\/product"}],"about":[{"href":"https:\/\/my-eliquid.de\/pl\/wp-json\/wp\/v2\/types\/product"}],"replies":[{"embeddable":true,"href":"https:\/\/my-eliquid.de\/pl\/wp-json\/wp\/v2\/comments?post=304978"}],"wp:featuredmedia":[{"embeddable":true,"href":"https:\/\/my-eliquid.de\/pl\/wp-json\/wp\/v2\/media\/319586"}],"wp:attachment":[{"href":"https:\/\/my-eliquid.de\/pl\/wp-json\/wp\/v2\/media?parent=304978"}],"wp:term":[{"taxonomy":"product_brand","embeddable":true,"href":"https:\/\/my-eliquid.de\/pl\/wp-json\/wp\/v2\/product_brand?post=304978"},{"taxonomy":"product_cat","embeddable":true,"href":"https:\/\/my-eliquid.de\/pl\/wp-json\/wp\/v2\/product_cat?post=304978"},{"taxonomy":"product_tag","embeddable":true,"href":"https:\/\/my-eliquid.de\/pl\/wp-json\/wp\/v2\/product_tag?post=304978"}],"curies":[{"name":"wp","href":"https:\/\/api.w.org\/{rel}","templated":true}]}}