{"id":305008,"date":"2018-02-26T00:00:00","date_gmt":"2018-02-25T23:00:00","guid":{"rendered":"https:\/\/my-eliquid.de\/shop\/bf-ss316-coil-verdampferkoepfe\/"},"modified":"2026-04-15T08:41:45","modified_gmt":"2026-04-15T06:41:45","slug":"bf-ss316-coil-verdampferkoepfe","status":"publish","type":"product","link":"https:\/\/my-eliquid.de\/pl\/shop\/bf-ss316-coil-verdampferkoepfe\/","title":{"rendered":"Joyetech | BF SS316 Coil | G\u0142owice waporyzatora"},"content":{"rendered":"<p><span>Die <strong>BF SS316 Heads<\/strong> od <strong>Joyetech<\/strong> sind f\u00fcr die <strong>AIO<\/strong>. Sie weisen hitzebest\u00e4ndige Eigenschaften auf, . Die BFSS316 <strong>G\u0142owy<\/strong> von Joyetech bekommen Sie mit den <strong>Widerst\u00e4nden<\/strong> von 0,5 Ohm, 0,6 Ohm und 1,0 Ohm in einer 5er-Packung geliefert.<\/span><\/p>\n<p>Wichtige Merkmale<\/p>\n<p>Material der Wicklung: Edelstahl SS316<br \/>\nWiderstand: 0,5 Ohm, 0,6 Ohm, 1,0 Ohm<br \/>\nLeistungsbereich: 0,5 Ohm (15 &#8211; 30 Watt), 0,6 Ohm (15 &#8211; 28 Watt), 1,0 Ohm (10 &#8211; 25 Watt)<br \/>\ngeeignet f\u00fcr watt- und temperaturgeregeltes Dampfen<br \/>\ngeeignet f\u00fcr Lungeninhalation (DTL): 0,5 Ohm<br \/>\ngeeignet f\u00fcr Mundinhalation (MTL): 0,6 Ohm, 1,0 Ohm<br \/>\nZakres dostawy<\/p>\n<p>5x Joyetech BF SS316 Verdampferkopf (nach Wahl)<br \/>\nAchtung: Dieses Angebot richtet sich ausschlie\u00dflich an Vollj\u00e4hrige. Das Jugendschutzgesetz verbietet das Angebot und die Abgabe dieses Artikels an Kinder und Jugendliche. Ein Kaufvertrag kommt nur nach erfolgreicher Alters\u00fcberpr\u00fcfung zustande. Zus\u00e4tzlich f\u00fchrt der Postbote bei der Aush\u00e4ndigung des Pakets eine \u00dcberpr\u00fcfung durch.<\/p>","protected":false},"excerpt":{"rendered":"<p>G\u0142owice BF SS316 od Joyetech s\u0105 przeznaczone do AIO. Maj\u0105 w\u0142a\u015bciwo\u015bci odporne na ciep\u0142o, . G\u0142owice BFSS316 od Joyetech s\u0105 dost\u0119pne z rezystancjami 0,5 Ohm, 0,6 Ohm i 1,0 Ohm w opakowaniu po 5 sztuk.<\/p>","protected":false},"featured_media":319772,"comment_status":"open","ping_status":"closed","template":"","meta":{"_acf_changed":false,"_relevanssi_hide_post":"","_relevanssi_hide_content":"","_relevanssi_pin_for_all":"","_relevanssi_pin_keywords":"","_relevanssi_unpin_keywords":"","_relevanssi_related_keywords":"","_relevanssi_related_include_ids":"","_relevanssi_related_exclude_ids":"","_relevanssi_related_no_append":"","_relevanssi_related_not_related":"","_relevanssi_related_posts":"","_relevanssi_noindex_reason":""},"product_brand":[],"product_cat":[4713,4781,4778],"product_tag":[7454,6360,7241,5423],"class_list":{"0":"post-305008","1":"product","2":"type-product","3":"status-publish","4":"has-post-thumbnail","6":"product_cat-e-zigaretten","7":"product_cat-e-zigaretten-hersteller","8":"product_cat-verdampferkoepfe","9":"product_tag-bf","10":"product_tag-coil","11":"product_tag-ss316","12":"product_tag-verdampferkoepfe","13":"product_shipping_class-standard","15":"first","16":"instock","17":"taxable","18":"shipping-taxable","19":"purchasable","20":"product-type-variable"},"acf":[],"_links":{"self":[{"href":"https:\/\/my-eliquid.de\/pl\/wp-json\/wp\/v2\/product\/305008","targetHints":{"allow":["GET"]}}],"collection":[{"href":"https:\/\/my-eliquid.de\/pl\/wp-json\/wp\/v2\/product"}],"about":[{"href":"https:\/\/my-eliquid.de\/pl\/wp-json\/wp\/v2\/types\/product"}],"replies":[{"embeddable":true,"href":"https:\/\/my-eliquid.de\/pl\/wp-json\/wp\/v2\/comments?post=305008"}],"wp:featuredmedia":[{"embeddable":true,"href":"https:\/\/my-eliquid.de\/pl\/wp-json\/wp\/v2\/media\/319772"}],"wp:attachment":[{"href":"https:\/\/my-eliquid.de\/pl\/wp-json\/wp\/v2\/media?parent=305008"}],"wp:term":[{"taxonomy":"product_brand","embeddable":true,"href":"https:\/\/my-eliquid.de\/pl\/wp-json\/wp\/v2\/product_brand?post=305008"},{"taxonomy":"product_cat","embeddable":true,"href":"https:\/\/my-eliquid.de\/pl\/wp-json\/wp\/v2\/product_cat?post=305008"},{"taxonomy":"product_tag","embeddable":true,"href":"https:\/\/my-eliquid.de\/pl\/wp-json\/wp\/v2\/product_tag?post=305008"}],"curies":[{"name":"wp","href":"https:\/\/api.w.org\/{rel}","templated":true}]}}