{"id":305022,"date":"2023-01-18T00:00:00","date_gmt":"2023-01-17T23:00:00","guid":{"rendered":"https:\/\/my-eliquid.de\/shop\/voopoo-ito-coil\/"},"modified":"2026-04-17T11:35:19","modified_gmt":"2026-04-17T09:35:19","slug":"voopoo-ito-coil","status":"publish","type":"product","link":"https:\/\/my-eliquid.de\/pl\/shop\/voopoo-ito-coil\/","title":{"rendered":"Voopoo | ITO | Cewka g\u0142owicy waporyzatora"},"content":{"rendered":"<h2>Cewki VooPoo ITO (5 sztuk)<\/h2>\n<p>Cewki VooPoo ITO s\u0105 odpowiednie dla Drag Q, Doric 20, ITO X, Argus P1.<\/p>\n<p>W zale\u017cno\u015bci od oporu, cewki ITO nadaj\u0105 si\u0119 do restrykcyjnego zaci\u0105gania si\u0119 w p\u0142ucach (RDL) i do waporyzacji wstecznej (MTL).<\/p>\n<h3>Dost\u0119pne s\u0105 nast\u0119puj\u0105ce warianty cewek VooPoo ITO:<\/h3>\n<ul>\n<li><strong>0,5 Ohm ITO-M0<\/strong>\u00a0- Siatkowa cewka - ta g\u0142owica waporyzatora jest przeznaczona do waporyzacji restrykcyjnej. Wed\u0142ug producenta, zakres mocy wynosi od 18 do 25 wat\u00f3w.<\/li>\n<\/ul>\n<ul>\n<li><strong>0,7 Ohm ITO-M1<\/strong><span>\u00a0<\/span>- Siatkowa cewka -\u00a0<span>Ta g\u0142owica waporyzatora jest przeznaczona do waporyzacji MTL.\u00a0<\/span>Wed\u0142ug producenta spektrum mocy wynosi od 14 do 18 wat\u00f3w.<\/li>\n<\/ul>\n<ul>\n<li><strong>1.0 Ohm ITO-M2<\/strong>\u00a0- Cewka siatkowa - dzi\u0119ki tej cewce mo\u017cesz cieszy\u0107 si\u0119 relaksuj\u0105cym zaci\u0105ganiem MTL. Wed\u0142ug producenta zakres mocy wynosi od 10 do 14 wat\u00f3w.<\/li>\n<\/ul>\n<ul>\n<li><strong>1,2 Ohm ITO-M3<\/strong>\u00a0- Siatkowa cewka - idealna do ciasnej pary (MTL). Wed\u0142ug producenta, zaprojektowany dla mocy wyj\u015bciowej od 8 do 12 wat\u00f3w.<\/li>\n<\/ul>\n<h3>Jugendschutz<\/h3>\n<p>Dieses Angebot richtet sich ausschlie\u00dflich an vollj\u00e4hrige Personen. Die Abgabe an Kinder und Jugendliche ist gesetzlich verboten. Ein Kaufvertrag kommt nur nach erfolgreicher Alterspr\u00fcfung zustande. Bei der Zustellung erfolgt zus\u00e4tzlich eine Alterskontrolle.<\/p>","protected":false},"excerpt":{"rendered":"<p>Cewki VooPoo ITO<\/p>","protected":false},"featured_media":319640,"comment_status":"open","ping_status":"closed","template":"","meta":{"_acf_changed":false,"_relevanssi_hide_post":"","_relevanssi_hide_content":"","_relevanssi_pin_for_all":"","_relevanssi_pin_keywords":"","_relevanssi_unpin_keywords":"","_relevanssi_related_keywords":"","_relevanssi_related_include_ids":"","_relevanssi_related_exclude_ids":"","_relevanssi_related_no_append":"","_relevanssi_related_not_related":"","_relevanssi_related_posts":"","_relevanssi_noindex_reason":""},"product_brand":[],"product_cat":[4713,4781,4722,4793,4778,4898],"product_tag":[1391,6360,5411,7200,7201,5423,6483],"class_list":{"0":"post-305022","1":"product","2":"type-product","3":"status-publish","4":"has-post-thumbnail","6":"product_cat-e-zigaretten","7":"product_cat-e-zigaretten-hersteller","8":"product_cat-neuheiten","9":"product_cat-e-zigaretten-liquid-basen-aroma-vape-sale","10":"product_cat-verdampferkoepfe","11":"product_cat-voopoo","12":"product_tag-bitte","13":"product_tag-coil","14":"product_tag-e-zigaretten","15":"product_tag-ito","16":"product_tag-verdampferkopf","17":"product_tag-verdampferkoepfe","18":"product_tag-voopoo","19":"product_shipping_class-standard","21":"first","22":"instock","23":"taxable","24":"shipping-taxable","25":"purchasable","26":"product-type-variable"},"acf":[],"_links":{"self":[{"href":"https:\/\/my-eliquid.de\/pl\/wp-json\/wp\/v2\/product\/305022","targetHints":{"allow":["GET"]}}],"collection":[{"href":"https:\/\/my-eliquid.de\/pl\/wp-json\/wp\/v2\/product"}],"about":[{"href":"https:\/\/my-eliquid.de\/pl\/wp-json\/wp\/v2\/types\/product"}],"replies":[{"embeddable":true,"href":"https:\/\/my-eliquid.de\/pl\/wp-json\/wp\/v2\/comments?post=305022"}],"wp:featuredmedia":[{"embeddable":true,"href":"https:\/\/my-eliquid.de\/pl\/wp-json\/wp\/v2\/media\/319640"}],"wp:attachment":[{"href":"https:\/\/my-eliquid.de\/pl\/wp-json\/wp\/v2\/media?parent=305022"}],"wp:term":[{"taxonomy":"product_brand","embeddable":true,"href":"https:\/\/my-eliquid.de\/pl\/wp-json\/wp\/v2\/product_brand?post=305022"},{"taxonomy":"product_cat","embeddable":true,"href":"https:\/\/my-eliquid.de\/pl\/wp-json\/wp\/v2\/product_cat?post=305022"},{"taxonomy":"product_tag","embeddable":true,"href":"https:\/\/my-eliquid.de\/pl\/wp-json\/wp\/v2\/product_tag?post=305022"}],"curies":[{"name":"wp","href":"https:\/\/api.w.org\/{rel}","templated":true}]}}