{"id":305045,"date":"2018-10-12T00:00:00","date_gmt":"2018-10-11T22:00:00","guid":{"rendered":"https:\/\/my-eliquid.de\/shop\/uwell-nunchaku-coil-kanthal-a1-verdampferkoepfe-fertigkopf\/"},"modified":"2026-03-26T13:43:52","modified_gmt":"2026-03-26T12:43:52","slug":"uwell-nunchaku-coil-kanthal-a1-verdampferkoepfe-fertigkopf","status":"publish","type":"product","link":"https:\/\/my-eliquid.de\/pl\/shop\/uwell-nunchaku-coil-kanthal-a1-verdampferkoepfe-fertigkopf\/","title":{"rendered":"Uwell Nunchaku Coil | Mesh 0,14 Ohm - 0,4 Ohm |"},"content":{"rendered":"<p><strong>Zwoje nunchaku<\/strong><\/p>\n<p>\n<strong><em>Wyprodukowany przez Uwell<\/em><\/strong><\/p>\n<p><span>Te wysokiej jako\u015bci g\u0142owice waporyzator\u00f3w <strong>Uwell<\/strong> s\u0105 idealne dla <strong>Nunchaku Clearomise<\/strong>r odpowiedni.<\/span><\/p>\n<p>Specjaln\u0105 cech\u0105 <strong>Cewki Nunchkau<\/strong> Jego specjalna konstrukcja umo\u017cliwia wytwarzanie ogromnych chmur pary przy stosunkowo niskiej mocy.<\/p>\n<p>The <strong>G\u0142owice waporyzatora Nunchaku<\/strong> wyj\u0105tkowo energooszcz\u0119dne i o niskim zu\u017cyciu cieczy.<\/p>\n<p><span>Dzi\u0119ki bardzo prostej zasadzie Plug'n'Pull, cewki nie s\u0105 wkr\u0119cane, ale pod\u0142\u0105czane lub wyci\u0105gane ponownie. Dzi\u0119ki temu wymiana g\u0142owic waporyzatora jest znacznie \u0142atwiejsza.<\/span><\/p>\n<p><strong>Zakres dostawy obejmuje 4 zwoje nunchaku.<\/strong><\/p>\n<p>Dieses Angebot richtet sich ausschlie\u00dflich an vollj\u00e4hrige Personen. Die Abgabe an Kinder und Jugendliche ist gesetzlich verboten. Ein Kaufvertrag kommt nur nach erfolgreicher Alterspr\u00fcfung zustande. Bei der Zustellung erfolgt zus\u00e4tzlich eine Alterskontrolle.<\/p>","protected":false},"excerpt":{"rendered":"<p>Praktyczne, gotowe do u\u017cycia cewki. The <strong>G\u0142owice waporyzatora Nunchaku<\/strong> <strong>z Kanthal A1<\/strong> przewody.<\/p>","protected":false},"featured_media":319253,"comment_status":"open","ping_status":"closed","template":"","meta":{"_acf_changed":false,"_relevanssi_hide_post":"","_relevanssi_hide_content":"","_relevanssi_pin_for_all":"","_relevanssi_pin_keywords":"","_relevanssi_unpin_keywords":"","_relevanssi_related_keywords":"","_relevanssi_related_include_ids":"","_relevanssi_related_exclude_ids":"","_relevanssi_related_no_append":"","_relevanssi_related_not_related":"","_relevanssi_related_posts":"","_relevanssi_noindex_reason":""},"product_brand":[],"product_cat":[4713,4781,4856,4889,4778],"product_tag":[],"class_list":{"0":"post-305045","1":"product","2":"type-product","3":"status-publish","4":"has-post-thumbnail","6":"product_cat-e-zigaretten","7":"product_cat-e-zigaretten-hersteller","8":"product_cat-lager-verkauf","9":"product_cat-uwell","10":"product_cat-verdampferkoepfe","11":"product_shipping_class-standard","13":"first","14":"instock","15":"taxable","16":"shipping-taxable","17":"purchasable","18":"product-type-variable"},"acf":[],"_links":{"self":[{"href":"https:\/\/my-eliquid.de\/pl\/wp-json\/wp\/v2\/product\/305045","targetHints":{"allow":["GET"]}}],"collection":[{"href":"https:\/\/my-eliquid.de\/pl\/wp-json\/wp\/v2\/product"}],"about":[{"href":"https:\/\/my-eliquid.de\/pl\/wp-json\/wp\/v2\/types\/product"}],"replies":[{"embeddable":true,"href":"https:\/\/my-eliquid.de\/pl\/wp-json\/wp\/v2\/comments?post=305045"}],"wp:featuredmedia":[{"embeddable":true,"href":"https:\/\/my-eliquid.de\/pl\/wp-json\/wp\/v2\/media\/319253"}],"wp:attachment":[{"href":"https:\/\/my-eliquid.de\/pl\/wp-json\/wp\/v2\/media?parent=305045"}],"wp:term":[{"taxonomy":"product_brand","embeddable":true,"href":"https:\/\/my-eliquid.de\/pl\/wp-json\/wp\/v2\/product_brand?post=305045"},{"taxonomy":"product_cat","embeddable":true,"href":"https:\/\/my-eliquid.de\/pl\/wp-json\/wp\/v2\/product_cat?post=305045"},{"taxonomy":"product_tag","embeddable":true,"href":"https:\/\/my-eliquid.de\/pl\/wp-json\/wp\/v2\/product_tag?post=305045"}],"curies":[{"name":"wp","href":"https:\/\/api.w.org\/{rel}","templated":true}]}}