{"id":305812,"date":"2024-01-12T00:00:00","date_gmt":"2024-01-11T23:00:00","guid":{"rendered":"https:\/\/my-eliquid.de\/shop\/nikotin-shots-20mg-10ml-mvm-noindex\/"},"modified":"2025-11-25T13:51:53","modified_gmt":"2025-11-25T12:51:53","slug":"nikotin-shots-20mg-10ml-mvm-noindex","status":"publish","type":"product","link":"https:\/\/my-eliquid.de\/pl\/shop\/nikotin-shots-20mg-10ml-mvm-noindex\/","title":{"rendered":"Nikotyna w ampu\u0142kach MvM | 20 mg | 10 ml"},"content":{"rendered":"<p><strong>P\u0142ynny shot nikotynowy z 20 mg nikotyny!<\/strong> Wybierz \u017c\u0105dane proporcje mieszania i rozpocznij mieszanie!<\/p>\n<p><strong>Czy nadal masz pod r\u0119k\u0105 baz\u0119 0mg?<\/strong>\u00a0Prosty\u00a0<strong>Strza\u0142y<\/strong>\u00a0Kup i ju\u017c otrzymasz to, czego pragniesz.\u00a0<strong>nikotyna<\/strong>\u00a0si\u0142a!<\/p>\n<p><strong>Ten artyku\u0142 jest oferowany do mieszanek lub do rozcie\u0144czania, a nie do bezpo\u015bredniego u\u017cytku.<\/strong><\/p>\n<p>Jako przyk\u0142ady:<\/p>\n<p>100 ml <strong>Baza 0 mg<\/strong> + 2 x 10 ml <strong>20 mg nikotyny Shot\u00a0<\/strong>= <strong>120 ml 3 mg baza<\/strong> (200 ml 0 mg bazy + 4 x 20 mg nikotyny w zastrzyku = 240 ml 3 mg bazy itd.)<\/p>\n<p>lub<\/p>\n<p>100 ml <strong>Baza 0 mg<\/strong> + 4 x 10 ml\u00a0<strong>20 mg nikotyny Shot\u00a0<\/strong>= <strong>140 ml 6 mg baza<\/strong>\u00a0(200 ml 0 mg bazy + 8 x 20 mg nikotyny w zastrzyku = 280 ml 6 mg bazy itd.)<\/p>\n<p>lub<\/p>\n<p>100 ml<strong><strong><strong><strong>\u00a0Baza 0 mg<\/strong>\u00a0+<\/strong><\/strong><\/strong>9 x 10 ml\u00a0\u00a0<strong><strong><strong><strong>20 mg nikotyny Shot\u00a0<\/strong>=\u00a0<strong>190 ml 9 mg baza<\/strong>\u00a0<\/strong><\/strong><\/strong>(200 ml 0 mg bazy + 18 x 20 mg nikotyny w zastrzyku = 380 ml 9 mg bazy itd.)<\/p>\n<p>lub<\/p>\n<p>100 ml\u00a0<strong>Baza 0 mg<\/strong>\u00a0+8 x 10 ml<strong>\u00a020 mg nikotyny Shot\u00a0<\/strong>=\u00a0<strong>180 ml 12 mg baza\u00a0<\/strong>(200 ml 0 mg bazy + 16 x 20 mg nikotyny w zastrzyku = 360 ml 12 mg bazy itd.)<\/p>\n<p>lub<\/p>\n<p>100 ml<strong><strong><strong><strong>\u00a0Baza 0 mg<\/strong>\u00a0+<\/strong><\/strong><\/strong>18 x 10 ml\u00a0\u00a0<strong><strong><strong><strong>20 mg nikotyny Shot\u00a0<\/strong>= 28<strong>0ml 18 mg baza<\/strong>\u00a0<\/strong><\/strong><\/strong>(200 ml 0 mg bazy + 36 x 20 mg nikotyny w zastrzyku = 560 ml 18 mg bazy itd.)<\/p>\n<p><strong>Zaleca si\u0119 obs\u0142ug\u0119 wy\u0142\u0105cznie przez do\u015bwiadczone i przeszkolone osoby!<\/strong><\/p>\n<p><span>Uwaga !!! Przechowywa\u0107 w miejscu niedost\u0119pnym dla dzieci !!!<\/span><\/p>\n<p>Informacje prawne dotycz\u0105ce u\u017cytkowania<br \/>\nArtyku\u0142y te s\u0105 zgodnie z prawem chemikaliami. Te chemikalia s\u0105 u\u017cywane do produkcji <strong>Uzupe\u0142nianie p\u0142yn\u00f3w lub eLiquids<\/strong> u\u017cywane. Chemikalia te s\u0105 oferowane i sprzedawane wy\u0142\u0105cznie \u015bwiadomym nabywcom w tym celu. Odpowiedzialno\u015b\u0107 za w\u0142a\u015bciwe u\u017cycie ponosi nabywca.<\/p>\n<p>Te chemikalia nie s\u0105 lekami ani \u015brodkami spo\u017cywczymi i nie s\u0105 jeszcze przeznaczone do u\u017cytku przez konsumenta ko\u0144cowego w formie, w jakiej je oferujemy. Nie zapewniamy r\u00f3wnie\u017c \u017cadnych wi\u0105\u017c\u0105cych instrukcji dotycz\u0105cych przygotowania lub konsumpcji. <strong>Instrukcje dozowania<\/strong>. U\u017cytkowanie i spo\u017cycie odbywa si\u0119 na w\u0142asne ryzyko.<\/p>\n<p>my-eLiquid nie ponosi odpowiedzialno\u015bci za uszczerbek na zdrowiu, np. spowodowany niew\u0142a\u015bciwym u\u017cytkowaniem.<\/p>\n<p>Artyku\u0142y te mog\u0105 by\u0107 zamawiane tylko wtedy, gdy kupuj\u0105cy posiada niezb\u0119dne <strong>Do\u015bwiadczenie<\/strong> w obchodzeniu si\u0119 z tymi chemikaliami i surowcami.<\/p>\n<p><span><strong>Legenda:<br \/><\/strong><\/span><br \/>\nPG:\u00a0<span><strong>Glikol 1,2-propylenowy<\/strong> (PG) E1520 (Ph. Eur.) czysty<\/span><br \/>\nVG:\u00a0<span><strong>Czysta gliceryna ro\u015blinna<\/strong> (VG) E422 (DAB), Nr CAS Oznaczenie 56-81-5 <strong>gliceryna<\/strong> 99,5%<br \/><\/span><\/p>\n<p>Opcjonalnie:<\/p>\n<p>Woda: \u00a0<strong>Aqua Purificata<\/strong> Ph.Eur. \/ Bidest<\/p>\n<p><strong>\u00a0<\/strong><\/p>","protected":false},"excerpt":{"rendered":"<p><span>Podstawa <strong>P\u0142yn<\/strong> z<strong>\u00a020 mg nikotyny.<\/strong> Czy masz jeszcze <strong>0 mg<\/strong> <strong>Baza<\/strong> pod r\u0119k\u0105? Po prostu <strong>Strza\u0142y<\/strong> Kup i ju\u017c otrzymasz to, czego pragniesz. <strong>nikotyna<\/strong> si\u0142a!<br \/><\/span><\/p>","protected":false},"featured_media":319671,"comment_status":"open","ping_status":"closed","template":"","meta":{"_acf_changed":false,"_relevanssi_hide_post":"","_relevanssi_hide_content":"","_relevanssi_pin_for_all":"","_relevanssi_pin_keywords":"","_relevanssi_unpin_keywords":"","_relevanssi_related_keywords":"","_relevanssi_related_include_ids":"","_relevanssi_related_exclude_ids":"","_relevanssi_related_no_append":"","_relevanssi_related_not_related":"","_relevanssi_related_posts":"","_relevanssi_noindex_reason":""},"product_brand":[],"product_cat":[4907],"product_tag":[6716,5124,6717,5411,6712,5805,5792,7388,5811,5812,5813],"class_list":{"0":"post-305812","1":"product","2":"type-product","3":"status-publish","4":"has-post-thumbnail","6":"product_cat-mvm","7":"product_tag-alle","8":"product_tag-basen","9":"product_tag-diy","10":"product_tag-e-zigaretten","11":"product_tag-fuer","12":"product_tag-liquid","13":"product_tag-liquids","14":"product_tag-mvm","15":"product_tag-nikotin","16":"product_tag-shot","17":"product_tag-shots","18":"product_shipping_class-standard","20":"first","21":"outofstock","22":"taxable","23":"shipping-taxable","24":"purchasable","25":"product-type-variable"},"acf":[],"_links":{"self":[{"href":"https:\/\/my-eliquid.de\/pl\/wp-json\/wp\/v2\/product\/305812","targetHints":{"allow":["GET"]}}],"collection":[{"href":"https:\/\/my-eliquid.de\/pl\/wp-json\/wp\/v2\/product"}],"about":[{"href":"https:\/\/my-eliquid.de\/pl\/wp-json\/wp\/v2\/types\/product"}],"replies":[{"embeddable":true,"href":"https:\/\/my-eliquid.de\/pl\/wp-json\/wp\/v2\/comments?post=305812"}],"wp:featuredmedia":[{"embeddable":true,"href":"https:\/\/my-eliquid.de\/pl\/wp-json\/wp\/v2\/media\/319671"}],"wp:attachment":[{"href":"https:\/\/my-eliquid.de\/pl\/wp-json\/wp\/v2\/media?parent=305812"}],"wp:term":[{"taxonomy":"product_brand","embeddable":true,"href":"https:\/\/my-eliquid.de\/pl\/wp-json\/wp\/v2\/product_brand?post=305812"},{"taxonomy":"product_cat","embeddable":true,"href":"https:\/\/my-eliquid.de\/pl\/wp-json\/wp\/v2\/product_cat?post=305812"},{"taxonomy":"product_tag","embeddable":true,"href":"https:\/\/my-eliquid.de\/pl\/wp-json\/wp\/v2\/product_tag?post=305812"}],"curies":[{"name":"wp","href":"https:\/\/api.w.org\/{rel}","templated":true}]}}