{"id":322475,"date":"2025-11-21T13:10:28","date_gmt":"2025-11-21T12:10:28","guid":{"rendered":"https:\/\/my-eliquid.de\/shop\/dotmod-dotpod-max-kit\/"},"modified":"2025-11-25T13:48:26","modified_gmt":"2025-11-25T12:48:26","slug":"dotmod-dotpod-max-kit","status":"publish","type":"product","link":"https:\/\/my-eliquid.de\/pl\/shop\/dotmod-dotpod-max-kit\/","title":{"rendered":"dotMod | DotPod MAX | Zestaw Pod"},"content":{"rendered":"<h2>DotMod dotPod Max Pod Kit - moc, elegancja i elastyczno\u015b\u0107 w jednym urz\u0105dzeniu<\/h2>\n<p>Dzi\u0119ki <strong>dotPod Max<\/strong> przynosi <strong>DotMod<\/strong> Wszechstronny zestaw kapsu\u0142ek w nowoczesnym pude\u0142ku, kt\u00f3ry mo\u017ce by\u0107 u\u017cywany zar\u00f3wno do <strong>MTL<\/strong>-, <strong>RDL<\/strong>- jak r\u00f3wnie\u017c <strong>Parowar DL<\/strong> inspiruje. Wysokiej jako\u015bci wykonanie z <strong>anodowane aluminium<\/strong>, Urz\u0105dzenie imponuje nie tylko wydajno\u015bci\u0105, ale r\u00f3wnie\u017c stylem - dzi\u0119ki <em>kultowe z\u0142ote logo DotMod<\/em> jako stylowy akcent.<\/p>\n<h3>Moc i wydajno\u015b\u0107<\/h3>\n<ul>\n<li><strong>Bateria 2000 mAh<\/strong> dla d\u0142ugotrwa\u0142ego waporyzowania<\/li>\n<li><strong>Zakres mocy od 5 do 60 wat\u00f3w<\/strong> - Idealny dla ka\u017cdej preferencji pary<\/li>\n<li><strong>Automatyczne sterowanie poci\u0105giem<\/strong> &amp; przycisk ognia - aby dopasowa\u0107 do swojego stylu<\/li>\n<li><strong>Szybkie \u0142adowanie USB-C<\/strong> - Szybka gotowo\u015b\u0107 do ponownego u\u017cycia<\/li>\n<li><strong>Inteligentne wykrywanie cewki<\/strong> - Chroni cewk\u0119 i automatycznie dostosowuje moc<\/li>\n<\/ul>\n<h3>Przyjazny dla u\u017cytkownika i bezpieczny<\/h3>\n<ul>\n<li><strong>Wy\u015bwietlacz OLED 0,69\u2033<\/strong> Pokazuje bateri\u0119, moc, op\u00f3r i poci\u0105gi<\/li>\n<li><strong>Przycisk wielofunkcyjny<\/strong> do w\u0142\u0105czania\/wy\u0142\u0105czania, zasilania i blokowania<\/li>\n<li><strong>Wszechstronne funkcje ochronne<\/strong>Zwarcie, prze\u0142adowanie, przegrzanie, g\u0142\u0119bokie roz\u0142adowanie i wiele innych.<\/li>\n<\/ul>\n<h3>Elastyczna kompatybilno\u015b\u0107 pod\u00f3w<\/h3>\n<ul>\n<li><strong>Pojemno\u015b\u0107 zbiornika 5 ml<\/strong> z wygodnym <strong>System nape\u0142niania od g\u00f3ry<\/strong><\/li>\n<li><strong>Kompatybilny z cewkami dotAIO V2<\/strong> (0,3 \u03a9 - 1,0 \u03a9)<\/li>\n<li><strong>Alternatywnie mo\u017cna u\u017cywa\u0107 kapsu\u0142ek ze zintegrowan\u0105 cewk\u0105.<\/strong> (0,4 \u03a9 \/ 0,6 \u03a9 \/ 1,0 \u03a9)<\/li>\n<li><strong>Kontrola przep\u0142ywu powietrza<\/strong> Bezpo\u015brednio na kapsule - indywidualnie regulowana<\/li>\n<li><strong>Fotel magnetyczny<\/strong> - \u0141atwa wymiana i bezpieczne trzymanie<\/li>\n<\/ul>\n<h3>Zakres dostawy:<\/h3>\n<ul>\n<li>1 \u00d7 uchwyt baterii dotPod Max<\/li>\n<li>1 \u00d7 pusta kapsu\u0142a dotPod Max (bez cewki)<\/li>\n<li>1\u00d7 dotCoil 0,3 Ohm<\/li>\n<li>1 \u00d7 dotPod Max Pod ze zintegrowan\u0105 cewk\u0105 (0,6 Ohm)<\/li>\n<li>1 \u00d7 ko\u0144c\u00f3wka kropl\u00f3wki<\/li>\n<li>1 \u00d7 kabel USB-C do \u0142adowania<\/li>\n<li>1\u00d7 instrukcja obs\u0142ugi<\/li>\n<\/ul>\n<p><strong>\u26a0\ufe0f Uwaga:<\/strong> Nie jest kompatybilny z cewkami 0,15 Ohm z serii dotAIO V2!<\/p>\n<h3>Dane techniczne w skr\u00f3cie:<\/h3>\n<table border=\"1\" cellpadding=\"6\" cellspacing=\"0\">\n<tr>\n<th>Cecha<\/th>\n<th>szczeg\u00f3\u0142y<\/th>\n<\/tr>\n<tr>\n<td>Bateria<\/td>\n<td>2000 mAh (zintegrowany)<\/td>\n<\/tr>\n<tr>\n<td>Wydajno\u015b\u0107<\/td>\n<td>5-60 W<\/td>\n<\/tr>\n<tr>\n<td>Pojemno\u015b\u0107 zbiornika<\/td>\n<td>5 ml<\/td>\n<\/tr>\n<tr>\n<td>Cewki<\/td>\n<td>dotAIO V2 (0,3 - 1,0 \u03a9) i zintegrowane warianty<\/td>\n<\/tr>\n<tr>\n<td>Przep\u0142yw powietrza<\/td>\n<td>Regulacja z boku, bezpo\u015brednio na kapsule<\/td>\n<\/tr>\n<tr>\n<td>Wy\u015bwietlacz<\/td>\n<td>0,69\u2033 OLED<\/td>\n<\/tr>\n<tr>\n<td>Wymiary (d\u0142.\u00d7szer.\u00d7g\u0142.)<\/td>\n<td>92,5 \u00d7 43,1 \u00d7 20 mm<\/td>\n<\/tr>\n<tr>\n<td>Waga<\/td>\n<td>99 g<\/td>\n<\/tr>\n<tr>\n<td>Materia\u0142<\/td>\n<td>Stop aluminium (Mod), PCTG (Pod)<\/td>\n<\/tr>\n<tr>\n<td>Po\u0142\u0105czenie \u0142adowania<\/td>\n<td>USB-C (5V \/ 2A)<\/td>\n<\/tr>\n<\/table>\n<p>\ud83d\udd0b <strong>DotMod dotPod Max<\/strong> - system kapsu\u0142ek typu \"wszystko w jednym\" dla wymagaj\u0105cych waper\u00f3w, kt\u00f3rzy chc\u0105 zobaczy\u0107 design, wydajno\u015b\u0107 i elastyczno\u015b\u0107 po\u0142\u0105czone w jednym eleganckim urz\u0105dzeniu.<\/p>","protected":false},"excerpt":{"rendered":"<p><strong>DotMod dotPod Max Pod Kit<\/strong> - Wysokiej jako\u015bci urz\u0105dzenie wielofunkcyjne z <strong>Bateria 2000 mAh<\/strong>, <strong>Moc 5-60 W<\/strong>, <strong>Zbiornik 5 ml<\/strong> i bardziej wszechstronny <strong>Kompatybilno\u015b\u0107 cewki<\/strong>. Idealny dla <strong>MTL<\/strong>, <strong>RDL<\/strong> &amp; <strong>DL<\/strong> - Stylowy, inteligentny i wydajny.<\/p>","protected":false},"featured_media":322478,"comment_status":"open","ping_status":"closed","template":"","meta":{"_acf_changed":false,"_relevanssi_hide_post":"","_relevanssi_hide_content":"","_relevanssi_pin_for_all":"","_relevanssi_pin_keywords":"","_relevanssi_unpin_keywords":"","_relevanssi_related_keywords":"","_relevanssi_related_include_ids":"","_relevanssi_related_exclude_ids":"","_relevanssi_related_no_append":"","_relevanssi_related_not_related":"","_relevanssi_related_posts":"","_relevanssi_noindex_reason":""},"product_brand":[],"product_cat":[4773,4782,4784,4887,4713,4771,4781,4772,4886,4785,4722,4793],"product_tag":[],"class_list":{"0":"post-322475","1":"product","2":"type-product","3":"status-publish","4":"has-post-thumbnail","6":"product_cat-e-zigaretten-akkutraeger","7":"product_cat-box-mod","8":"product_cat-box-mod-digital","9":"product_cat-dotmod","10":"product_cat-e-zigaretten","11":"product_cat-e-zigaretten-fuer-einsteiger","12":"product_cat-e-zigaretten-hersteller","13":"product_cat-e-zigaretten-sets","14":"product_cat-lagerverkauf-hardware-sale","15":"product_cat-box-mod-mechanisch","16":"product_cat-neuheiten","17":"product_cat-e-zigaretten-liquid-basen-aroma-vape-sale","18":"product_shipping_class-standard","20":"first","21":"instock","22":"featured","23":"taxable","24":"shipping-taxable","25":"purchasable","26":"product-type-variable"},"acf":[],"_links":{"self":[{"href":"https:\/\/my-eliquid.de\/pl\/wp-json\/wp\/v2\/product\/322475","targetHints":{"allow":["GET"]}}],"collection":[{"href":"https:\/\/my-eliquid.de\/pl\/wp-json\/wp\/v2\/product"}],"about":[{"href":"https:\/\/my-eliquid.de\/pl\/wp-json\/wp\/v2\/types\/product"}],"replies":[{"embeddable":true,"href":"https:\/\/my-eliquid.de\/pl\/wp-json\/wp\/v2\/comments?post=322475"}],"wp:featuredmedia":[{"embeddable":true,"href":"https:\/\/my-eliquid.de\/pl\/wp-json\/wp\/v2\/media\/322478"}],"wp:attachment":[{"href":"https:\/\/my-eliquid.de\/pl\/wp-json\/wp\/v2\/media?parent=322475"}],"wp:term":[{"taxonomy":"product_brand","embeddable":true,"href":"https:\/\/my-eliquid.de\/pl\/wp-json\/wp\/v2\/product_brand?post=322475"},{"taxonomy":"product_cat","embeddable":true,"href":"https:\/\/my-eliquid.de\/pl\/wp-json\/wp\/v2\/product_cat?post=322475"},{"taxonomy":"product_tag","embeddable":true,"href":"https:\/\/my-eliquid.de\/pl\/wp-json\/wp\/v2\/product_tag?post=322475"}],"curies":[{"name":"wp","href":"https:\/\/api.w.org\/{rel}","templated":true}]}}