{"id":323603,"date":"2026-01-07T13:25:06","date_gmt":"2026-01-07T12:25:06","guid":{"rendered":"https:\/\/my-eliquid.de\/shop\/oxva-slimstick-akkutraeger-pod-kit\/"},"modified":"2026-01-07T14:26:49","modified_gmt":"2026-01-07T13:26:49","slug":"oxva-slimstick-akkutraeger-pod-kit","status":"publish","type":"product","link":"https:\/\/my-eliquid.de\/pl\/shop\/oxva-slimstick-akkutraeger-pod-kit\/","title":{"rendered":"OXVA | Slimstick Battery Carrier | Pod Kit"},"content":{"rendered":"<h2>OXVA SlimStick Pod Kit - Prosty. Elegancki. Skuteczny.<\/h2>\n<p>To <strong>OXVA SlimStick Pod Kit<\/strong> to pierwszy wst\u0119pnie nape\u0142niony system kapsu\u0142ek od OXVA i jest skierowany do wszystkich tych, kt\u00f3rzy chc\u0105 <strong>Stylowe, nieskomplikowane i aromatyczne doznania podczas waporyzacji<\/strong> wyszukiwanie. Z jego <strong>Smuk\u0142a aluminiowa obudowa<\/strong> i wadze zaledwie 58 g, SlimStick doskonale mie\u015bci si\u0119 w d\u0142oni - idealny do podr\u00f3\u017cy i dyskretnego wapowania.<\/p>\n<h3>\u2714\ufe0f Przyjazny dla u\u017cytkownika i nowoczesny<\/h3>\n<ul>\n<li><strong>Bateria 1500 mAh<\/strong> Dla d\u0142ugotrwa\u0142ej przyjemno\u015bci z pary<\/li>\n<li><strong>Automatyczne sterowanie poci\u0105giem<\/strong> - Bez przycisku, bez konfiguracji<\/li>\n<li><strong>Wibracyjne sprz\u0119\u017cenie zwrotne<\/strong> podczas wk\u0142adania kapsu\u0142y<\/li>\n<li><strong>Wy\u015bwietlacz LED<\/strong> dla stanu baterii<\/li>\n<li><strong>Szybkie \u0142adowanie przez USB-C<\/strong> dla kr\u00f3tkich czas\u00f3w \u0142adowania<\/li>\n<\/ul>\n<h3>Smak bez wysi\u0142ku<\/h3>\n<ul>\n<li>Kompatybilny z <strong>Wst\u0119pnie nape\u0142nione kapsu\u0142ki (sprzedawane oddzielnie)<\/strong> - 2 ml soli nikotyny (20 mg\/ml)<\/li>\n<li><strong>Bez uzupe\u0142niania, bez wymiany cewki<\/strong> - po prostu u\u017cywaj i ciesz si\u0119<\/li>\n<li>Autentyczny <strong>Zachowanie podczas losowania MTL<\/strong> (usta-p\u0142uca)<\/li>\n<li>Dost\u0119pne w <strong>11 smak\u00f3w<\/strong> - Od owocowych po klasyczne<\/li>\n<\/ul>\n<h3>Zakres dostawy:<\/h3>\n<ul>\n<li>1 \u00d7 uchwyt na bateri\u0119 OXVA SlimStick (bez kapsu\u0142y)<\/li>\n<li>1 \u00d7 kabel USB-C do \u0142adowania<\/li>\n<li>1\u00d7 instrukcja obs\u0142ugi<\/li>\n<\/ul>\n<p><strong>Uwaga:<\/strong> Wst\u0119pnie nape\u0142nione kapsu\u0142ki s\u0105 <u>Nie wchodzi w zakres dostawy<\/u> i nale\u017cy je zakupi\u0107 osobno.<\/p>","protected":false},"excerpt":{"rendered":"<p>Smuk\u0142y <strong>Wst\u0119pnie nape\u0142niony zestaw kapsu\u0142ek<\/strong> z <strong>Automatyczne sterowanie poci\u0105giem<\/strong> i pot\u0119\u017cny <strong>Bateria 1500 mAh<\/strong>. Idealny dla <strong>MTL dla pocz\u0105tkuj\u0105cych i przechodz\u0105cych na MTL<\/strong>. Z <strong>Port \u0142adowania USB-C<\/strong>, <strong>Wy\u015bwietlacz LED<\/strong> i <strong>Wibracyjne sprz\u0119\u017cenie zwrotne<\/strong> dla wi\u0119kszego komfortu. <strong>Pojemniki dost\u0119pne osobno<\/strong>.<\/p>","protected":false},"featured_media":323609,"comment_status":"closed","ping_status":"closed","template":"","meta":{"_acf_changed":false,"_relevanssi_hide_post":"","_relevanssi_hide_content":"","_relevanssi_pin_for_all":"","_relevanssi_pin_keywords":"","_relevanssi_unpin_keywords":"","_relevanssi_related_keywords":"","_relevanssi_related_include_ids":"","_relevanssi_related_exclude_ids":"","_relevanssi_related_no_append":"","_relevanssi_related_not_related":"","_relevanssi_related_posts":"","_relevanssi_noindex_reason":""},"product_brand":[],"product_cat":[4773,4713,4771,4781,4722],"product_tag":[],"class_list":{"0":"post-323603","1":"product","2":"type-product","3":"status-publish","4":"has-post-thumbnail","6":"product_cat-e-zigaretten-akkutraeger","7":"product_cat-e-zigaretten","8":"product_cat-e-zigaretten-fuer-einsteiger","9":"product_cat-e-zigaretten-hersteller","10":"product_cat-neuheiten","11":"product_shipping_class-standard","13":"first","14":"instock","15":"featured","16":"taxable","17":"shipping-taxable","18":"purchasable","19":"product-type-variable"},"acf":[],"_links":{"self":[{"href":"https:\/\/my-eliquid.de\/pl\/wp-json\/wp\/v2\/product\/323603","targetHints":{"allow":["GET"]}}],"collection":[{"href":"https:\/\/my-eliquid.de\/pl\/wp-json\/wp\/v2\/product"}],"about":[{"href":"https:\/\/my-eliquid.de\/pl\/wp-json\/wp\/v2\/types\/product"}],"replies":[{"embeddable":true,"href":"https:\/\/my-eliquid.de\/pl\/wp-json\/wp\/v2\/comments?post=323603"}],"wp:featuredmedia":[{"embeddable":true,"href":"https:\/\/my-eliquid.de\/pl\/wp-json\/wp\/v2\/media\/323609"}],"wp:attachment":[{"href":"https:\/\/my-eliquid.de\/pl\/wp-json\/wp\/v2\/media?parent=323603"}],"wp:term":[{"taxonomy":"product_brand","embeddable":true,"href":"https:\/\/my-eliquid.de\/pl\/wp-json\/wp\/v2\/product_brand?post=323603"},{"taxonomy":"product_cat","embeddable":true,"href":"https:\/\/my-eliquid.de\/pl\/wp-json\/wp\/v2\/product_cat?post=323603"},{"taxonomy":"product_tag","embeddable":true,"href":"https:\/\/my-eliquid.de\/pl\/wp-json\/wp\/v2\/product_tag?post=323603"}],"curies":[{"name":"wp","href":"https:\/\/api.w.org\/{rel}","templated":true}]}}