{"id":325006,"date":"2026-04-16T11:05:39","date_gmt":"2026-04-16T09:05:39","guid":{"rendered":"https:\/\/my-eliquid.de\/shop\/vaporesso-sky-solo-glastank-bubbelglas-3-5ml\/"},"modified":"2026-04-16T11:14:15","modified_gmt":"2026-04-16T09:14:15","slug":"vaporesso-sky-solo-glastank-bubbelglas-3-5ml","status":"publish","type":"product","link":"https:\/\/my-eliquid.de\/pl\/shop\/vaporesso-sky-solo-glastank-bubbelglas-3-5ml\/","title":{"rendered":"Vaporesso Sky Solo Glastank Bubbelglas 3.5ml"},"content":{"rendered":"<h2>Vaporesso Sky Solo Glastank 3,5 ml<\/h2>\n<p>Der <strong>Vaporesso Sky Solo Glastank<\/strong> ist der passende Ersatz f\u00fcr Ihr Sky Solo E-Zigaretten Set und \u00fcberzeugt durch seine hochwertige Verarbeitung sowie einfache Handhabung.<\/p>\n<p>Gefertigt aus robustem <strong>Pyrexglas<\/strong>, bietet der Tank eine hohe Widerstandsf\u00e4higkeit und erm\u00f6glicht durch sein <strong>transparentes Design<\/strong> jederzeit eine einfache Kontrolle des Liquidstands.<\/p>\n<p>Mit einem Fassungsverm\u00f6gen von <strong>3,5 ml<\/strong> ist der Glastank ideal f\u00fcr den t\u00e4glichen Gebrauch geeignet und l\u00e4sst sich bei Bedarf schnell und unkompliziert austauschen.<\/p>\n<h3>Produktdetails<\/h3>\n<ul>\n<li>Original Vaporesso Ersatz-Glastank<\/li>\n<li>Tankvolumen: 3,5 ml<\/li>\n<li>Hochwertiges Pyrexglas<\/li>\n<li>Transparentes Design zur F\u00fcllstandskontrolle<\/li>\n<li>Einfacher Austausch<\/li>\n<\/ul>\n<h3>Dane techniczne<\/h3>\n<ul>\n<li>Kapazit\u00e4t: 3,5 ml<\/li>\n<li>Material: Pyrexglas<\/li>\n<li>Ausf\u00fchrung: Transparent<\/li>\n<\/ul>\n<h3>Kompatybilno\u015b\u0107<\/h3>\n<ul>\n<li>Vaporesso Sky Solo E-Zigaretten Set<\/li>\n<\/ul>\n<h3>Zakres dostawy<\/h3>\n<ul>\n<li>1 x Vaporesso Sky Solo Glastank 3,5 ml<\/li>\n<\/ul>\n<h3>Jugendschutz<\/h3>\n<p>Dieses Angebot richtet sich ausschlie\u00dflich an vollj\u00e4hrige Personen. Die Abgabe an Kinder und Jugendliche ist gesetzlich verboten. Ein Kaufvertrag kommt nur nach erfolgreicher Alterspr\u00fcfung zustande. Bei der Zustellung erfolgt zus\u00e4tzlich eine Alterskontrolle.<\/p>","protected":false},"excerpt":{"rendered":"<p>Vaporesso Sky Solo Glastank 3.5 ml<\/p>","protected":false},"featured_media":0,"comment_status":"closed","ping_status":"closed","template":"","meta":{"_acf_changed":false,"_relevanssi_hide_post":"","_relevanssi_hide_content":"","_relevanssi_pin_for_all":"","_relevanssi_pin_keywords":"","_relevanssi_unpin_keywords":"","_relevanssi_related_keywords":"","_relevanssi_related_include_ids":"","_relevanssi_related_exclude_ids":"","_relevanssi_related_no_append":"","_relevanssi_related_not_related":"","_relevanssi_related_posts":"","_relevanssi_noindex_reason":""},"product_brand":[],"product_cat":[4793,4699],"product_tag":[],"class_list":{"0":"post-325006","1":"product","2":"type-product","3":"status-publish","5":"product_cat-e-zigaretten-liquid-basen-aroma-vape-sale","6":"product_cat-ezigaretten-zubehoer","7":"product_shipping_class-standard","9":"first","10":"instock","11":"taxable","12":"shipping-taxable","13":"purchasable","14":"product-type-simple"},"acf":[],"_links":{"self":[{"href":"https:\/\/my-eliquid.de\/pl\/wp-json\/wp\/v2\/product\/325006","targetHints":{"allow":["GET"]}}],"collection":[{"href":"https:\/\/my-eliquid.de\/pl\/wp-json\/wp\/v2\/product"}],"about":[{"href":"https:\/\/my-eliquid.de\/pl\/wp-json\/wp\/v2\/types\/product"}],"replies":[{"embeddable":true,"href":"https:\/\/my-eliquid.de\/pl\/wp-json\/wp\/v2\/comments?post=325006"}],"wp:attachment":[{"href":"https:\/\/my-eliquid.de\/pl\/wp-json\/wp\/v2\/media?parent=325006"}],"wp:term":[{"taxonomy":"product_brand","embeddable":true,"href":"https:\/\/my-eliquid.de\/pl\/wp-json\/wp\/v2\/product_brand?post=325006"},{"taxonomy":"product_cat","embeddable":true,"href":"https:\/\/my-eliquid.de\/pl\/wp-json\/wp\/v2\/product_cat?post=325006"},{"taxonomy":"product_tag","embeddable":true,"href":"https:\/\/my-eliquid.de\/pl\/wp-json\/wp\/v2\/product_tag?post=325006"}],"curies":[{"name":"wp","href":"https:\/\/api.w.org\/{rel}","templated":true}]}}