{"id":325057,"date":"2026-04-21T11:05:41","date_gmt":"2026-04-21T09:05:41","guid":{"rendered":"https:\/\/my-eliquid.de\/shop\/steamax-tfv12-q4-015-ohm-coil-3-stueck-packung-made-by-smok\/"},"modified":"2026-04-21T11:31:00","modified_gmt":"2026-04-21T09:31:00","slug":"steamax-tfv12-q4-015-ohm-coil-3-stueck-packung-made-by-smok","status":"publish","type":"product","link":"https:\/\/my-eliquid.de\/pl\/shop\/steamax-tfv12-q4-015-ohm-coil-3-stueck-packung-made-by-smok\/","title":{"rendered":"Steamax TFV12 Q4 0,15 Ohm Coil 3 St\u00fcck Packung made by Smok"},"content":{"rendered":"<h2>Steamax TFV12 Q4 0,15 Ohm  TFV12 Prince Q4 Coils 0,15 Ohm \u2013 3er Pack<\/h2>\n<p>Die <strong>Steamax TFV12 Q4 0,15 Ohm<\/strong> bieten maximale Leistung f\u00fcr anspruchsvolle DL-Dampfer und sorgen f\u00fcr eine beeindruckende Dampfentwicklung sowie intensiven Geschmack.<\/p>\n<p>Dank der <strong>vier integrierten Wicklungen<\/strong> (Quadruple Coil) wird das Liquid gleichm\u00e4\u00dfig erhitzt, was zu dichten Wolken und einer starken Aromaentfaltung f\u00fchrt.<\/p>\n<p>Mit einem Widerstand von <strong>0,15 Ohm<\/strong> sind die Coils f\u00fcr den Einsatz im h\u00f6heren Leistungsbereich ausgelegt und ideal f\u00fcr direkte Lungenz\u00fcge.<\/p>\n<h3>Produktdetails<\/h3>\n<ul>\n<li>Original SMOK \/ Steamax TFV12 Prince-Q4 Coils<\/li>\n<li>Quadruple Coil (4 Wicklungen)<\/li>\n<li>Extrem starke Dampfentwicklung<\/li>\n<li>Intensiver Geschmack<\/li>\n<li>Ideal f\u00fcr DL (direkter Lungenzug)<\/li>\n<\/ul>\n<h3>Dane techniczne<\/h3>\n<ul>\n<li>Widerstand: 0,15 Ohm<\/li>\n<li>Coil-Typ: Quadruple Coil (4 Wicklungen)<\/li>\n<li>Leistungsbereich: 60 &#8211; 150 Watt<\/li>\n<li>Empfohlener Bereich: 40 &#8211; 100 Watt<\/li>\n<li>Einsatzbereich: DL (direkter Lungenzug)<\/li>\n<\/ul>\n<h3>Kompatybilno\u015b\u0107<\/h3>\n<ul>\n<li>SMOK TFV12 Prince Tank<\/li>\n<li>Steamax TFV12 Prince Tank<\/li>\n<\/ul>\n<h3>Zakres dostawy<\/h3>\n<ul>\n<li>3 x Steamax coil TFV12 Q4 0,15 Ohm<\/li>\n<\/ul>\n<h3>Jugendschutz<\/h3>\n<p>Dieses Angebot richtet sich ausschlie\u00dflich an vollj\u00e4hrige Personen. Die Abgabe an Kinder und Jugendliche ist gesetzlich verboten. Ein Kaufvertrag kommt nur nach erfolgreicher Alterspr\u00fcfung zustande. Bei der Zustellung erfolgt zus\u00e4tzlich eine Alterskontrolle.<\/p>","protected":false},"excerpt":{"rendered":"<p>Steamax TFV12 Q4 0,15 Ohm Coil 3 St\u00fcck Packung made by Smok<\/p>","protected":false},"featured_media":325061,"comment_status":"closed","ping_status":"closed","template":"","meta":{"_acf_changed":false,"_relevanssi_hide_post":"","_relevanssi_hide_content":"","_relevanssi_pin_for_all":"","_relevanssi_pin_keywords":"","_relevanssi_unpin_keywords":"","_relevanssi_related_keywords":"","_relevanssi_related_include_ids":"","_relevanssi_related_exclude_ids":"","_relevanssi_related_no_append":"","_relevanssi_related_not_related":"","_relevanssi_related_posts":"","_relevanssi_noindex_reason":""},"product_brand":[],"product_cat":[4778],"product_tag":[],"class_list":{"0":"post-325057","1":"product","2":"type-product","3":"status-publish","4":"has-post-thumbnail","6":"product_cat-verdampferkoepfe","7":"product_shipping_class-standard","9":"first","10":"instock","11":"taxable","12":"shipping-taxable","13":"purchasable","14":"product-type-simple"},"acf":[],"_links":{"self":[{"href":"https:\/\/my-eliquid.de\/pl\/wp-json\/wp\/v2\/product\/325057","targetHints":{"allow":["GET"]}}],"collection":[{"href":"https:\/\/my-eliquid.de\/pl\/wp-json\/wp\/v2\/product"}],"about":[{"href":"https:\/\/my-eliquid.de\/pl\/wp-json\/wp\/v2\/types\/product"}],"replies":[{"embeddable":true,"href":"https:\/\/my-eliquid.de\/pl\/wp-json\/wp\/v2\/comments?post=325057"}],"wp:featuredmedia":[{"embeddable":true,"href":"https:\/\/my-eliquid.de\/pl\/wp-json\/wp\/v2\/media\/325061"}],"wp:attachment":[{"href":"https:\/\/my-eliquid.de\/pl\/wp-json\/wp\/v2\/media?parent=325057"}],"wp:term":[{"taxonomy":"product_brand","embeddable":true,"href":"https:\/\/my-eliquid.de\/pl\/wp-json\/wp\/v2\/product_brand?post=325057"},{"taxonomy":"product_cat","embeddable":true,"href":"https:\/\/my-eliquid.de\/pl\/wp-json\/wp\/v2\/product_cat?post=325057"},{"taxonomy":"product_tag","embeddable":true,"href":"https:\/\/my-eliquid.de\/pl\/wp-json\/wp\/v2\/product_tag?post=325057"}],"curies":[{"name":"wp","href":"https:\/\/api.w.org\/{rel}","templated":true}]}}