{"id":151641,"date":"2025-03-25T13:12:41","date_gmt":"2025-03-25T12:12:41","guid":{"rendered":"https:\/\/melvx.my-eliquid.de\/?page_id=151641"},"modified":"2026-01-05T13:15:22","modified_gmt":"2026-01-05T12:15:22","slug":"zahlung-und-versand","status":"publish","type":"page","link":"https:\/\/my-eliquid.de\/ro\/zahlung-und-versand\/","title":{"rendered":"Plata \u0219i expedierea"},"content":{"rendered":"<div class=\"wpb-content-wrapper\"><div class=\"vc_row wpb_row vc_row-fluid\"><div class=\"wpb_column vc_column_container vc_col-sm-12\"><div class=\"vc_column-inner\"><div class=\"wpb_wrapper\">\n\t<div class=\"wpb_text_column wpb_content_element vc_custom_1767615312667 text-larger\" >\n\t\t<div class=\"wpb_wrapper\">\n\t\t\t<div class=\"main\">\n<div class=\"cols-outer\">\n<div class=\"cols\">\n<div class=\"col-main\">\n<div class=\"std\">\n<p><strong>Plata \u0219i expedierea<\/strong><\/p>\n<p>Se aplic\u0103 urm\u0103toarele condi\u021bii:<\/p>\n<p><strong>Condi\u021bii de expediere<\/strong><\/p>\n<p>Livrarea m\u0103rfurilor se efectueaz\u0103 \u00een \u00eentreaga lume.<\/p>\n<p>Nu se efectueaz\u0103 livr\u0103ri c\u0103tre urm\u0103toarele insule str\u0103ine: SUA<\/p>\n<p><strong>costuri de expediere<\/strong> (inclusiv TVA legal\u0103)<\/p>\n<p><strong>Livr\u0103ri \u00een \u021bar\u0103 (Germania):\u00a0<\/strong><\/p>\n<p>Pentru costurile de expediere percepem o tax\u0103 forfetar\u0103 de 6,90 EUR pe comand\u0103.<\/p>\n<p>Pentru comenzi cu valoare de peste 50,00 \u20ac, livrarea este gratuit\u0103.<\/p>\n<p><strong>Livr\u0103ri \u00een str\u0103in\u0103tate:<\/strong><\/p>\n<p>Calcul\u0103m costurile de expediere \u00een str\u0103in\u0103tate \u00een func\u021bie de greutatea coletului \u0219i de tabelul actual al DHL:<\/p>\n<p><strong>Termenele de livrare<\/strong><\/p>\n<p>Dac\u0103 \u00een oferta respectiv\u0103 nu este specificat un alt termen, livrarea m\u0103rfii \u00een \u021bar\u0103 (Germania) se efectueaz\u0103 \u00een termen de 2-5 zile, iar livr\u0103rile \u00een str\u0103in\u0103tate \u00een termen de 2-14 zile de la \u00eencheierea contractului (\u00een cazul pl\u0103\u021bii \u00een avans convenite, dup\u0103 data efectu\u0103rii pl\u0103\u021bii).<br \/>\nV\u0103 rug\u0103m s\u0103 re\u021bine\u021bi c\u0103 nu se efectueaz\u0103 livr\u0103ri \u00een zilele de duminic\u0103 \u0219i de s\u0103rb\u0103tori.<br \/>\nDac\u0103 a\u021bi comandat articole cu termene de livrare diferite, vom expedia marfa \u00eentr-un singur colet, cu excep\u021bia cazului \u00een care am convenit altfel cu dvs. \u00cen acest caz, termenul de livrare se determin\u0103 \u00een func\u021bie de articolul cu cel mai lung termen de livrare pe care l-a\u021bi comandat.<\/p>\n<p>\u00cen cazul ridic\u0103rii personale, v\u0103 vom informa prin e-mail cu privire la disponibilitatea m\u0103rfii \u0219i la op\u021biunile de ridicare. \u00cen acest caz, nu se vor percepe costuri de expediere.<\/p>\n<p><strong>Modalit\u0103\u021bi de plat\u0103 acceptate<\/strong><\/p>\n<p><strong>\u2013\u00a0 <\/strong>Plata \u00een numerar la ridicare<br \/>\n<strong>\u2013\u00a0 <\/strong>Plata \u00een avans prin transfer bancar (dup\u0103 7 zile lucr\u0103toare, anulare f\u0103r\u0103 primirea pl\u0103\u021bii)<br \/>\n<strong>\u2013\u00a0 <\/strong>Plata cu cardul de credit<br \/>\n<strong>\u2013<\/strong>\u00a0 Plata prin PayPal<br \/>\n<strong>\u2013<\/strong>\u00a0 Plata prin PayPal Express<br \/>\n\u2013  Plata prin PayPal (card de credit, debit direct, eventual factur\u0103)<br \/>\n<strong>\u2013<\/strong><strong>\u00a0 <\/strong>Plata prin transfer bancar instantaneu<\/p>\n<p><strong>Detalii suplimentare privind plata<\/strong><\/p>\n<p>\u00cen cazul pl\u0103\u021bii cu cardul de credit, suma va fi debitat\u0103 din contul dvs. de card de credit la \u00eencheierea contractului.<\/p>\n<p><strong>Datele noastre bancare:<\/strong><\/p>\n<p>Titularul contului: Markus Steiner<br \/>\nNum\u0103r de cont: 2782990711<br \/>\nCod bancar: 10011001<br \/>\nNumele b\u0103ncii: N26 Bank GmbH<br \/>\nIBAN: DE28 1001 1001 2782 9907 11<br \/>\nSWIFT\/BIC: NTSBDEB1XXX<\/p>\n<p>(Anulare dup\u0103 7 zile lucr\u0103toare f\u0103r\u0103 primirea pl\u0103\u021bii)<\/p>\n<p>Dac\u0103 ave\u021bi \u00eentreb\u0103ri, g\u0103si\u021bi datele noastre de contact \u00een sec\u021biunea Imprimare.<\/p>\n<\/div>\n<\/div>\n<\/div>\n<\/div>\n<\/div>\n\n\t\t<\/div>\n\t<\/div>\n<\/div><\/div><\/div><\/div>\n<\/div>","protected":false},"excerpt":{"rendered":"Zahlung und Versand Es gelten folgende Bedingungen: Versandbedingungen Die Lieferung der Ware erfolgt weltweit. Keine Versendung erfolgt auf die nachstehenden","protected":false},"author":1,"featured_media":0,"parent":0,"menu_order":0,"comment_status":"closed","ping_status":"closed","template":"","meta":{"_acf_changed":false,"_relevanssi_hide_post":"","_relevanssi_hide_content":"","_relevanssi_pin_for_all":"","_relevanssi_pin_keywords":"","_relevanssi_unpin_keywords":"","_relevanssi_related_keywords":"","_relevanssi_related_include_ids":"","_relevanssi_related_exclude_ids":"","_relevanssi_related_no_append":"","_relevanssi_related_not_related":"","_relevanssi_related_posts":"","_relevanssi_noindex_reason":"","footnotes":""},"class_list":["post-151641","page","type-page","status-publish","hentry"],"acf":[],"_links":{"self":[{"href":"https:\/\/my-eliquid.de\/ro\/wp-json\/wp\/v2\/pages\/151641","targetHints":{"allow":["GET"]}}],"collection":[{"href":"https:\/\/my-eliquid.de\/ro\/wp-json\/wp\/v2\/pages"}],"about":[{"href":"https:\/\/my-eliquid.de\/ro\/wp-json\/wp\/v2\/types\/page"}],"author":[{"embeddable":true,"href":"https:\/\/my-eliquid.de\/ro\/wp-json\/wp\/v2\/users\/1"}],"replies":[{"embeddable":true,"href":"https:\/\/my-eliquid.de\/ro\/wp-json\/wp\/v2\/comments?post=151641"}],"version-history":[{"count":0,"href":"https:\/\/my-eliquid.de\/ro\/wp-json\/wp\/v2\/pages\/151641\/revisions"}],"wp:attachment":[{"href":"https:\/\/my-eliquid.de\/ro\/wp-json\/wp\/v2\/media?parent=151641"}],"curies":[{"name":"wp","href":"https:\/\/api.w.org\/{rel}","templated":true}]}}