{"id":154228,"date":"2012-05-22T00:00:00","date_gmt":"2012-05-21T22:00:00","guid":{"rendered":"https:\/\/melvx.my-eliquid.de\/shop\/my-eliquid-sortiment\/ezigaretten-zubehoer\/flaschen-aufbewahrung\/50ml-braunglas\/"},"modified":"2025-11-25T13:47:34","modified_gmt":"2025-11-25T12:47:34","slug":"50ml-braunglas","status":"publish","type":"product","link":"https:\/\/my-eliquid.de\/ro\/shop\/50ml-braunglas\/","title":{"rendered":"Sticl\u0103 de sticl\u0103 ambrat\u0103 50ml cu inel de turnare \u0219i capac"},"content":{"rendered":"<p><strong>Braunglasflasche 50ml<\/strong> cu capac de \u00eenchidere, la alegere cu (inel de turnare \u0219i \u00eenchiz\u0103tor de originalitate) pentru amestecarea <strong>Lichide pentru \u021big\u0103ri electronice<\/strong>. Sticl\u0103 maro cu foarte bun\u0103 <strong>protec\u021bie UV<\/strong>.<\/p>\n<p>Pentru dvs. <strong>Arome<\/strong> sau <strong>eLiquide<\/strong> dreptul\u00a0<strong>50ml<\/strong> Braunglasflasche\u00a0 mit schwarzer Verschlusskappe. Die Flasche ist Dunkel Braun und sch\u00fctzt besser vor <strong>UV-Licht<\/strong>. Die <strong>F\u00fcllstanderkennung<\/strong> ist sehr gut. Material: Glas. Ein kleiner Nachteil ist das h\u00f6here Gewicht.<\/p>","protected":false},"excerpt":{"rendered":"<p><strong>Flacon din sticl\u0103 maro de 50 ml<\/strong> cu capac de \u00eenchidere, la alegere cu (inel de turnare \u0219i \u00eenchiz\u0103tor de originalitate) pentru amestecarea <strong>Lichide pentru \u021big\u0103ri electronice<\/strong>. Sticl\u0103 maro cu foarte bun\u0103 <strong>protec\u021bie UV<\/strong>.<\/p>","protected":false},"featured_media":319601,"comment_status":"open","ping_status":"closed","template":"","meta":{"_acf_changed":false,"_relevanssi_hide_post":"","_relevanssi_hide_content":"","_relevanssi_pin_for_all":"","_relevanssi_pin_keywords":"","_relevanssi_unpin_keywords":"","_relevanssi_related_keywords":"","_relevanssi_related_include_ids":"","_relevanssi_related_exclude_ids":"","_relevanssi_related_no_append":"","_relevanssi_related_not_related":"","_relevanssi_related_posts":"","_relevanssi_noindex_reason":""},"product_brand":[],"product_cat":[4717,4699],"product_tag":[7184,1399,5124,7285,4919,4915,5166,4917,4914,4918,7286,4974,5125,7215,5004,6893,7240,4920,7287],"class_list":{"0":"post-154228","1":"product","2":"type-product","3":"status-publish","4":"has-post-thumbnail","6":"product_cat-flaschen-aufbewahrung","7":"product_cat-ezigaretten-zubehoer","8":"product_tag-50ml","9":"product_tag-aroma","10":"product_tag-basen","11":"product_tag-braunglasflasche","12":"product_tag-dampfer","13":"product_tag-e-liquid","14":"product_tag-e-zigarette","15":"product_tag-e-zigi","16":"product_tag-eliquid","17":"product_tag-ezigarette","18":"product_tag-giesring","19":"product_tag-hersteller","20":"product_tag-mischen","21":"product_tag-mit","22":"product_tag-nachfuellfluessigkeit","23":"product_tag-schwarzer","24":"product_tag-und","25":"product_tag-verdampfer","26":"product_tag-verschlusskappe","27":"product_shipping_class-standard","28":"pa_ageverification-nein","29":"pa_country_of_manufacture-de","30":"pa_filling_quantity-10ml","31":"pa_generate_meta-nein","32":"pa_mixture_ratio-pg50_vg50","33":"pa_nicotin-n_a","34":"pa_product_suggestion-nein","35":"pa_product_type-8_zubehor","36":"pa_product_weight-4218","38":"first","39":"outofstock","40":"taxable","41":"shipping-taxable","42":"purchasable","43":"product-type-simple"},"acf":[],"_links":{"self":[{"href":"https:\/\/my-eliquid.de\/ro\/wp-json\/wp\/v2\/product\/154228","targetHints":{"allow":["GET"]}}],"collection":[{"href":"https:\/\/my-eliquid.de\/ro\/wp-json\/wp\/v2\/product"}],"about":[{"href":"https:\/\/my-eliquid.de\/ro\/wp-json\/wp\/v2\/types\/product"}],"replies":[{"embeddable":true,"href":"https:\/\/my-eliquid.de\/ro\/wp-json\/wp\/v2\/comments?post=154228"}],"wp:featuredmedia":[{"embeddable":true,"href":"https:\/\/my-eliquid.de\/ro\/wp-json\/wp\/v2\/media\/319601"}],"wp:attachment":[{"href":"https:\/\/my-eliquid.de\/ro\/wp-json\/wp\/v2\/media?parent=154228"}],"wp:term":[{"taxonomy":"product_brand","embeddable":true,"href":"https:\/\/my-eliquid.de\/ro\/wp-json\/wp\/v2\/product_brand?post=154228"},{"taxonomy":"product_cat","embeddable":true,"href":"https:\/\/my-eliquid.de\/ro\/wp-json\/wp\/v2\/product_cat?post=154228"},{"taxonomy":"product_tag","embeddable":true,"href":"https:\/\/my-eliquid.de\/ro\/wp-json\/wp\/v2\/product_tag?post=154228"}],"curies":[{"name":"wp","href":"https:\/\/api.w.org\/{rel}","templated":true}]}}