{"id":156541,"date":"2025-03-27T00:00:00","date_gmt":"2025-03-26T23:00:00","guid":{"rendered":"https:\/\/melvx.my-eliquid.de\/?post_type=product&#038;p=156541"},"modified":"2025-11-25T13:51:47","modified_gmt":"2025-11-25T12:51:47","slug":"my-eliquid-five-liquid-disabled","status":"publish","type":"product","link":"https:\/\/my-eliquid.de\/ro\/shop\/my-eliquid-five-liquid-disabled\/","title":{"rendered":"my-eLiquid cinci"},"content":{"rendered":"<p>noastre <strong>my-eLiquid Five Liquid Set<\/strong> mit seiner abwechslungsreichen, gelungenen Mischung beinhaltet Tabak, Menthol, s\u00fc\u00dfe und fruchtige Sorten. Traumhafter Oriental Tabak Geschmack zum Verlieben, erfrischendes Colt Arctic, lieblich s\u00fc\u00dfe Erdbeermilch, intensiv aromatische Honigmelone und ein Mix aus tropischen Fr\u00fcchten garantieren Dampfvergn\u00fcgen im praktischen F\u00fcnferpack. All unsere Fl\u00fcssigkeiten werden bei uns vor Ort produziert und entsprechen h\u00f6chsten Sicherheitsstandards. Das <strong>my-eLiquid Five Set<\/strong> ist in der Nikotinst\u00e4rke 3mg\/ ml erh\u00e4ltlich. F\u00fcr eine langanhaltend gute Geschmacksentfaltung empfehlen wir, das <strong>e-Liquid<\/strong> A se p\u0103stra departe de lumin\u0103 \u0219i \u00eentr-un loc uscat.<\/p>","protected":false},"excerpt":{"rendered":"<p>Cele mai bune cinci produse ale noastre sunt acum disponibile \u00eentr-un set economic, pentru a v\u0103 bucura de ele: The <strong>my-eLiquid Cinci<\/strong> garanteaz\u0103 un gust variat, de la dulce la fructat \u0219i p\u00e2n\u0103 la <strong>Tutun<\/strong>.<\/p>","protected":false},"featured_media":319651,"comment_status":"open","ping_status":"closed","template":"","meta":{"_acf_changed":false,"_relevanssi_hide_post":"","_relevanssi_hide_content":"","_relevanssi_pin_for_all":"","_relevanssi_pin_keywords":"","_relevanssi_unpin_keywords":"","_relevanssi_related_keywords":"","_relevanssi_related_include_ids":"","_relevanssi_related_exclude_ids":"","_relevanssi_related_no_append":"","_relevanssi_related_not_related":"","_relevanssi_related_posts":"","_relevanssi_noindex_reason":""},"product_brand":[4564],"product_cat":[4731,4795,4842,4693],"product_tag":[4919,4915,5166,4917,4914,4918,8137,5563,5004,4920],"class_list":{"0":"post-156541","1":"product","2":"type-product","3":"status-publish","4":"has-post-thumbnail","6":"product_brand-my-eliquid","7":"product_cat-alle-liquids-fur-e-zigaretten","8":"product_cat-liquid-sonderserie","9":"product_cat-my-eliquid-liquids","10":"product_cat-special-liquids-e-zigarette","11":"product_tag-dampfer","12":"product_tag-e-liquid","13":"product_tag-e-zigarette","14":"product_tag-e-zigi","15":"product_tag-eliquid","16":"product_tag-ezigarette","17":"product_tag-five","18":"product_tag-my-eliquid","19":"product_tag-nachfuellfluessigkeit","20":"product_tag-verdampfer","21":"product_shipping_class-standard","22":"pa_ageverification-ja","23":"pa_country_of_manufacture-de","24":"pa_faq-product_liquid_faq","25":"pa_filling_quantity-50ml","26":"pa_flasche-a8-tropferflaschemitsicherhei","27":"pa_generate_meta-nein","28":"pa_ghs_gefahrenbezeichnung-achtung","29":"pa_ghs_hsatz-ba-h302gesundheitsschadlichbe","30":"pa_ghs_signalwort-achtung","31":"pa_info1-49-product_liquid_kurzbeschre","32":"pa_insi-product_liquid_insi","33":"pa_manufacturer-my_eliquid","34":"pa_mindesthaltbarkeit-24monate","35":"pa_mixture_ratio-pg50_vg50","36":"pa_nicotin-3mg","37":"pa_product_suggestion-nein","38":"pa_product_type-2_eliquid_eigenprodukt","39":"pa_product_weight-4218","40":"pa_weight-0_15","42":"first","43":"outofstock","44":"taxable","45":"shipping-taxable","46":"purchasable","47":"product-type-simple"},"acf":[],"_links":{"self":[{"href":"https:\/\/my-eliquid.de\/ro\/wp-json\/wp\/v2\/product\/156541","targetHints":{"allow":["GET"]}}],"collection":[{"href":"https:\/\/my-eliquid.de\/ro\/wp-json\/wp\/v2\/product"}],"about":[{"href":"https:\/\/my-eliquid.de\/ro\/wp-json\/wp\/v2\/types\/product"}],"replies":[{"embeddable":true,"href":"https:\/\/my-eliquid.de\/ro\/wp-json\/wp\/v2\/comments?post=156541"}],"wp:featuredmedia":[{"embeddable":true,"href":"https:\/\/my-eliquid.de\/ro\/wp-json\/wp\/v2\/media\/319651"}],"wp:attachment":[{"href":"https:\/\/my-eliquid.de\/ro\/wp-json\/wp\/v2\/media?parent=156541"}],"wp:term":[{"taxonomy":"product_brand","embeddable":true,"href":"https:\/\/my-eliquid.de\/ro\/wp-json\/wp\/v2\/product_brand?post=156541"},{"taxonomy":"product_cat","embeddable":true,"href":"https:\/\/my-eliquid.de\/ro\/wp-json\/wp\/v2\/product_cat?post=156541"},{"taxonomy":"product_tag","embeddable":true,"href":"https:\/\/my-eliquid.de\/ro\/wp-json\/wp\/v2\/product_tag?post=156541"}],"curies":[{"name":"wp","href":"https:\/\/api.w.org\/{rel}","templated":true}]}}