{"id":156587,"date":"2017-12-21T00:00:00","date_gmt":"2017-12-20T23:00:00","guid":{"rendered":"https:\/\/melvx.my-eliquid.de\/shop\/unkategorisiert\/geschenkgutschein-10-zustellung-online\/"},"modified":"2025-11-25T13:49:32","modified_gmt":"2025-11-25T12:49:32","slug":"geschenkgutschein-10-zustellung-online","status":"publish","type":"product","link":"https:\/\/my-eliquid.de\/ro\/shop\/geschenkgutschein-10-zustellung-online\/","title":{"rendered":"Voucher cadou 10 \u20ac - livrare online"},"content":{"rendered":"<p>Dac\u0103 nu \u0219ti\u021bi exact ce dori\u021bi s\u0103 oferi\u021bi drept cadou, un voucher cadou este \u00eentotdeauna alegerea potrivit\u0103. Destinatarul poate alege exact ceea ce \u00ee\u0219i dore\u0219te - \u0219i pute\u021bi fi siguri c\u0103 \u00eel ve\u021bi face foarte fericit.<\/p>","protected":false},"excerpt":{"rendered":"<p>Dac\u0103 nu \u0219ti\u021bi exact ce dori\u021bi s\u0103 oferi\u021bi drept cadou, un voucher cadou este \u00eentotdeauna alegerea potrivit\u0103. Destinatarul poate alege exact ceea ce \u00ee\u0219i dore\u0219te - \u0219i pute\u021bi fi siguri c\u0103 \u00eel ve\u021bi face foarte fericit.<\/p>","protected":false},"featured_media":319292,"comment_status":"open","ping_status":"closed","template":"","meta":{"_acf_changed":false,"_relevanssi_hide_post":"","_relevanssi_hide_content":"","_relevanssi_pin_for_all":"","_relevanssi_pin_keywords":"","_relevanssi_unpin_keywords":"","_relevanssi_related_keywords":"","_relevanssi_related_include_ids":"","_relevanssi_related_exclude_ids":"","_relevanssi_related_no_append":"","_relevanssi_related_not_related":"","_relevanssi_related_posts":"","_relevanssi_noindex_reason":""},"product_brand":[4564],"product_cat":[4711],"product_tag":[],"class_list":{"0":"post-156587","1":"product","2":"type-product","3":"status-publish","4":"has-post-thumbnail","6":"product_brand-my-eliquid","7":"product_cat-geschenke","8":"product_shipping_class-standard","9":"pa_ageverification-ja","10":"pa_filling_quantity-10ml","11":"pa_generate_meta-nein","12":"pa_gift_card_cancel_real-nein","13":"pa_gift_card_message-nein","14":"pa_gift_card_recipient_email-nein","15":"pa_gift_card_recipient_name-nein","16":"pa_gift_card_send_to_friend-nein","17":"pa_gift_card_sender_name-nein","18":"pa_gift_card_type-virtual","19":"pa_manufacturer-my_eliquid","20":"pa_nicotin-n_a","21":"pa_product_suggestion-nein","22":"pa_product_type-10_sonderaktion","23":"pa_product_weight-4217","24":"pa_weight-0_05","26":"first","27":"instock","28":"featured","29":"purchasable","30":"product-type-simple"},"acf":[],"_links":{"self":[{"href":"https:\/\/my-eliquid.de\/ro\/wp-json\/wp\/v2\/product\/156587","targetHints":{"allow":["GET"]}}],"collection":[{"href":"https:\/\/my-eliquid.de\/ro\/wp-json\/wp\/v2\/product"}],"about":[{"href":"https:\/\/my-eliquid.de\/ro\/wp-json\/wp\/v2\/types\/product"}],"replies":[{"embeddable":true,"href":"https:\/\/my-eliquid.de\/ro\/wp-json\/wp\/v2\/comments?post=156587"}],"wp:featuredmedia":[{"embeddable":true,"href":"https:\/\/my-eliquid.de\/ro\/wp-json\/wp\/v2\/media\/319292"}],"wp:attachment":[{"href":"https:\/\/my-eliquid.de\/ro\/wp-json\/wp\/v2\/media?parent=156587"}],"wp:term":[{"taxonomy":"product_brand","embeddable":true,"href":"https:\/\/my-eliquid.de\/ro\/wp-json\/wp\/v2\/product_brand?post=156587"},{"taxonomy":"product_cat","embeddable":true,"href":"https:\/\/my-eliquid.de\/ro\/wp-json\/wp\/v2\/product_cat?post=156587"},{"taxonomy":"product_tag","embeddable":true,"href":"https:\/\/my-eliquid.de\/ro\/wp-json\/wp\/v2\/product_tag?post=156587"}],"curies":[{"name":"wp","href":"https:\/\/api.w.org\/{rel}","templated":true}]}}