{"id":157794,"date":"2019-03-13T00:00:00","date_gmt":"2019-03-12T23:00:00","guid":{"rendered":"https:\/\/melvx.my-eliquid.de\/aroma-shop\/aromen\/mel-fill-up-blueraspberry-slush-12ml-aroma\/"},"modified":"2025-11-25T13:47:28","modified_gmt":"2025-11-25T12:47:28","slug":"mel-fill-up-blueraspberry-slush-12ml-aroma","status":"publish","type":"product","link":"https:\/\/my-eliquid.de\/ro\/shop\/mel-fill-up-blueraspberry-slush-12ml-aroma\/","title":{"rendered":"Zmeur\u0103 albastr\u0103 Slush | 10 ml | Fill Up"},"content":{"rendered":"<p>Cu noua noastr\u0103 arom\u0103 Fill Up, aproape toate dorin\u021bele tale au fost acum \u00eendeplinite!<\/p>\n<p>Acum la <strong>Blue Raspberry Slush Aroma Fill Up:<\/strong><\/p>\n<p><strong>Dac\u0103 nu \u021bi-ai g\u0103sit \u00eenc\u0103 LICHIDUL DE TOAT\u0102 ZI, noi l-am amestecat pentru tine!<\/strong><\/p>\n<p>Un amestec aproape prea perfect care pur \u0219i simplu se potrive\u0219te \u00eentotdeauna.<\/p>\n<p>Fructat, u\u0219or dulce, cu o u\u0219oar\u0103 not\u0103 r\u0103coritoare.\u00a0<\/p>\n<p>Nu a\u021bi avut niciodat\u0103 mai mult\u0103 pl\u0103cere <strong>aburit!<\/strong><\/p>\n<p><strong>O compozi\u021bie minunat\u0103 \u00cen cea mai bun\u0103 alternativ\u0103.<\/strong><\/p>\n<p><strong>Depinde de dvs. ce baz\u0103 umple\u021bi. Sunt necesare 48 ml de baz\u0103.<\/strong><\/p>\n<p>Fie 1x oferta noastr\u0103 de pachet sau pur \u0219i simplu cump\u0103ra\u021bi o baz\u0103 zero, completa\u021bi, agita\u021bi \u0219i a\u021bi terminat <strong>60 ml gata preparate<\/strong> delicios <strong>Lichid!<\/strong><\/p>\n<p><strong>Domeniul de aplicare al livr\u0103rii:<\/strong><\/p>\n<p><strong>1x 12 ml arom\u0103 Blue Raspberry Slush \u00een sticl\u0103 Chubby de 60 ml<\/strong><\/p>","protected":false},"excerpt":{"rendered":"<p>Dac\u0103 tu <strong>LICHIDUL T\u0102U PENTRU TOAT\u0102 ZIUA<\/strong> nu ai g\u0103sit \u00eenc\u0103, atunci am preparat-o noi pentru tine! Produsul nostru <strong>Umple\u021bi cu zmeur\u0103 albastr\u0103!<\/strong><\/p>","protected":false},"featured_media":319755,"comment_status":"open","ping_status":"closed","template":"","meta":{"_acf_changed":false,"_relevanssi_hide_post":"","_relevanssi_hide_content":"","_relevanssi_pin_for_all":"","_relevanssi_pin_keywords":"","_relevanssi_unpin_keywords":"","_relevanssi_related_keywords":"","_relevanssi_related_include_ids":"","_relevanssi_related_exclude_ids":"","_relevanssi_related_no_append":"","_relevanssi_related_not_related":"","_relevanssi_related_posts":"","_relevanssi_noindex_reason":""},"product_brand":[4564],"product_cat":[4733,4701,4702,4845,4792,4722,4843,4712],"product_tag":[1399,6953,5885,7252,6991,7253,5805,5096,6992,7254],"class_list":{"0":"post-157794","1":"product","2":"type-product","3":"status-publish","4":"has-post-thumbnail","6":"product_brand-my-eliquid","7":"product_cat-alle-aromen","8":"product_cat-aromen","9":"product_cat-drinks-aromen-liquid-e-zigarette","10":"product_cat-fill-up-aroma","11":"product_cat-neue-aromen","12":"product_cat-neuheiten","13":"product_cat-on-rop","14":"product_cat-special-aromen-liquid-e-zigarette","15":"product_tag-aroma","16":"product_tag-blue","17":"product_tag-blueraspberry","18":"product_tag-do","19":"product_tag-fill","20":"product_tag-it","21":"product_tag-liquid","22":"product_tag-raspberry","23":"product_tag-up","24":"product_tag-yourself","25":"product_shipping_class-standard","26":"pa_ageverification-ja","27":"pa_country_of_manufacture-de","28":"pa_faq-product_aroma_faq","29":"pa_filling_quantity-10ml","30":"pa_flavour_art-frucht","31":"pa_generate_meta-nein","32":"pa_ghs_gefahrenbezeichnung-achtung","33":"pa_ghs_hsatz-ba-h302gesundheitsschadlichbe","34":"pa_ghs_hsatz-34-h319verursachtschwereaugen","35":"pa_ghs_hsatz-h335kanndieatemwegereizen_","36":"pa_ghs_signalwort-achtung","37":"pa_info1-e7-product_aroma_kurzbeschrei","38":"pa_info2-product_aroma_beschreibung","39":"pa_manufacturer-my_eliquid","40":"pa_mindesthaltbarkeit-24monate","41":"pa_product_suggestion-nein","42":"pa_product_type-11_fillup_eigenprodukte","43":"pa_product_weight-4217","44":"pa_special_products-neu","45":"pa_weight-0_04","47":"first","48":"outofstock","49":"taxable","50":"shipping-taxable","51":"purchasable","52":"product-type-simple"},"acf":[],"_links":{"self":[{"href":"https:\/\/my-eliquid.de\/ro\/wp-json\/wp\/v2\/product\/157794","targetHints":{"allow":["GET"]}}],"collection":[{"href":"https:\/\/my-eliquid.de\/ro\/wp-json\/wp\/v2\/product"}],"about":[{"href":"https:\/\/my-eliquid.de\/ro\/wp-json\/wp\/v2\/types\/product"}],"replies":[{"embeddable":true,"href":"https:\/\/my-eliquid.de\/ro\/wp-json\/wp\/v2\/comments?post=157794"}],"wp:featuredmedia":[{"embeddable":true,"href":"https:\/\/my-eliquid.de\/ro\/wp-json\/wp\/v2\/media\/319755"}],"wp:attachment":[{"href":"https:\/\/my-eliquid.de\/ro\/wp-json\/wp\/v2\/media?parent=157794"}],"wp:term":[{"taxonomy":"product_brand","embeddable":true,"href":"https:\/\/my-eliquid.de\/ro\/wp-json\/wp\/v2\/product_brand?post=157794"},{"taxonomy":"product_cat","embeddable":true,"href":"https:\/\/my-eliquid.de\/ro\/wp-json\/wp\/v2\/product_cat?post=157794"},{"taxonomy":"product_tag","embeddable":true,"href":"https:\/\/my-eliquid.de\/ro\/wp-json\/wp\/v2\/product_tag?post=157794"}],"curies":[{"name":"wp","href":"https:\/\/api.w.org\/{rel}","templated":true}]}}