{"id":158858,"date":"2020-09-17T00:00:00","date_gmt":"2020-09-16T22:00:00","guid":{"rendered":"https:\/\/melvx.my-eliquid.de\/shop\/my-eliquid-sortiment\/diy-liquid-basen\/liquid-basis-fertigmischung\/nikotin-salz-shot-20mg\/"},"modified":"2025-11-25T13:51:52","modified_gmt":"2025-11-25T12:51:52","slug":"nikotin-salz-shot-20mg","status":"publish","type":"product","link":"https:\/\/my-eliquid.de\/ro\/shop\/nikotin-salz-shot-20mg\/","title":{"rendered":"Nicotin\u0103 Salt Shot | 20 mg"},"content":{"rendered":"<p>Liquid Nikotin Salz Shot mit 20mg Nikotin!\u00a0<\/p>\n<p>Se recomand\u0103 manipularea numai de c\u0103tre persoane experimentate \u0219i instruite.<\/p>\n<p><strong>Artikel\u00a0 ab 18 mg werden f\u00fcr Mischungen oder, um diese zu verd\u00fcnnen angeboten, nicht f\u00fcr den unmittelbaren Verbrauch.<\/strong><\/p>\n<p><span>Aten\u021bie !!! A nu se l\u0103sa la \u00eendem\u00e2na copiilor!!!<\/span><\/p>\n<p>Informa\u021bii juridice privind utilizarea<br \/>\nAceste articole sunt \u00een mod legal produse chimice. Aceste substan\u021be chimice sunt utilizate pentru producerea de <strong>Lichide de reumplere sau eLiquids<\/strong> utilizate. Aceste substan\u021be chimice sunt oferite \u0219i v\u00e2ndute numai cump\u0103r\u0103torilor cunosc\u0103tori \u00een acest scop. Utilizarea corect\u0103 este responsabilitatea cump\u0103r\u0103torului.<\/p>\n<p>Aceste substan\u021be chimice nu sunt medicamente sau produse alimentare \u0219i nu sunt \u00eenc\u0103 destinate utiliz\u0103rii de c\u0103tre consumatorul final \u00een forma \u00een care le oferim. De asemenea, nu oferim instruc\u021biuni obligatorii de preparare sau consum. <strong>Instruc\u021biuni de dozare<\/strong>. Utilizarea \u0219i ingerarea se fac pe propriul risc.<\/p>\n<p>my-eLiquid nu este responsabil pentru daunele aduse s\u0103n\u0103t\u0103\u021bii, de exemplu, din cauza utiliz\u0103rii necorespunz\u0103toare.<\/p>\n<p>Aceste articole pot fi comandate numai dac\u0103 cump\u0103r\u0103torul are <strong>Experien\u021b\u0103<\/strong> \u00een manipularea acestor substan\u021be chimice \u0219i materii prime.<\/p>\n<p><span><strong>Legend\u0103:<br \/><\/strong><\/span><br \/>\nPG:\u00a0<span><strong>1,2-propilenglicol<\/strong> (PG) E1520 (Ph. Eur.) pur<\/span><br \/>\nVG:\u00a0<span><strong>Glicerin\u0103 vegetal\u0103 pur\u0103<\/strong> (VG) E422 (DAB), denumire CAS nr. 56-81-5 <strong>Glicerin\u0103<\/strong> 99,5%<br \/><\/span><\/p>\n<p>Wahlweise:<\/p>\n<p>Ap\u0103: \u00a0<strong>Ap\u0103 purificat\u0103<\/strong> Ph.Eur. \/ Bidest<\/p>\n<p><strong>\u00a0<\/strong><\/p>","protected":false},"excerpt":{"rendered":"<p>\u00cencerca\u021bi ceva nou mai des! Alege\u021bi un shot de sare cu nicotin\u0103 pentru a cre\u0219te comportamentul flash. Selecta\u021bi raportul de amestecare dorit pentru a v\u0103 amesteca propriile e-lichide. Un shot de sare cu nicotin\u0103 con\u021bine 10 ml de baz\u0103 pur\u0103 cu nicotin\u0103 F\u0102R\u0102 AROM\u0102.<\/p>","protected":false},"featured_media":319665,"comment_status":"open","ping_status":"closed","template":"","meta":{"_acf_changed":false,"_relevanssi_hide_post":"","_relevanssi_hide_content":"","_relevanssi_pin_for_all":"","_relevanssi_pin_keywords":"","_relevanssi_unpin_keywords":"","_relevanssi_related_keywords":"","_relevanssi_related_include_ids":"","_relevanssi_related_exclude_ids":"","_relevanssi_related_no_append":"","_relevanssi_related_not_related":"","_relevanssi_related_posts":"","_relevanssi_noindex_reason":""},"product_brand":[4564],"product_cat":[4695,4700,4735],"product_tag":[6716,5124,6717,5411,6712,5805,5792,5811,6546,6350,5812,5813],"class_list":{"0":"post-158858","1":"product","2":"type-product","3":"status-publish","4":"has-post-thumbnail","6":"product_brand-my-eliquid","7":"product_cat-diy-liquid-basen","8":"product_cat-liquid-basis-fertigmischung","9":"product_cat-nikotin-shots","10":"product_tag-alle","11":"product_tag-basen","12":"product_tag-diy","13":"product_tag-e-zigaretten","14":"product_tag-fuer","15":"product_tag-liquid","16":"product_tag-liquids","17":"product_tag-nikotin","18":"product_tag-salz","19":"product_tag-salzshot","20":"product_tag-shot","21":"product_tag-shots","22":"product_shipping_class-standard","23":"pa_ageverification-ja","24":"pa_country_of_manufacture-de","25":"pa_filling_quantity-10ml","26":"pa_flasche-8b-10mltropferflaschemitfeine","27":"pa_generate_meta-nein","28":"pa_ghs_gefahrenbezeichnung-giftig","29":"pa_ghs_hsatz-ba-h302gesundheitsschadlichbe","30":"pa_ghs_hsatz-26-h318verursachtschwereaugen","31":"pa_ghs_signalwort-gefahr","32":"pa_info1-14-product_basen_kurzbeschrei","33":"pa_info2-68-product_base_beschreibung_","34":"pa_is_product_configurable-ja","35":"pa_manufacturer-my_eliquid","36":"pa_mindesthaltbarkeit-24monate","37":"pa_mixture_ratio-pg30_vg70pinoy","38":"pa_mixture_ratio-pg50_vg50","39":"pa_nicotin-20mg","40":"pa_product_suggestion-nein","41":"pa_product_type-1_nikotin_shots_eigenprodukt","42":"pa_product_weight-4217","43":"pa_special_products-neu","45":"first","46":"outofstock","47":"taxable","48":"shipping-taxable","49":"purchasable","50":"product-type-variable"},"acf":[],"_links":{"self":[{"href":"https:\/\/my-eliquid.de\/ro\/wp-json\/wp\/v2\/product\/158858","targetHints":{"allow":["GET"]}}],"collection":[{"href":"https:\/\/my-eliquid.de\/ro\/wp-json\/wp\/v2\/product"}],"about":[{"href":"https:\/\/my-eliquid.de\/ro\/wp-json\/wp\/v2\/types\/product"}],"replies":[{"embeddable":true,"href":"https:\/\/my-eliquid.de\/ro\/wp-json\/wp\/v2\/comments?post=158858"}],"wp:featuredmedia":[{"embeddable":true,"href":"https:\/\/my-eliquid.de\/ro\/wp-json\/wp\/v2\/media\/319665"}],"wp:attachment":[{"href":"https:\/\/my-eliquid.de\/ro\/wp-json\/wp\/v2\/media?parent=158858"}],"wp:term":[{"taxonomy":"product_brand","embeddable":true,"href":"https:\/\/my-eliquid.de\/ro\/wp-json\/wp\/v2\/product_brand?post=158858"},{"taxonomy":"product_cat","embeddable":true,"href":"https:\/\/my-eliquid.de\/ro\/wp-json\/wp\/v2\/product_cat?post=158858"},{"taxonomy":"product_tag","embeddable":true,"href":"https:\/\/my-eliquid.de\/ro\/wp-json\/wp\/v2\/product_tag?post=158858"}],"curies":[{"name":"wp","href":"https:\/\/api.w.org\/{rel}","templated":true}]}}