{"id":159080,"date":"2020-12-11T00:00:00","date_gmt":"2020-12-10T23:00:00","guid":{"rendered":"https:\/\/melvx.my-eliquid.de\/aroma-shop\/aromen\/mel-fillup-yourfillup-10ml\/"},"modified":"2025-11-25T13:54:45","modified_gmt":"2025-11-25T12:54:45","slug":"mel-fillup-yourfillup-10ml","status":"publish","type":"product","link":"https:\/\/my-eliquid.de\/ro\/shop\/mel-fillup-yourfillup-10ml\/","title":{"rendered":"Long Fill | Fill Up | 10 ml arom\u0103 \u00een sticl\u0103 de 120 ml"},"content":{"rendered":"<h2>Acum pentru cei care \u0219tiu ce vor! Plinul t\u0103u lung \u00een doi pa\u0219i simpli<\/h2>\n<p><strong>Pasul 1: Alege\u021bi-v\u0103 aroma (este posibil\u0103 o singur\u0103 selec\u021bie)<\/strong><\/p>\n<p><strong>Pasul 2: Selecta\u021bi tipul de re\u00eemprosp\u0103tare (dozare cu 1 %)<\/strong><\/p>\n<p>Du erh\u00e4ltst deine 10 ml hoch konzentriert Aroma in einer 120 ml Flasche.<\/p>\n<p><strong>Als Fill up ist es dir \u00fcberlassen welche Base du einf\u00fcllst 110 ml werden an Base ben\u00f6tig.<\/strong><\/p>\n<p>Entweder 1x unser Bundel angebot in gew\u00fcnschter Nikotinst\u00e4rke oder einfach eine nuller Base dazu kaufen, auff\u00fcllen, sch\u00fctteln und fertig sind 12<strong>0 ml fertiges<\/strong>\u00a0delicios\u00a0<strong>Lichid!<\/strong><\/p>\n<p><strong>Nu ave\u021bi o baz\u0103 la \u00eendem\u00e2n\u0103? Atunci arunca\u021bi o privire la <a href=\"\/ro\/mel-snv-yoursnv-60ml.html\/\" title=\"Shake \u0219i Vapes\">Shake and Vapes - Shake and Vape-ul t\u0103u!<\/a><\/strong><\/p>\n<h2><strong>Amestecarea este at\u00e2t de u\u0219oar\u0103 ast\u0103zi!\u00a0<\/strong><\/h2>","protected":false},"excerpt":{"rendered":"<p>Ave\u021bi dvs. <strong>Aroma Allday<\/strong> a\u021bi g\u0103sit-o deja? Atunci ob\u021bine\u021bi-l acum ca un <strong>Umplere lung\u0103!<\/strong><\/p>","protected":false},"featured_media":319866,"comment_status":"open","ping_status":"closed","template":"","meta":{"_acf_changed":false,"_relevanssi_hide_post":"","_relevanssi_hide_content":"","_relevanssi_pin_for_all":"","_relevanssi_pin_keywords":"","_relevanssi_unpin_keywords":"","_relevanssi_related_keywords":"","_relevanssi_related_include_ids":"","_relevanssi_related_exclude_ids":"","_relevanssi_related_no_append":"","_relevanssi_related_not_related":"","_relevanssi_related_posts":"","_relevanssi_noindex_reason":""},"product_brand":[4564],"product_cat":[4882,4701,4702,4845,4705,4689,4704,4881,4792,4722,4710,4843,4794,4712,4707,4703],"product_tag":[5907],"class_list":{"0":"post-159080","1":"product","2":"type-product","3":"status-publish","4":"has-post-thumbnail","6":"product_brand-my-eliquid","7":"product_cat-aromen-ohne-sucralose","8":"product_cat-aromen","9":"product_cat-drinks-aromen-liquid-e-zigarette","10":"product_cat-fill-up-aroma","11":"product_cat-frucht-aromen-liquid-e-zigarette","12":"product_cat-eliquids","13":"product_cat-menthol-aromen-liquid-e-zigarette","14":"product_cat-my-eliquid-aromen","15":"product_cat-neue-aromen","16":"product_cat-neuheiten","17":"product_cat-nussige-aromen-liquid-e-zigarette","18":"product_cat-on-rop","19":"product_cat-shake-and-vape","20":"product_cat-special-aromen-liquid-e-zigarette","21":"product_cat-suesse-aromen-liquid-e-zigarette","22":"product_cat-tabak-aromen-liquid-e-zigarette","23":"product_tag-makeyouliquid","24":"product_shipping_class-standard","25":"pa_ageverification-ja","26":"pa_faq-product_aroma_faq","27":"pa_filling_quantity-10ml","28":"pa_generate_meta-nein","29":"pa_ghs_gefahrenbezeichnung-achtung","30":"pa_ghs_hsatz-ba-h302gesundheitsschadlichbe","31":"pa_ghs_hsatz-34-h319verursachtschwereaugen","32":"pa_ghs_hsatz-h335kanndieatemwegereizen_","33":"pa_ghs_signalwort-achtung","34":"pa_info1-e7-product_aroma_kurzbeschrei","35":"pa_insi-product_aroma_insi","36":"pa_manufacturer-my_eliquid","37":"pa_mindesthaltbarkeit-24monate","38":"pa_product_suggestion-nein","39":"pa_product_type-11_fillup_eigenprodukte","40":"pa_product_weight-4217","41":"pa_special_products-neu","42":"pa_weight-0_04","44":"first","45":"outofstock","46":"taxable","47":"shipping-taxable","48":"purchasable","49":"product-type-simple"},"acf":[],"_links":{"self":[{"href":"https:\/\/my-eliquid.de\/ro\/wp-json\/wp\/v2\/product\/159080","targetHints":{"allow":["GET"]}}],"collection":[{"href":"https:\/\/my-eliquid.de\/ro\/wp-json\/wp\/v2\/product"}],"about":[{"href":"https:\/\/my-eliquid.de\/ro\/wp-json\/wp\/v2\/types\/product"}],"replies":[{"embeddable":true,"href":"https:\/\/my-eliquid.de\/ro\/wp-json\/wp\/v2\/comments?post=159080"}],"wp:featuredmedia":[{"embeddable":true,"href":"https:\/\/my-eliquid.de\/ro\/wp-json\/wp\/v2\/media\/319866"}],"wp:attachment":[{"href":"https:\/\/my-eliquid.de\/ro\/wp-json\/wp\/v2\/media?parent=159080"}],"wp:term":[{"taxonomy":"product_brand","embeddable":true,"href":"https:\/\/my-eliquid.de\/ro\/wp-json\/wp\/v2\/product_brand?post=159080"},{"taxonomy":"product_cat","embeddable":true,"href":"https:\/\/my-eliquid.de\/ro\/wp-json\/wp\/v2\/product_cat?post=159080"},{"taxonomy":"product_tag","embeddable":true,"href":"https:\/\/my-eliquid.de\/ro\/wp-json\/wp\/v2\/product_tag?post=159080"}],"curies":[{"name":"wp","href":"https:\/\/api.w.org\/{rel}","templated":true}]}}