{"id":159563,"date":"2023-07-10T00:00:00","date_gmt":"2023-07-09T22:00:00","guid":{"rendered":"https:\/\/melvx.my-eliquid.de\/shop\/my-eliquid-sortiment\/liquids\/tabak-liquids-e-zigarette\/cherry-blend-nicsalz-liquid\/"},"modified":"2025-11-25T13:47:36","modified_gmt":"2025-11-25T12:47:36","slug":"cherry-blend-nicsalz-liquid","status":"publish","type":"product","link":"https:\/\/my-eliquid.de\/ro\/shop\/cherry-blend-nicsalz-liquid\/","title":{"rendered":"Lichid cu sare nicotinic\u0103 Cherry Blend"},"content":{"rendered":"<p>Aromatisch <strong>milder Cherry Blend<\/strong>\u00a0pentru <strong>e-cigaret\u0103<\/strong> wird durch einen Schuss nat\u00fcrlich <strong>Tutun\u00a0<\/strong>la <strong>angenehm<\/strong> erfrischenden <strong>Cherr Blend Liquid<\/strong>.<\/p>\n<p>Die gew\u00e4hlte Liquid Basis wird unmittelbar vor der Abf\u00fcllung frisch mit <strong>Cherry Blend<\/strong>\u00a0<span>entwickeltes Fl\u00fcssigkeitsaroma, das den Geschmack einer k\u00f6stlichen Kirschmischung bietet. Es ist f\u00fcr Menschen gedacht, die ihre E-Zigaretten mit einem fruchtigen und s\u00fc\u00dfen Kirschgeschmack genie\u00dfen m\u00f6chten.<\/span><\/p>\n<p><strong>Inhalt der e-Liquid Geschmacksrichtung &#8211; &#8220;Cherry Blend&#8221;:<\/strong>\u00a0\u00a0 \u00a0Propilenglicol (<strong>PG<\/strong>) E1520 (Ph. Eur.), <strong>Glicerin\u0103 vegetal\u0103 pur\u0103<\/strong> (VG) E422 (<strong>DAB<\/strong>), arome, la cerere, de asemenea, la comand\u0103 <strong>cu nicotin\u0103<\/strong> \u00een diferite <strong>Puncte forte<\/strong>.<\/p>\n<\/p>\n<p><strong><span>Lichide electronice cu sare de nicotin\u0103 pentru reumplerea \u021big\u0103rilor electronice. S\u0103rurile de nicotin\u0103 au o arom\u0103 mult mai neutr\u0103 \u0219i sunt mai bl\u00e2nde la inhalare, astfel \u00eenc\u00e2t obi\u0219nuita not\u0103 ascu\u021bit\u0103 \u0219i amar\u0103 este eliminat\u0103, iar senza\u021bia de tuse este aproape inexistent\u0103.<\/span><\/strong><\/p><\/p>","protected":false},"excerpt":{"rendered":"<p><span>Un co\u0219 plin de fructe proasp\u0103t culese <strong>Cire\u0219e dulci<\/strong> cu o por\u021bie de <strong>Tutun<\/strong>.<\/span><\/p>","protected":false},"featured_media":319306,"comment_status":"open","ping_status":"closed","template":"","meta":{"_acf_changed":false,"_relevanssi_hide_post":"","_relevanssi_hide_content":"","_relevanssi_pin_for_all":"","_relevanssi_pin_keywords":"","_relevanssi_unpin_keywords":"","_relevanssi_related_keywords":"","_relevanssi_related_include_ids":"","_relevanssi_related_exclude_ids":"","_relevanssi_related_no_append":"","_relevanssi_related_not_related":"","_relevanssi_related_posts":"","_relevanssi_noindex_reason":""},"product_brand":[4564],"product_cat":[4731,4880,4904,4791,4691],"product_tag":[4919,4915,4914,5075,6508,6511,6509,6510,6512,6526,6527,4920],"class_list":{"0":"post-159563","1":"product","2":"type-product","3":"status-publish","4":"has-post-thumbnail","6":"product_brand-my-eliquid","7":"product_cat-alle-liquids-fur-e-zigaretten","8":"product_cat-liquids-ohne-sucralose","9":"product_cat-my-eliquid-nikotinsalz-liquid","10":"product_cat-neue-liquids","11":"product_cat-tabak-liquids-e-zigarette","12":"product_tag-dampfer","13":"product_tag-e-liquid","14":"product_tag-eliquid","15":"product_tag-kirsche","16":"product_tag-liquidsalz","17":"product_tag-nicsalt","18":"product_tag-nicsalz","19":"product_tag-nikotinsalz","20":"product_tag-salt","21":"product_tag-sueskirsche","22":"product_tag-tabak","23":"product_tag-verdampfer","24":"product_shipping_class-standard","25":"pa_ageverification-ja","26":"pa_country_of_manufacture-de","27":"pa_faq-product_liquid_faq","28":"pa_filling_quantity-10ml","29":"pa_flasche-a8-tropferflaschemitsicherhei","30":"pa_flavour_art-tabak","31":"pa_generate_meta-nein","32":"pa_herkunftsland-16-unsererohstoffebeziehenwir","33":"pa_info1-49-product_liquid_kurzbeschre","34":"pa_info2-product_liquid_beschreibung","35":"pa_ingredients-a7-1_2_propandiol_propylengly","36":"pa_insi-product_liquid_insi","37":"pa_is_product_configurable-ja","38":"pa_manufacturer-my_eliquid","39":"pa_mindesthaltbarkeit-24monate","40":"pa_mixture_ratio-pg50_vg50","41":"pa_nicotin-10mg","42":"pa_nicotin-20mg","43":"pa_product_suggestion-nein","44":"pa_product_type-2_eliquid_eigenprodukt","45":"pa_product_weight-4218","46":"pa_special_products-neu","48":"first","49":"instock","50":"taxable","51":"shipping-taxable","52":"purchasable","53":"product-type-variable"},"acf":[],"_links":{"self":[{"href":"https:\/\/my-eliquid.de\/ro\/wp-json\/wp\/v2\/product\/159563","targetHints":{"allow":["GET"]}}],"collection":[{"href":"https:\/\/my-eliquid.de\/ro\/wp-json\/wp\/v2\/product"}],"about":[{"href":"https:\/\/my-eliquid.de\/ro\/wp-json\/wp\/v2\/types\/product"}],"replies":[{"embeddable":true,"href":"https:\/\/my-eliquid.de\/ro\/wp-json\/wp\/v2\/comments?post=159563"}],"wp:featuredmedia":[{"embeddable":true,"href":"https:\/\/my-eliquid.de\/ro\/wp-json\/wp\/v2\/media\/319306"}],"wp:attachment":[{"href":"https:\/\/my-eliquid.de\/ro\/wp-json\/wp\/v2\/media?parent=159563"}],"wp:term":[{"taxonomy":"product_brand","embeddable":true,"href":"https:\/\/my-eliquid.de\/ro\/wp-json\/wp\/v2\/product_brand?post=159563"},{"taxonomy":"product_cat","embeddable":true,"href":"https:\/\/my-eliquid.de\/ro\/wp-json\/wp\/v2\/product_cat?post=159563"},{"taxonomy":"product_tag","embeddable":true,"href":"https:\/\/my-eliquid.de\/ro\/wp-json\/wp\/v2\/product_tag?post=159563"}],"curies":[{"name":"wp","href":"https:\/\/api.w.org\/{rel}","templated":true}]}}