{"id":159567,"date":"2023-07-19T00:00:00","date_gmt":"2023-07-18T22:00:00","guid":{"rendered":"https:\/\/melvx.my-eliquid.de\/shop\/my-eliquid-sortiment\/liquids\/frucht-liquids-e-zigarette\/cherry-cola-nicsalz-liquid\/"},"modified":"2025-12-15T08:36:22","modified_gmt":"2025-12-15T07:36:22","slug":"cherry-cola-nicsalz-liquid","status":"publish","type":"product","link":"https:\/\/my-eliquid.de\/ro\/shop\/cherry-cola-nicsalz-liquid\/","title":{"rendered":"Cherry Cola lichid cu sare nicotinic\u0103"},"content":{"rendered":"<p><span>Imersa\u021bi-v\u0103 \u00een lumea delicioas\u0103 a <strong>Cherry Cola<\/strong> pentru <strong>\u021aig\u0103ri electronice<\/strong>. Acest e-lichid premium cu sare de nicotin\u0103 ofer\u0103 aroma inconfundabil\u0103 de cola r\u0103coritoare, completat\u0103 perfect cu aroma dulce de cire\u0219e coapte. Fiecare fum este o invita\u021bie la relaxare \u0219i la savurarea aromei dulci \u0219i picante, care aminte\u0219te de zilele fierbin\u021bi de var\u0103 \u0219i de serile r\u0103coroase.<\/span><\/p>\n<p><span>Cherry Cola al nostru este mai mult dec\u00e2t un e-lichid - este o experien\u021b\u0103 aromei. Dulcea\u021ba cire\u0219elor \u0219i gustul \u00een\u021bep\u0103tor de cola se \u00eembin\u0103 \u00eentr-o armonie perfect\u0103 care v\u0103 \u00eenc\u00e2nt\u0103 papilele gustative cu fiecare fum. \u00cembog\u0103\u021bit cu sare de nicotin\u0103, acest e-lichid ofer\u0103 o eliberare satisf\u0103c\u0103toare de nicotin\u0103 \u0219i o lovitur\u0103 lin\u0103 \u00een g\u00e2t, care este potrivit\u0103 at\u00e2t pentru \u00eencep\u0103tori, c\u00e2t \u0219i pentru vaperi experimenta\u021bi.<\/span><\/p>\n<p><span>Fie c\u0103 e\u0219ti un fan al fructelor dulci sau al aromelor clasice de b\u0103uturi, Cherry Cola pentru \u021big\u0103ri electronice este alegerea perfect\u0103. Bucur\u0103-te de gustul care \u00ee\u021bi aminte\u0219te de limonada ta preferat\u0103 \u00een dispozitivul t\u0103u de vapat acum. \u00cencearc\u0103-l ast\u0103zi \u0219i las\u0103-te fermecat de aceast\u0103 experien\u021b\u0103 cu arom\u0103 unic\u0103.<\/span><\/p>\n<p><strong>Con\u021binutul aromei de e-lichid - \u201cCherry Cola\u201c:<\/strong>\u00a0\u00a0 \u00a0Propilenglicol (<strong>PG<\/strong>) E1520 (Ph. Eur.), <strong>Glicerin\u0103 vegetal\u0103 pur\u0103<\/strong> (VG) E422 (<strong>DAB<\/strong>), arome, la cerere, de asemenea, la comand\u0103 <strong>cu sare de nicotin\u0103<\/strong> \u00een diferite <strong>Puncte forte<\/strong>.<\/p>\n<p><strong><span>Lichide electronice cu sare de nicotin\u0103 pentru reumplerea \u021big\u0103rilor electronice. S\u0103rurile de nicotin\u0103 au o arom\u0103 mult mai neutr\u0103 \u0219i sunt mai bl\u00e2nde la inhalare, astfel \u00eenc\u00e2t obi\u0219nuita not\u0103 ascu\u021bit\u0103 \u0219i amar\u0103 este eliminat\u0103, iar senza\u021bia de tuse este aproape inexistent\u0103.<\/span><\/strong><\/p>","protected":false},"excerpt":{"rendered":"<p><span>Experimenta\u021bi o explozie de arome dulci cu Cherry Cola pentru e-cigarete. Amestecul perfect de cola clasic\u0103 \u0219i cire\u0219e suculente, \u00eembog\u0103\u021bit cu sare de nicotin\u0103, ofer\u0103 o experien\u021b\u0103 de vapat incomparabil\u0103.<\/span><\/p>","protected":false},"featured_media":319760,"comment_status":"open","ping_status":"closed","template":"","meta":{"_acf_changed":false,"_relevanssi_hide_post":"","_relevanssi_hide_content":"","_relevanssi_pin_for_all":"","_relevanssi_pin_keywords":"","_relevanssi_unpin_keywords":"","_relevanssi_related_keywords":"","_relevanssi_related_include_ids":"","_relevanssi_related_exclude_ids":"","_relevanssi_related_no_append":"","_relevanssi_related_not_related":"","_relevanssi_related_posts":"","_relevanssi_noindex_reason":""},"product_brand":[4564],"product_cat":[4731,4690,4880,4904,4791,4693],"product_tag":[4999,4919,4915,4914,5075,6508,6511,6509,6510,6512,6526,4920],"class_list":{"0":"post-159567","1":"product","2":"type-product","3":"status-publish","4":"has-post-thumbnail","6":"product_brand-my-eliquid","7":"product_cat-alle-liquids-fur-e-zigaretten","8":"product_cat-frucht-liquids-e-zigarette","9":"product_cat-liquids-ohne-sucralose","10":"product_cat-my-eliquid-nikotinsalz-liquid","11":"product_cat-neue-liquids","12":"product_cat-special-liquids-e-zigarette","13":"product_tag-cola","14":"product_tag-dampfer","15":"product_tag-e-liquid","16":"product_tag-eliquid","17":"product_tag-kirsche","18":"product_tag-liquidsalz","19":"product_tag-nicsalt","20":"product_tag-nicsalz","21":"product_tag-nikotinsalz","22":"product_tag-salt","23":"product_tag-sueskirsche","24":"product_tag-verdampfer","25":"product_shipping_class-standard","26":"pa_ageverification-ja","27":"pa_country_of_manufacture-de","28":"pa_faq-product_liquid_faq","29":"pa_filling_quantity-10ml","30":"pa_flasche-a8-tropferflaschemitsicherhei","31":"pa_flavour_art-frucht","32":"pa_generate_meta-nein","33":"pa_herkunftsland-16-unsererohstoffebeziehenwir","34":"pa_info1-49-product_liquid_kurzbeschre","35":"pa_info2-product_liquid_beschreibung","36":"pa_ingredients-a7-1_2_propandiol_propylengly","37":"pa_insi-product_liquid_insi","38":"pa_is_product_configurable-ja","39":"pa_manufacturer-my_eliquid","40":"pa_mindesthaltbarkeit-24monate","41":"pa_mixture_ratio-pg50_vg50","42":"pa_nicotin-10mg","43":"pa_nicotin-20mg","44":"pa_product_suggestion-nein","45":"pa_product_type-2_eliquid_eigenprodukt","46":"pa_product_weight-4218","47":"pa_special_products-neu","49":"first","50":"instock","51":"taxable","52":"shipping-taxable","53":"purchasable","54":"product-type-variable"},"acf":[],"_links":{"self":[{"href":"https:\/\/my-eliquid.de\/ro\/wp-json\/wp\/v2\/product\/159567","targetHints":{"allow":["GET"]}}],"collection":[{"href":"https:\/\/my-eliquid.de\/ro\/wp-json\/wp\/v2\/product"}],"about":[{"href":"https:\/\/my-eliquid.de\/ro\/wp-json\/wp\/v2\/types\/product"}],"replies":[{"embeddable":true,"href":"https:\/\/my-eliquid.de\/ro\/wp-json\/wp\/v2\/comments?post=159567"}],"wp:featuredmedia":[{"embeddable":true,"href":"https:\/\/my-eliquid.de\/ro\/wp-json\/wp\/v2\/media\/319760"}],"wp:attachment":[{"href":"https:\/\/my-eliquid.de\/ro\/wp-json\/wp\/v2\/media?parent=159567"}],"wp:term":[{"taxonomy":"product_brand","embeddable":true,"href":"https:\/\/my-eliquid.de\/ro\/wp-json\/wp\/v2\/product_brand?post=159567"},{"taxonomy":"product_cat","embeddable":true,"href":"https:\/\/my-eliquid.de\/ro\/wp-json\/wp\/v2\/product_cat?post=159567"},{"taxonomy":"product_tag","embeddable":true,"href":"https:\/\/my-eliquid.de\/ro\/wp-json\/wp\/v2\/product_tag?post=159567"}],"curies":[{"name":"wp","href":"https:\/\/api.w.org\/{rel}","templated":true}]}}