{"id":159935,"date":"2024-10-17T00:00:00","date_gmt":"2024-10-16T22:00:00","guid":{"rendered":"https:\/\/melvx.my-eliquid.de\/shop\/my-eliquid-sortiment\/liquids\/frucht-liquids-e-zigarette\/traube-ice-nicsalz-liquid\/"},"modified":"2025-12-01T08:27:18","modified_gmt":"2025-12-01T07:27:18","slug":"traube-ice-nicsalz-liquid","status":"publish","type":"product","link":"https:\/\/my-eliquid.de\/ro\/shop\/traube-ice-nicsalz-liquid\/","title":{"rendered":"Lichid cu sare nicotinic\u0103 Grape Ice"},"content":{"rendered":"<p>Sarea lichid\u0103 cu nicotin\u0103 <strong>Strugure Ice<\/strong> ofer\u0103 o experien\u021b\u0103 de vaporizare r\u0103coritoare \u0219i intens\u0103 pentru iubitorii de arome fructate \u0219i reci. Combina\u021bia de arom\u0103 suculent\u0103, dulce <strong>Struguri<\/strong> \u0219i o not\u0103 revigorant\u0103 de r\u0103coare \u00eenghe\u021bat\u0103 asigur\u0103 un echilibru perfect \u00eentre prospe\u021bime \u0219i dulcea\u021b\u0103.<\/p>\n<p><strong>Con\u021binutul aromei de e-lichid - \u201cGrape Ice\u201d:<\/strong>\u00a0\u00a0 \u00a0Propilenglicol (<strong>PG<\/strong>) E1520 (Ph. Eur.), <strong>Glicerin\u0103 vegetal\u0103 pur\u0103<\/strong> (VG) E422 (<strong>DAB<\/strong>), arome, la cerere, de asemenea, la comand\u0103 <strong>cu nicotin\u0103<\/strong> \u00een diferite <strong>Puncte forte<\/strong>.<\/p>\n<p>The <strong>surprinz\u0103tor de aromat\u00a0<\/strong>Sare lichid\u0103 de struguri cu r\u0103coritoare <strong>Lovitur\u0103 de r\u0103cire.<\/strong><\/p>\n<p><strong><span>Lichide electronice cu sare de nicotin\u0103 pentru reumplerea \u021big\u0103rilor electronice. S\u0103rurile de nicotin\u0103 au o arom\u0103 mult mai neutr\u0103 \u0219i sunt mai bl\u00e2nde la inhalare, astfel \u00eenc\u00e2t obi\u0219nuita not\u0103 ascu\u021bit\u0103 \u0219i amar\u0103 este eliminat\u0103, iar senza\u021bia de tuse este aproape inexistent\u0103.<\/span><\/strong><\/p>","protected":false},"excerpt":{"rendered":"<p><span>The <strong>Strugure Ice<\/strong> Sarea lichid\u0103 cu nicotin\u0103 este alegerea ideal\u0103 pentru to\u021bi cei care prefer\u0103 aromele fructate. <strong>Prospe\u021bime<\/strong> \u0219i concentra\u021bia de nicotin\u0103 \u00eentr-un lichid.<\/span><\/p>","protected":false},"featured_media":319180,"comment_status":"open","ping_status":"closed","template":"","meta":{"_acf_changed":false,"_relevanssi_hide_post":"","_relevanssi_hide_content":"","_relevanssi_pin_for_all":"","_relevanssi_pin_keywords":"","_relevanssi_unpin_keywords":"","_relevanssi_related_keywords":"","_relevanssi_related_include_ids":"","_relevanssi_related_exclude_ids":"","_relevanssi_related_no_append":"","_relevanssi_related_not_related":"","_relevanssi_related_posts":"","_relevanssi_noindex_reason":""},"product_brand":[4564],"product_cat":[4731,4690,4689,4880,4904],"product_tag":[4919,4915,4914,6608,6607,6508,6511,6509,6510,6512,6606,4920],"class_list":{"0":"post-159935","1":"product","2":"type-product","3":"status-publish","4":"has-post-thumbnail","6":"product_brand-my-eliquid","7":"product_cat-alle-liquids-fur-e-zigaretten","8":"product_cat-frucht-liquids-e-zigarette","9":"product_cat-eliquids","10":"product_cat-liquids-ohne-sucralose","11":"product_cat-my-eliquid-nikotinsalz-liquid","12":"product_tag-dampfer","13":"product_tag-e-liquid","14":"product_tag-eliquid","15":"product_tag-grape","16":"product_tag-ice","17":"product_tag-liquidsalz","18":"product_tag-nicsalt","19":"product_tag-nicsalz","20":"product_tag-nikotinsalz","21":"product_tag-salt","22":"product_tag-traube","23":"product_tag-verdampfer","24":"product_shipping_class-standard","25":"pa_ageverification-ja","26":"pa_country_of_manufacture-de","27":"pa_faq-product_liquid_faq","28":"pa_filling_quantity-10ml","29":"pa_flasche-a8-tropferflaschemitsicherhei","30":"pa_generate_meta-nein","31":"pa_herkunftsland-16-unsererohstoffebeziehenwir","32":"pa_info1-49-product_liquid_kurzbeschre","33":"pa_info2-product_liquid_beschreibung","34":"pa_ingredients-a7-1_2_propandiol_propylengly","35":"pa_insi-product_liquid_insi","36":"pa_is_product_configurable-ja","37":"pa_manufacturer-my_eliquid","38":"pa_mindesthaltbarkeit-24monate","39":"pa_mixture_ratio-pg50_vg50","40":"pa_nicotin-10mg","41":"pa_nicotin-20mg","42":"pa_product_suggestion-nein","43":"pa_product_type-2_eliquid_eigenprodukt","44":"pa_product_weight-4218","45":"pa_special_products-neu","47":"first","48":"outofstock","49":"taxable","50":"shipping-taxable","51":"purchasable","52":"product-type-variable"},"acf":[],"_links":{"self":[{"href":"https:\/\/my-eliquid.de\/ro\/wp-json\/wp\/v2\/product\/159935","targetHints":{"allow":["GET"]}}],"collection":[{"href":"https:\/\/my-eliquid.de\/ro\/wp-json\/wp\/v2\/product"}],"about":[{"href":"https:\/\/my-eliquid.de\/ro\/wp-json\/wp\/v2\/types\/product"}],"replies":[{"embeddable":true,"href":"https:\/\/my-eliquid.de\/ro\/wp-json\/wp\/v2\/comments?post=159935"}],"wp:featuredmedia":[{"embeddable":true,"href":"https:\/\/my-eliquid.de\/ro\/wp-json\/wp\/v2\/media\/319180"}],"wp:attachment":[{"href":"https:\/\/my-eliquid.de\/ro\/wp-json\/wp\/v2\/media?parent=159935"}],"wp:term":[{"taxonomy":"product_brand","embeddable":true,"href":"https:\/\/my-eliquid.de\/ro\/wp-json\/wp\/v2\/product_brand?post=159935"},{"taxonomy":"product_cat","embeddable":true,"href":"https:\/\/my-eliquid.de\/ro\/wp-json\/wp\/v2\/product_cat?post=159935"},{"taxonomy":"product_tag","embeddable":true,"href":"https:\/\/my-eliquid.de\/ro\/wp-json\/wp\/v2\/product_tag?post=159935"}],"curies":[{"name":"wp","href":"https:\/\/api.w.org\/{rel}","templated":true}]}}