{"id":300308,"date":"2020-09-18T00:00:00","date_gmt":"2020-09-17T22:00:00","guid":{"rendered":"https:\/\/my-eliquid.de\/shop\/nikotin-shots-20mg-10ml\/"},"modified":"2026-04-10T09:10:29","modified_gmt":"2026-04-10T07:10:29","slug":"nikotin-shots-20mg-10ml","status":"publish","type":"product","link":"https:\/\/my-eliquid.de\/ro\/shop\/nikotin-shots-20mg-10ml\/","title":{"rendered":"Nicotine shots | 20 mg | 10ml"},"content":{"rendered":"<p><strong>Liquid Nikotin Shot mit 20 mg Nikotin!<\/strong> Suchen Sie sich Ihre gew\u00fcnschtes Mischverh\u00e4ltnis aus und und mischen Sie los!<\/p>\n<p><strong>Haben Sie noch 0mg Base zur Hand?<\/strong>\u00a0Einfach\u00a0<strong>\u00cempu\u0219c\u0103turi<\/strong>\u00a0cump\u0103ra\u021bi \u0219i ve\u021bi primi produsul dorit\u00a0<strong>Nicotin\u0103<\/strong>\u00a0putere!<\/p>\n<p><strong>Dieser Artikel wird f\u00fcr Mischungen oder, um diese zu verd\u00fcnnen angeboten, nicht f\u00fcr den unmittelbaren gebrauch.<\/strong><\/p>\n<p>Als Beispiele:<\/p>\n<p>100 ml <strong>0mg Base<\/strong> + 2 x 10 ml <strong>20 mg nicotin\u0103 Shot\u00a0<\/strong>= <strong>120ml 3 mg Base<\/strong> (200\u00a0ml\u00a00mg Base\u00a0+ 4 x\u00a020mg Nikotin Shot\u00a0= 240ml 3 mg Base Usw..)<\/p>\n<p>sau<\/p>\n<p>100 ml <strong>0mg Base<\/strong> + 4 x 10 ml\u00a0<strong>20 mg nicotin\u0103 Shot\u00a0<\/strong>= <strong>140ml 6 mg Base<\/strong>\u00a0(200\u00a0ml\u00a00mg Base\u00a0+ 8 x\u00a020mg Nikotin Shot\u00a0= 280ml 6 mg Base Usw..)<\/p>\n<p>sau<\/p>\n<p>100 ml<strong><strong><strong><strong>\u00a00mg Base<\/strong>\u00a0+<\/strong><\/strong><\/strong>9 x 10 ml\u00a0\u00a0<strong><strong><strong><strong>20 mg nicotin\u0103 Shot\u00a0<\/strong>=\u00a0<strong>190ml 9 mg Base<\/strong>\u00a0<\/strong><\/strong><\/strong>(200\u00a0ml\u00a00mg Base\u00a0+ 18 x\u00a020mg Nikotin Shot\u00a0= 380ml 9 mg Base Usw..)<\/p>\n<p>sau<\/p>\n<p>100 ml\u00a0<strong>0mg Base<\/strong>\u00a0+8 x 10 ml<strong>\u00a020 mg nicotin\u0103 Shot\u00a0<\/strong>=\u00a0<strong>180ml 12 mg Base\u00a0<\/strong>(200\u00a0ml\u00a00mg Base\u00a0+ 16 x\u00a020mg Nikotin Shot\u00a0= 360ml 12 mg Base Usw..)<\/p>\n<p>sau<\/p>\n<p>100 ml<strong><strong><strong><strong>\u00a00mg Base<\/strong>\u00a0+<\/strong><\/strong><\/strong>18\u00a0x 10 ml\u00a0\u00a0<strong><strong><strong><strong>20 mg nicotin\u0103 Shot\u00a0<\/strong>= 28<strong>0ml 18 mg Base<\/strong>\u00a0<\/strong><\/strong><\/strong>(200\u00a0ml\u00a00mg Base\u00a0+ 36 x\u00a020mg Nikotin Shot\u00a0= 560ml 18 mg Base Usw..)<\/p>\n<p><strong>Es wird nur der Umgang durch erfahrene und ge\u00fcbte Personen empfohlen!<\/strong><\/p>\n<p><span>Aten\u021bie !!! A nu se l\u0103sa la \u00eendem\u00e2na copiilor!!!<\/span><\/p>\n<p>Informa\u021bii juridice privind utilizarea<br \/>\nAceste articole sunt \u00een mod legal produse chimice. Aceste substan\u021be chimice sunt utilizate pentru producerea de <strong>Lichide de reumplere sau eLiquids<\/strong> utilizate. Aceste substan\u021be chimice sunt oferite \u0219i v\u00e2ndute numai cump\u0103r\u0103torilor cunosc\u0103tori \u00een acest scop. Utilizarea corect\u0103 este responsabilitatea cump\u0103r\u0103torului.<\/p>\n<p>Aceste substan\u021be chimice nu sunt medicamente sau produse alimentare \u0219i nu sunt \u00eenc\u0103 destinate utiliz\u0103rii de c\u0103tre consumatorul final \u00een forma \u00een care le oferim. De asemenea, nu oferim instruc\u021biuni obligatorii de preparare sau consum. <strong>Instruc\u021biuni de dozare<\/strong>. Utilizarea \u0219i ingerarea se fac pe propriul risc.<\/p>\n<p>my-eLiquid nu este responsabil pentru daunele aduse s\u0103n\u0103t\u0103\u021bii, de exemplu, din cauza utiliz\u0103rii necorespunz\u0103toare.<\/p>\n<p>Aceste articole pot fi comandate numai dac\u0103 cump\u0103r\u0103torul are <strong>Experien\u021b\u0103<\/strong> \u00een manipularea acestor substan\u021be chimice \u0219i materii prime.<\/p>\n<p><span><strong>Legend\u0103:<br \/><\/strong><\/span><br \/>\nPG:\u00a0<span><strong>1,2-propilenglicol<\/strong> (PG) E1520 (Ph. Eur.) pur<\/span><br \/>\nVG:\u00a0<span><strong>Glicerin\u0103 vegetal\u0103 pur\u0103<\/strong> (VG) E422 (DAB), denumire CAS nr. 56-81-5 <strong>Glicerin\u0103<\/strong> 99,5%<br \/><\/span><\/p>\n<p>Wahlweise:<\/p>\n<p>Ap\u0103: \u00a0<strong>Ap\u0103 purificat\u0103<\/strong> Ph.Eur. \/ Bidest<\/p>\n<p><strong>\u00a0<\/strong><\/p>","protected":false},"excerpt":{"rendered":"<p><span>Baza <strong>Lichid<\/strong> cu<strong>\u00a020 mg nicotin\u0103.<\/strong> Mai ave\u021bi <strong>0mg<\/strong> <strong>Baza<\/strong> la \u00eendem\u00e2n\u0103? Pur \u0219i simplu <strong>\u00cempu\u0219c\u0103turi<\/strong> cump\u0103ra\u021bi \u0219i ve\u021bi primi produsul dorit <strong>Nicotin\u0103<\/strong> putere!<br \/><\/span><\/p>","protected":false},"featured_media":319362,"comment_status":"open","ping_status":"closed","template":"","meta":{"_acf_changed":false,"_relevanssi_hide_post":"","_relevanssi_hide_content":"","_relevanssi_pin_for_all":"","_relevanssi_pin_keywords":"","_relevanssi_unpin_keywords":"","_relevanssi_related_keywords":"","_relevanssi_related_include_ids":"","_relevanssi_related_exclude_ids":"","_relevanssi_related_no_append":"","_relevanssi_related_not_related":"","_relevanssi_related_posts":"","_relevanssi_noindex_reason":""},"product_brand":[],"product_cat":[4695,4735],"product_tag":[6716,5124,6717,5411,6712,5805,5792,5811,5812,5813],"class_list":{"0":"post-300308","1":"product","2":"type-product","3":"status-publish","4":"has-post-thumbnail","6":"product_cat-diy-liquid-basen","7":"product_cat-nikotin-shots","8":"product_tag-alle","9":"product_tag-basen","10":"product_tag-diy","11":"product_tag-e-zigaretten","12":"product_tag-fuer","13":"product_tag-liquid","14":"product_tag-liquids","15":"product_tag-nikotin","16":"product_tag-shot","17":"product_tag-shots","18":"product_shipping_class-standard","20":"first","21":"instock","22":"taxable","23":"shipping-taxable","24":"purchasable","25":"product-type-variable"},"acf":[],"_links":{"self":[{"href":"https:\/\/my-eliquid.de\/ro\/wp-json\/wp\/v2\/product\/300308","targetHints":{"allow":["GET"]}}],"collection":[{"href":"https:\/\/my-eliquid.de\/ro\/wp-json\/wp\/v2\/product"}],"about":[{"href":"https:\/\/my-eliquid.de\/ro\/wp-json\/wp\/v2\/types\/product"}],"replies":[{"embeddable":true,"href":"https:\/\/my-eliquid.de\/ro\/wp-json\/wp\/v2\/comments?post=300308"}],"wp:featuredmedia":[{"embeddable":true,"href":"https:\/\/my-eliquid.de\/ro\/wp-json\/wp\/v2\/media\/319362"}],"wp:attachment":[{"href":"https:\/\/my-eliquid.de\/ro\/wp-json\/wp\/v2\/media?parent=300308"}],"wp:term":[{"taxonomy":"product_brand","embeddable":true,"href":"https:\/\/my-eliquid.de\/ro\/wp-json\/wp\/v2\/product_brand?post=300308"},{"taxonomy":"product_cat","embeddable":true,"href":"https:\/\/my-eliquid.de\/ro\/wp-json\/wp\/v2\/product_cat?post=300308"},{"taxonomy":"product_tag","embeddable":true,"href":"https:\/\/my-eliquid.de\/ro\/wp-json\/wp\/v2\/product_tag?post=300308"}],"curies":[{"name":"wp","href":"https:\/\/api.w.org\/{rel}","templated":true}]}}