{"id":302078,"date":"2017-05-20T00:00:00","date_gmt":"2017-05-19T22:00:00","guid":{"rendered":"https:\/\/my-eliquid.de\/shop\/6mg-liquid-base-set-140ml\/"},"modified":"2026-04-08T13:03:13","modified_gmt":"2026-04-08T11:03:13","slug":"6mg-liquid-base-set-140ml","status":"publish","type":"product","link":"https:\/\/my-eliquid.de\/ro\/shop\/6mg-liquid-base-set-140ml\/","title":{"rendered":"Set baz\u0103 lichid\u0103 6mg - 140ml"},"content":{"rendered":"<p>Hier bekommen Sie 140ml Base f\u00fcr Liquids!  <\/p>\n<p>Se recomand\u0103 manipularea numai de c\u0103tre persoane experimentate \u0219i instruite.<br \/>Aceste articole sunt utilizate pentru <strong>Amestecuri<\/strong> sau pentru a le dilua, nu pentru consum imediat.<\/p>\n<p><span style=\"color: #ff0000;\">Aten\u021bie !!! A nu se l\u0103sa la \u00eendem\u00e2na copiilor!!!<\/span><\/p>\n<p>Informa\u021bii juridice privind utilizarea<br \/>Aceste articole sunt \u00een mod legal produse chimice. Aceste substan\u021be chimice sunt utilizate pentru producerea de<strong> Lichide de reumplere sau eLiquids<\/strong> utilizate. Aceste substan\u021be chimice sunt oferite \u0219i v\u00e2ndute numai cump\u0103r\u0103torilor cunosc\u0103tori \u00een acest scop. Utilizarea corect\u0103 este responsabilitatea cump\u0103r\u0103torului.<\/p>\n<p>Aceste substan\u021be chimice nu sunt medicamente sau produse alimentare \u0219i nu sunt \u00eenc\u0103 destinate utiliz\u0103rii de c\u0103tre consumatorul final \u00een forma \u00een care le oferim. De asemenea, nu oferim instruc\u021biuni obligatorii de preparare sau consum.<strong> Instruc\u021biuni de dozare<\/strong>. Utilizarea \u0219i ingerarea se fac pe propriul risc.<\/p>\n<p>my-eLiquid nu este responsabil pentru daunele aduse s\u0103n\u0103t\u0103\u021bii, de exemplu, din cauza utiliz\u0103rii necorespunz\u0103toare.<\/p>\n<p>Aceste articole pot fi comandate numai dac\u0103 cump\u0103r\u0103torul are <strong>Experien\u021b\u0103<\/strong> \u00een manipularea acestor substan\u021be chimice \u0219i materii prime.<\/p>","protected":false},"excerpt":{"rendered":"<p>Acest articol con\u021bine o baz\u0103 f\u0103r\u0103 nicotin\u0103 \u0219i num\u0103rul necesar de 10 ml de nicotin\u0103 cu concentra\u021bie de 20 mg pentru a ob\u021bine 140 ml de baz\u0103 cu 6 mg de nicotin\u0103.<\/p>","protected":false},"featured_media":319277,"comment_status":"open","ping_status":"closed","template":"","meta":{"_acf_changed":false,"_relevanssi_hide_post":"","_relevanssi_hide_content":"","_relevanssi_pin_for_all":"","_relevanssi_pin_keywords":"","_relevanssi_unpin_keywords":"","_relevanssi_related_keywords":"","_relevanssi_related_include_ids":"","_relevanssi_related_exclude_ids":"","_relevanssi_related_no_append":"","_relevanssi_related_not_related":"","_relevanssi_related_posts":"","_relevanssi_noindex_reason":""},"product_brand":[],"product_cat":[4732,4695,4700],"product_tag":[6740,6737,6738,5124,1391,6717,5118,5805,6739],"class_list":{"0":"post-302078","1":"product","2":"type-product","3":"status-publish","4":"has-post-thumbnail","6":"product_cat-alle-basen-fur-liquids","7":"product_cat-diy-liquid-basen","8":"product_cat-liquid-basis-fertigmischung","9":"product_tag-140ml","10":"product_tag-6mg","11":"product_tag-base","12":"product_tag-basen","13":"product_tag-bitte","14":"product_tag-diy","15":"product_tag-fertigmischung","16":"product_tag-liquid","17":"product_tag-set","18":"product_shipping_class-standard","20":"first","21":"instock","22":"taxable","23":"shipping-taxable","24":"purchasable","25":"product-type-variable"},"acf":[],"_links":{"self":[{"href":"https:\/\/my-eliquid.de\/ro\/wp-json\/wp\/v2\/product\/302078","targetHints":{"allow":["GET"]}}],"collection":[{"href":"https:\/\/my-eliquid.de\/ro\/wp-json\/wp\/v2\/product"}],"about":[{"href":"https:\/\/my-eliquid.de\/ro\/wp-json\/wp\/v2\/types\/product"}],"replies":[{"embeddable":true,"href":"https:\/\/my-eliquid.de\/ro\/wp-json\/wp\/v2\/comments?post=302078"}],"wp:featuredmedia":[{"embeddable":true,"href":"https:\/\/my-eliquid.de\/ro\/wp-json\/wp\/v2\/media\/319277"}],"wp:attachment":[{"href":"https:\/\/my-eliquid.de\/ro\/wp-json\/wp\/v2\/media?parent=302078"}],"wp:term":[{"taxonomy":"product_brand","embeddable":true,"href":"https:\/\/my-eliquid.de\/ro\/wp-json\/wp\/v2\/product_brand?post=302078"},{"taxonomy":"product_cat","embeddable":true,"href":"https:\/\/my-eliquid.de\/ro\/wp-json\/wp\/v2\/product_cat?post=302078"},{"taxonomy":"product_tag","embeddable":true,"href":"https:\/\/my-eliquid.de\/ro\/wp-json\/wp\/v2\/product_tag?post=302078"}],"curies":[{"name":"wp","href":"https:\/\/api.w.org\/{rel}","templated":true}]}}