{"id":302471,"date":"2013-05-07T00:00:00","date_gmt":"2013-05-06T22:00:00","guid":{"rendered":"https:\/\/my-eliquid.de\/shop\/royal-aroma\/"},"modified":"2026-03-19T15:35:12","modified_gmt":"2026-03-19T14:35:12","slug":"royal-aroma","status":"publish","type":"product","link":"https:\/\/my-eliquid.de\/ro\/shop\/royal-aroma\/","title":{"rendered":"Arom\u0103 Royal Tabak"},"content":{"rendered":"<p>noastre <strong>Arom\u0103 Royal Tabak<\/strong> cu aroma sa puternic\u0103, foarte intens\u0103 <strong>Arom\u0103 de tutun<\/strong> provine din linia de <strong>Arome de tutun<\/strong>. O experien\u021b\u0103 intens\u0103 de gust de tutun pentru toate reginele \u0219i regii\u00a0<strong style=\"line-height: 19px;\">cu un strop de ment\u0103<\/strong>! Asta <strong>Arom\u0103 Royal Tabak<\/strong> este potrivit pentru aromatizare \u0219i <strong>Produce\u021bi propriile lichide<\/strong> \u0219i poate fi combinat cu alte <strong>Arome amestecate<\/strong> . \u00cen acest fel, ve\u021bi crea mereu noi, individuale <strong>Lichide<\/strong>! <strong>Arome<\/strong> nu trebuie utilizat nediluat \u0219i trebuie \u00eentotdeauna supus unei <strong>Baza<\/strong> pot fi ad\u0103ugate.<\/p>","protected":false},"excerpt":{"rendered":"<p>Gust regal pentru o savurare majestuoas\u0103: produsul nostru <strong>Arom\u0103 Royal Tabak<\/strong> v\u0103 ofer\u0103 un tratament regal <strong>Pl\u0103cerea tutunului<\/strong> cu intensitatea sa puternic\u0103 <strong>Arom\u0103 de tutun \u0219i un strop de ment\u0103<\/strong>!<\/p>","protected":false},"featured_media":319195,"comment_status":"open","ping_status":"closed","template":"","meta":{"_acf_changed":false,"_relevanssi_hide_post":"","_relevanssi_hide_content":"","_relevanssi_pin_for_all":"","_relevanssi_pin_keywords":"","_relevanssi_unpin_keywords":"","_relevanssi_related_keywords":"","_relevanssi_related_include_ids":"","_relevanssi_related_exclude_ids":"","_relevanssi_related_no_append":"","_relevanssi_related_not_related":"","_relevanssi_related_posts":"","_relevanssi_noindex_reason":""},"product_brand":[],"product_cat":[4733,4882,4701,4881,4703],"product_tag":[4919,4915,5166,4917,4914,4918,5004,5182,4920],"class_list":{"0":"post-302471","1":"product","2":"type-product","3":"status-publish","4":"has-post-thumbnail","6":"product_cat-alle-aromen","7":"product_cat-aromen-ohne-sucralose","8":"product_cat-aromen","9":"product_cat-my-eliquid-aromen","10":"product_cat-tabak-aromen-liquid-e-zigarette","11":"product_tag-dampfer","12":"product_tag-e-liquid","13":"product_tag-e-zigarette","14":"product_tag-e-zigi","15":"product_tag-eliquid","16":"product_tag-ezigarette","17":"product_tag-nachfuellfluessigkeit","18":"product_tag-royal","19":"product_tag-verdampfer","20":"product_shipping_class-standard","22":"first","23":"instock","24":"taxable","25":"shipping-taxable","26":"purchasable","27":"product-type-variable"},"acf":[],"_links":{"self":[{"href":"https:\/\/my-eliquid.de\/ro\/wp-json\/wp\/v2\/product\/302471","targetHints":{"allow":["GET"]}}],"collection":[{"href":"https:\/\/my-eliquid.de\/ro\/wp-json\/wp\/v2\/product"}],"about":[{"href":"https:\/\/my-eliquid.de\/ro\/wp-json\/wp\/v2\/types\/product"}],"replies":[{"embeddable":true,"href":"https:\/\/my-eliquid.de\/ro\/wp-json\/wp\/v2\/comments?post=302471"}],"wp:featuredmedia":[{"embeddable":true,"href":"https:\/\/my-eliquid.de\/ro\/wp-json\/wp\/v2\/media\/319195"}],"wp:attachment":[{"href":"https:\/\/my-eliquid.de\/ro\/wp-json\/wp\/v2\/media?parent=302471"}],"wp:term":[{"taxonomy":"product_brand","embeddable":true,"href":"https:\/\/my-eliquid.de\/ro\/wp-json\/wp\/v2\/product_brand?post=302471"},{"taxonomy":"product_cat","embeddable":true,"href":"https:\/\/my-eliquid.de\/ro\/wp-json\/wp\/v2\/product_cat?post=302471"},{"taxonomy":"product_tag","embeddable":true,"href":"https:\/\/my-eliquid.de\/ro\/wp-json\/wp\/v2\/product_tag?post=302471"}],"curies":[{"name":"wp","href":"https:\/\/api.w.org\/{rel}","templated":true}]}}