{"id":302502,"date":"2012-08-05T00:00:00","date_gmt":"2012-08-04T22:00:00","guid":{"rendered":"https:\/\/my-eliquid.de\/shop\/honig-aroma\/"},"modified":"2026-01-30T13:35:24","modified_gmt":"2026-01-30T12:35:24","slug":"honig-aroma","status":"publish","type":"product","link":"https:\/\/my-eliquid.de\/ro\/shop\/honig-aroma\/","title":{"rendered":"Arom\u0103 de miere"},"content":{"rendered":"<p>noastre <strong>Arom\u0103 de miere<\/strong> cu dulcea\u021ba sa natural\u0103 <strong>Arom\u0103 de miere<\/strong> provine din linia de <strong>Arome dulci<\/strong>. Tenta\u021bia dulce ca mierea de care nu te po\u021bi s\u0103tura! The <strong>Arom\u0103 de miere<\/strong> este potrivit pentru <strong>Aromatizarea \u0219i producerea propriilor lichide<\/strong> \u0219i poate <strong>Amestecate cu alte arome<\/strong> pot fi personalizate. \u00cen acest fel, pute\u021bi crea din nou \u0219i din nou lichide noi, individualizate! <strong>Arome<\/strong> nu trebuie utilizat nediluat \u0219i trebuie \u00eentotdeauna supus unei <strong>Baza<\/strong> pot fi ad\u0103ugate.<\/p>","protected":false},"excerpt":{"rendered":"<p>Pentru lingerea degetelor: Our <strong>Arom\u0103 de miere<\/strong> ofer\u0103 \u00eentr-adev\u0103r tot ceea ce v\u0103 pute\u021bi dori de la aceast\u0103 delicates\u0103 galben-aurie: Fraged\u0103, dulce \u0219i incredibil de gustoas\u0103!<\/p>","protected":false},"featured_media":319326,"comment_status":"open","ping_status":"closed","template":"","meta":{"_acf_changed":false,"_relevanssi_hide_post":"","_relevanssi_hide_content":"","_relevanssi_pin_for_all":"","_relevanssi_pin_keywords":"","_relevanssi_unpin_keywords":"","_relevanssi_related_keywords":"","_relevanssi_related_include_ids":"","_relevanssi_related_exclude_ids":"","_relevanssi_related_no_append":"","_relevanssi_related_not_related":"","_relevanssi_related_posts":"","_relevanssi_noindex_reason":""},"product_brand":[],"product_cat":[4733,4882,4701,4881,4707],"product_tag":[4919,4915,5166,4917,6818,4914,4918,5134,5133,5004,4920,6819],"class_list":{"0":"post-302502","1":"product","2":"type-product","3":"status-publish","4":"has-post-thumbnail","6":"product_cat-alle-aromen","7":"product_cat-aromen-ohne-sucralose","8":"product_cat-aromen","9":"product_cat-my-eliquid-aromen","10":"product_cat-suesse-aromen-liquid-e-zigarette","11":"product_tag-dampfer","12":"product_tag-e-liquid","13":"product_tag-e-zigarette","14":"product_tag-e-zigi","15":"product_tag-elektrische","16":"product_tag-eliquid","17":"product_tag-ezigarette","18":"product_tag-honey","19":"product_tag-honig","20":"product_tag-nachfuellfluessigkeit","21":"product_tag-verdampfer","22":"product_tag-zigarette","23":"product_shipping_class-standard","25":"first","26":"instock","27":"taxable","28":"shipping-taxable","29":"purchasable","30":"product-type-variable"},"acf":[],"_links":{"self":[{"href":"https:\/\/my-eliquid.de\/ro\/wp-json\/wp\/v2\/product\/302502","targetHints":{"allow":["GET"]}}],"collection":[{"href":"https:\/\/my-eliquid.de\/ro\/wp-json\/wp\/v2\/product"}],"about":[{"href":"https:\/\/my-eliquid.de\/ro\/wp-json\/wp\/v2\/types\/product"}],"replies":[{"embeddable":true,"href":"https:\/\/my-eliquid.de\/ro\/wp-json\/wp\/v2\/comments?post=302502"}],"wp:featuredmedia":[{"embeddable":true,"href":"https:\/\/my-eliquid.de\/ro\/wp-json\/wp\/v2\/media\/319326"}],"wp:attachment":[{"href":"https:\/\/my-eliquid.de\/ro\/wp-json\/wp\/v2\/media?parent=302502"}],"wp:term":[{"taxonomy":"product_brand","embeddable":true,"href":"https:\/\/my-eliquid.de\/ro\/wp-json\/wp\/v2\/product_brand?post=302502"},{"taxonomy":"product_cat","embeddable":true,"href":"https:\/\/my-eliquid.de\/ro\/wp-json\/wp\/v2\/product_cat?post=302502"},{"taxonomy":"product_tag","embeddable":true,"href":"https:\/\/my-eliquid.de\/ro\/wp-json\/wp\/v2\/product_tag?post=302502"}],"curies":[{"name":"wp","href":"https:\/\/api.w.org\/{rel}","templated":true}]}}