{"id":302512,"date":"2019-03-21T00:00:00","date_gmt":"2019-03-20T23:00:00","guid":{"rendered":"https:\/\/my-eliquid.de\/shop\/mel-aroma-donut\/"},"modified":"2026-04-10T09:10:32","modified_gmt":"2026-04-10T07:10:32","slug":"mel-aroma-donut","status":"publish","type":"product","link":"https:\/\/my-eliquid.de\/ro\/shop\/mel-aroma-donut\/","title":{"rendered":"Arom\u0103 de gogoa\u0219\u0103"},"content":{"rendered":"<p>De asemenea, a\u021bi f\u0103cut deja <strong>Lichide pentru gogo\u0219i<\/strong> probiert aber die richtige Mischung war nicht dabei?<\/p>\n<p>Dann haben wir f\u00fcr dich den unendlich guten vollmundigen Geschmacks des <strong>Donut!\u00a0<\/strong><\/p>\n<p>A <strong>Arom\u0103<\/strong> das du probieren musst! Misch es mit <strong>Fructe<\/strong> oder mit S<strong>chokolade!<\/strong><\/p>\n<p>Auch ohne jegliches zutun ist es einfach ein Genuss! <strong>Unsere Donut Aroma!<\/strong><\/p>\n<p>\u00ce\u021bi place pu\u021bin mai dulce? Atunci amesteca\u021bi-l a\u0219a cum v\u0103 place cel mai mult, cu <strong>Arome lichide DIY!<\/strong><\/p>\n<p>The\u00a0<strong>Arom\u0103 de gogoa\u0219\u0103<\/strong>\u00a0este potrivit pentru aromatizare \u0219i producerea de\u00a0<strong>lichide proprii<\/strong>\u00a0\u0219i poate fi amestecat cu alte arome.<\/p>\n<p>Acest lucru v\u0103 permite s\u0103 crea\u021bi de fiecare dat\u0103 lichide noi, individualizate!<\/p>\n<p><strong>Aromele nu trebuie utilizate nediluate \u0219i trebuie ad\u0103ugate \u00eentotdeauna la o baz\u0103.<\/strong><\/p>","protected":false},"excerpt":{"rendered":"<p>De asemenea, a\u021bi f\u0103cut deja\u00a0<strong>Lichide pentru gogo\u0219i<\/strong>\u00a0dar nu a\u021bi putut g\u0103si amestecul potrivit? Atunci avem aroma plin\u0103 de corp infinit de bun\u0103 pentru tine <strong>de arom\u0103 de gogo\u0219i!\u00a0<\/strong><\/p>","protected":false},"featured_media":319349,"comment_status":"open","ping_status":"closed","template":"","meta":{"_acf_changed":false,"_relevanssi_hide_post":"","_relevanssi_hide_content":"","_relevanssi_pin_for_all":"","_relevanssi_pin_keywords":"","_relevanssi_unpin_keywords":"","_relevanssi_related_keywords":"","_relevanssi_related_include_ids":"","_relevanssi_related_exclude_ids":"","_relevanssi_related_no_append":"","_relevanssi_related_not_related":"","_relevanssi_related_posts":"","_relevanssi_noindex_reason":""},"product_brand":[],"product_cat":[4733,4882,4701,4702,4881,4792,4722,4712],"product_tag":[1399,6847,6717,5826,5888,5805],"class_list":{"0":"post-302512","1":"product","2":"type-product","3":"status-publish","4":"has-post-thumbnail","6":"product_cat-alle-aromen","7":"product_cat-aromen-ohne-sucralose","8":"product_cat-aromen","9":"product_cat-drinks-aromen-liquid-e-zigarette","10":"product_cat-my-eliquid-aromen","11":"product_cat-neue-aromen","12":"product_cat-neuheiten","13":"product_cat-special-aromen-liquid-e-zigarette","14":"product_tag-aroma","15":"product_tag-aromen","16":"product_tag-diy","17":"product_tag-donut","18":"product_tag-donuts","19":"product_tag-liquid","20":"product_shipping_class-standard","22":"first","23":"instock","24":"taxable","25":"shipping-taxable","26":"purchasable","27":"product-type-variable"},"acf":[],"_links":{"self":[{"href":"https:\/\/my-eliquid.de\/ro\/wp-json\/wp\/v2\/product\/302512","targetHints":{"allow":["GET"]}}],"collection":[{"href":"https:\/\/my-eliquid.de\/ro\/wp-json\/wp\/v2\/product"}],"about":[{"href":"https:\/\/my-eliquid.de\/ro\/wp-json\/wp\/v2\/types\/product"}],"replies":[{"embeddable":true,"href":"https:\/\/my-eliquid.de\/ro\/wp-json\/wp\/v2\/comments?post=302512"}],"wp:featuredmedia":[{"embeddable":true,"href":"https:\/\/my-eliquid.de\/ro\/wp-json\/wp\/v2\/media\/319349"}],"wp:attachment":[{"href":"https:\/\/my-eliquid.de\/ro\/wp-json\/wp\/v2\/media?parent=302512"}],"wp:term":[{"taxonomy":"product_brand","embeddable":true,"href":"https:\/\/my-eliquid.de\/ro\/wp-json\/wp\/v2\/product_brand?post=302512"},{"taxonomy":"product_cat","embeddable":true,"href":"https:\/\/my-eliquid.de\/ro\/wp-json\/wp\/v2\/product_cat?post=302512"},{"taxonomy":"product_tag","embeddable":true,"href":"https:\/\/my-eliquid.de\/ro\/wp-json\/wp\/v2\/product_tag?post=302512"}],"curies":[{"name":"wp","href":"https:\/\/api.w.org\/{rel}","templated":true}]}}