{"id":302515,"date":"2018-07-07T00:00:00","date_gmt":"2018-07-06T22:00:00","guid":{"rendered":"https:\/\/my-eliquid.de\/shop\/cooling-aroma\/"},"modified":"2026-04-08T09:43:28","modified_gmt":"2026-04-08T07:43:28","slug":"cooling-aroma","status":"publish","type":"product","link":"https:\/\/my-eliquid.de\/ro\/shop\/cooling-aroma\/","title":{"rendered":"R\u0103cire | Arom\u0103"},"content":{"rendered":"<p>Acum nimic nu st\u0103 \u00een calea propriului t\u0103u lichid de var\u0103 perfect! Ai nevoie de o arom\u0103 diferit\u0103 \u00een fiecare zi? Atunci mixeaz\u0103-l singur!<\/p>\n<p>Nu v\u0103 vom dezam\u0103gi nici pe voi, cei care mixeaz\u0103 singuri! Cu aroma perfect\u0103 de r\u0103cire, fiecare mix va suna grozav!<\/p>\n<p>C\u00e2teva pic\u0103turi sunt suficiente pentru o u\u0219oar\u0103 r\u0103coare, dar poate fi \u0219i un pic mai mult. Cu toate acestea, nu v\u0103 recomand\u0103m s\u0103 utiliza\u021bi mai mult de 1 ml pentru o baz\u0103 de 9 ml!!!<\/p>\n<p>Toate lichidele noastre sunt produse la fa\u021ba locului \u0219i \u00eendeplinesc cele mai \u00eenalte standarde de siguran\u021b\u0103 \u0219i calitate.<\/p>","protected":false},"excerpt":{"rendered":"<p>O vrei, o prime\u0219ti! \u00cen sf\u00e2r\u0219it, v\u0103 pute\u021bi doza propria prospe\u021bime, datorit\u0103 <strong>Arom\u0103 de r\u0103cire<\/strong> pute\u021bi decide acum c\u00e2t de proasp\u0103t\u0103 o dori\u021bi.<\/p>","protected":false},"featured_media":319375,"comment_status":"open","ping_status":"closed","template":"","meta":{"_acf_changed":false,"_relevanssi_hide_post":"","_relevanssi_hide_content":"","_relevanssi_pin_for_all":"","_relevanssi_pin_keywords":"","_relevanssi_unpin_keywords":"","_relevanssi_related_keywords":"","_relevanssi_related_include_ids":"","_relevanssi_related_exclude_ids":"","_relevanssi_related_no_append":"","_relevanssi_related_not_related":"","_relevanssi_related_posts":"","_relevanssi_noindex_reason":""},"product_brand":[],"product_cat":[4733,4882,4701,4704,4881,4792],"product_tag":[1399,1391,5806],"class_list":{"0":"post-302515","1":"product","2":"type-product","3":"status-publish","4":"has-post-thumbnail","6":"product_cat-alle-aromen","7":"product_cat-aromen-ohne-sucralose","8":"product_cat-aromen","9":"product_cat-menthol-aromen-liquid-e-zigarette","10":"product_cat-my-eliquid-aromen","11":"product_cat-neue-aromen","12":"product_tag-aroma","13":"product_tag-bitte","14":"product_tag-cooling","15":"product_shipping_class-standard","17":"first","18":"instock","19":"taxable","20":"shipping-taxable","21":"purchasable","22":"product-type-variable"},"acf":[],"_links":{"self":[{"href":"https:\/\/my-eliquid.de\/ro\/wp-json\/wp\/v2\/product\/302515","targetHints":{"allow":["GET"]}}],"collection":[{"href":"https:\/\/my-eliquid.de\/ro\/wp-json\/wp\/v2\/product"}],"about":[{"href":"https:\/\/my-eliquid.de\/ro\/wp-json\/wp\/v2\/types\/product"}],"replies":[{"embeddable":true,"href":"https:\/\/my-eliquid.de\/ro\/wp-json\/wp\/v2\/comments?post=302515"}],"wp:featuredmedia":[{"embeddable":true,"href":"https:\/\/my-eliquid.de\/ro\/wp-json\/wp\/v2\/media\/319375"}],"wp:attachment":[{"href":"https:\/\/my-eliquid.de\/ro\/wp-json\/wp\/v2\/media?parent=302515"}],"wp:term":[{"taxonomy":"product_brand","embeddable":true,"href":"https:\/\/my-eliquid.de\/ro\/wp-json\/wp\/v2\/product_brand?post=302515"},{"taxonomy":"product_cat","embeddable":true,"href":"https:\/\/my-eliquid.de\/ro\/wp-json\/wp\/v2\/product_cat?post=302515"},{"taxonomy":"product_tag","embeddable":true,"href":"https:\/\/my-eliquid.de\/ro\/wp-json\/wp\/v2\/product_tag?post=302515"}],"curies":[{"name":"wp","href":"https:\/\/api.w.org\/{rel}","templated":true}]}}