{"id":302523,"date":"2013-11-11T00:00:00","date_gmt":"2013-11-10T23:00:00","guid":{"rendered":"https:\/\/my-eliquid.de\/shop\/cocoscream-aroma\/"},"modified":"2025-12-01T08:27:17","modified_gmt":"2025-12-01T07:27:17","slug":"cocoscream-aroma","status":"publish","type":"product","link":"https:\/\/my-eliquid.de\/ro\/shop\/cocoscream-aroma\/","title":{"rendered":"Arom\u0103 de crem\u0103 de nuc\u0103 de cocos"},"content":{"rendered":"<p>noastre <strong>Arom\u0103 de crem\u0103 de nuc\u0103 de cocos<\/strong> cu aroma sa dulce \u0219i cremoas\u0103 de <strong>Nuc\u0103 de cocos \u0219i migdale<\/strong> provine din linia de <strong>Arome speciale<\/strong>. Amestecul cremos face diferen\u021ba: Cel mai bun din <strong>Nuc\u0103 de cocos \u0219i migdale<\/strong> se armonizeaz\u0103 cu delicatesa din Caraibe. Modelul <strong>Arom\u0103 de crem\u0103 de nuc\u0103 de cocos<\/strong> este potrivit pentru <strong>Aromatizarea \u0219i producerea propriilor lichide<\/strong> \u0219i poate <strong>Amestecate cu alte arome<\/strong> pot fi personalizate. \u00cen acest fel, pute\u021bi crea din nou \u0219i din nou lichide noi, individualizate! <strong>Arome<\/strong> nu trebuie utilizat nediluat \u0219i trebuie \u00eentotdeauna supus unei <strong>Baza<\/strong> pot fi ad\u0103ugate.<\/p>","protected":false},"excerpt":{"rendered":"<p>Duo-ul cremos \u0219i delicios de fructe fine, dulci <strong>Nuc\u0103 de cocos<\/strong> \u0219i minunat de gustoase <strong>Migdale<\/strong>noastre <strong>arom\u0103 delicioas\u0103 de crem\u0103 de nuc\u0103 de cocos<\/strong> - visul bomboanelor din Caraibe!<\/p>","protected":false},"featured_media":319400,"comment_status":"open","ping_status":"closed","template":"","meta":{"_acf_changed":false,"_relevanssi_hide_post":"","_relevanssi_hide_content":"","_relevanssi_pin_for_all":"","_relevanssi_pin_keywords":"","_relevanssi_unpin_keywords":"","_relevanssi_related_keywords":"","_relevanssi_related_include_ids":"","_relevanssi_related_exclude_ids":"","_relevanssi_related_no_append":"","_relevanssi_related_not_related":"","_relevanssi_related_posts":"","_relevanssi_noindex_reason":""},"product_brand":[],"product_cat":[4733,4882,4701,4881,4710,4712,4707],"product_tag":[1399,7050,4914,5215],"class_list":{"0":"post-302523","1":"product","2":"type-product","3":"status-publish","4":"has-post-thumbnail","6":"product_cat-alle-aromen","7":"product_cat-aromen-ohne-sucralose","8":"product_cat-aromen","9":"product_cat-my-eliquid-aromen","10":"product_cat-nussige-aromen-liquid-e-zigarette","11":"product_cat-special-aromen-liquid-e-zigarette","12":"product_cat-suesse-aromen-liquid-e-zigarette","13":"product_tag-aroma","14":"product_tag-cocoscream","15":"product_tag-eliquid","16":"product_tag-suesses","17":"product_shipping_class-standard","19":"first","20":"outofstock","21":"taxable","22":"shipping-taxable","23":"purchasable","24":"product-type-variable"},"acf":[],"_links":{"self":[{"href":"https:\/\/my-eliquid.de\/ro\/wp-json\/wp\/v2\/product\/302523","targetHints":{"allow":["GET"]}}],"collection":[{"href":"https:\/\/my-eliquid.de\/ro\/wp-json\/wp\/v2\/product"}],"about":[{"href":"https:\/\/my-eliquid.de\/ro\/wp-json\/wp\/v2\/types\/product"}],"replies":[{"embeddable":true,"href":"https:\/\/my-eliquid.de\/ro\/wp-json\/wp\/v2\/comments?post=302523"}],"wp:featuredmedia":[{"embeddable":true,"href":"https:\/\/my-eliquid.de\/ro\/wp-json\/wp\/v2\/media\/319400"}],"wp:attachment":[{"href":"https:\/\/my-eliquid.de\/ro\/wp-json\/wp\/v2\/media?parent=302523"}],"wp:term":[{"taxonomy":"product_brand","embeddable":true,"href":"https:\/\/my-eliquid.de\/ro\/wp-json\/wp\/v2\/product_brand?post=302523"},{"taxonomy":"product_cat","embeddable":true,"href":"https:\/\/my-eliquid.de\/ro\/wp-json\/wp\/v2\/product_cat?post=302523"},{"taxonomy":"product_tag","embeddable":true,"href":"https:\/\/my-eliquid.de\/ro\/wp-json\/wp\/v2\/product_tag?post=302523"}],"curies":[{"name":"wp","href":"https:\/\/api.w.org\/{rel}","templated":true}]}}