{"id":302529,"date":"2019-10-24T00:00:00","date_gmt":"2019-10-23T22:00:00","guid":{"rendered":"https:\/\/my-eliquid.de\/shop\/erdbeer-cream-aroma\/"},"modified":"2026-03-11T09:15:21","modified_gmt":"2026-03-11T08:15:21","slug":"erdbeer-cream-aroma","status":"publish","type":"product","link":"https:\/\/my-eliquid.de\/ro\/shop\/erdbeer-cream-aroma\/","title":{"rendered":"Arom\u0103 de crem\u0103 de c\u0103p\u0219uni"},"content":{"rendered":"<p>noastre\u00a0<strong>Arom\u0103 de crem\u0103 de c\u0103p\u0219uni<\/strong>\u00a0cu dulcele s\u0103u\u00a0<strong>Arom\u0103 de fructe de p\u0103dure<\/strong>\u00a0provine din linia de\u00a0<strong>Arome de fructe<\/strong>.<\/p>\n<p>Fructat, dulce <strong>C\u0103p\u0219uni,<\/strong> amestecat cu sm\u00e2nt\u00e2n\u0103 cremoas\u0103 \u0219i u\u0219oar\u0103. O experien\u021b\u0103 aromei autentice \u0219i intense.<\/p>\n<p>The\u00a0<strong>Arom\u0103 de crem\u0103 de c\u0103p\u0219uni<\/strong>\u00a0este potrivit pentru aromatizare \u0219i\u00a0<strong>Produce\u021bi propriile lichide<\/strong>\u00a0\u0219i poate fi amestecat cu alte arome.<\/p>\n<p>Acest lucru v\u0103 permite s\u0103 crea\u021bi de fiecare dat\u0103 lichide noi, individualizate!<\/p>\n<p><strong>Arome<\/strong>\u00a0nu trebuie utilizat nediluat \u0219i trebuie \u00eentotdeauna supus unei\u00a0<strong>Baza<\/strong>\u00a0pot fi ad\u0103ugate.<\/p>","protected":false},"excerpt":{"rendered":"<p><strong>Fructate<\/strong>dulce\u00a0<strong>C\u0103p\u0219uni,<\/strong>\u00a0amestecat cu crem\u0103, u\u0219or <strong>Sm\u00e2nt\u00e2n\u0103<\/strong>. O experien\u021b\u0103 aromei autentice \u0219i intense.<\/p>","protected":false},"featured_media":319420,"comment_status":"open","ping_status":"closed","template":"","meta":{"_acf_changed":false,"_relevanssi_hide_post":"","_relevanssi_hide_content":"","_relevanssi_pin_for_all":"","_relevanssi_pin_keywords":"","_relevanssi_unpin_keywords":"","_relevanssi_related_keywords":"","_relevanssi_related_include_ids":"","_relevanssi_related_exclude_ids":"","_relevanssi_related_no_append":"","_relevanssi_related_not_related":"","_relevanssi_related_posts":"","_relevanssi_noindex_reason":""},"product_brand":[],"product_cat":[4733,4882,4701,4702,4705,4881,4707],"product_tag":[1399,5108,4919,5107,4915,5166,4917,4914,6053,4918,5004,6869,4920],"class_list":{"0":"post-302529","1":"product","2":"type-product","3":"status-publish","4":"has-post-thumbnail","6":"product_cat-alle-aromen","7":"product_cat-aromen-ohne-sucralose","8":"product_cat-aromen","9":"product_cat-drinks-aromen-liquid-e-zigarette","10":"product_cat-frucht-aromen-liquid-e-zigarette","11":"product_cat-my-eliquid-aromen","12":"product_cat-suesse-aromen-liquid-e-zigarette","13":"product_tag-aroma","14":"product_tag-cream","15":"product_tag-dampfer","16":"product_tag-doozie","17":"product_tag-e-liquid","18":"product_tag-e-zigarette","19":"product_tag-e-zigi","20":"product_tag-eliquid","21":"product_tag-erdbeer-cream","22":"product_tag-ezigarette","23":"product_tag-nachfuellfluessigkeit","24":"product_tag-strawberry","25":"product_tag-verdampfer","26":"product_shipping_class-standard","28":"first","29":"instock","30":"taxable","31":"shipping-taxable","32":"purchasable","33":"product-type-variable"},"acf":[],"_links":{"self":[{"href":"https:\/\/my-eliquid.de\/ro\/wp-json\/wp\/v2\/product\/302529","targetHints":{"allow":["GET"]}}],"collection":[{"href":"https:\/\/my-eliquid.de\/ro\/wp-json\/wp\/v2\/product"}],"about":[{"href":"https:\/\/my-eliquid.de\/ro\/wp-json\/wp\/v2\/types\/product"}],"replies":[{"embeddable":true,"href":"https:\/\/my-eliquid.de\/ro\/wp-json\/wp\/v2\/comments?post=302529"}],"wp:featuredmedia":[{"embeddable":true,"href":"https:\/\/my-eliquid.de\/ro\/wp-json\/wp\/v2\/media\/319420"}],"wp:attachment":[{"href":"https:\/\/my-eliquid.de\/ro\/wp-json\/wp\/v2\/media?parent=302529"}],"wp:term":[{"taxonomy":"product_brand","embeddable":true,"href":"https:\/\/my-eliquid.de\/ro\/wp-json\/wp\/v2\/product_brand?post=302529"},{"taxonomy":"product_cat","embeddable":true,"href":"https:\/\/my-eliquid.de\/ro\/wp-json\/wp\/v2\/product_cat?post=302529"},{"taxonomy":"product_tag","embeddable":true,"href":"https:\/\/my-eliquid.de\/ro\/wp-json\/wp\/v2\/product_tag?post=302529"}],"curies":[{"name":"wp","href":"https:\/\/api.w.org\/{rel}","templated":true}]}}