{"id":302545,"date":"2015-04-24T00:00:00","date_gmt":"2015-04-23T22:00:00","guid":{"rendered":"https:\/\/my-eliquid.de\/shop\/nebula-aroma\/"},"modified":"2026-02-23T09:33:16","modified_gmt":"2026-02-23T08:33:16","slug":"nebula-aroma","status":"publish","type":"product","link":"https:\/\/my-eliquid.de\/ro\/shop\/nebula-aroma\/","title":{"rendered":"Arom\u0103 de nebuloas\u0103"},"content":{"rendered":"<p>noastre <strong>Arom\u0103 de nebuloas\u0103<\/strong> mit seinem fruchtigen, s\u00fc\u00df-blumigen <strong>arom\u0103 de gum\u0103 de mestecat<\/strong> provine din linia de <strong>Arome speciale<\/strong>. Da werden Erinnerungen wach: Vollster Bubblegum-Spa\u00df! Das <strong>Arom\u0103 de nebuloas\u0103<\/strong> este potrivit pentru <strong>Aromatizarea \u0219i producerea propriilor lichide<\/strong> \u0219i poate <strong>Amestecate cu alte arome<\/strong> pot fi personalizate. \u00cen acest fel, pute\u021bi crea din nou \u0219i din nou lichide noi, individualizate! <strong>Arome<\/strong> nu trebuie utilizat nediluat \u0219i trebuie \u00eentotdeauna supus unei <strong>Baza<\/strong> pot fi ad\u0103ugate.<\/p>","protected":false},"excerpt":{"rendered":"<p>Lovitura <strong>Arom\u0103 Bubblegum<\/strong> din anii '90 love\u0219te din nou: nostru <strong>Arom\u0103 de nebuloas\u0103<\/strong> v\u0103 readuce pl\u0103cerea de neuitat a gumei de mestecat, dulce-fructat\u0103!<\/p>","protected":false},"featured_media":319479,"comment_status":"open","ping_status":"closed","template":"","meta":{"_acf_changed":false,"_relevanssi_hide_post":"","_relevanssi_hide_content":"","_relevanssi_pin_for_all":"","_relevanssi_pin_keywords":"","_relevanssi_unpin_keywords":"","_relevanssi_related_keywords":"","_relevanssi_related_include_ids":"","_relevanssi_related_exclude_ids":"","_relevanssi_related_no_append":"","_relevanssi_related_not_related":"","_relevanssi_related_posts":"","_relevanssi_noindex_reason":""},"product_brand":[],"product_cat":[4733,4882,4881,4712,4707],"product_tag":[4919,4915,5166,4917,4914,4918,5004,5301,4920],"class_list":{"0":"post-302545","1":"product","2":"type-product","3":"status-publish","4":"has-post-thumbnail","6":"product_cat-alle-aromen","7":"product_cat-aromen-ohne-sucralose","8":"product_cat-my-eliquid-aromen","9":"product_cat-special-aromen-liquid-e-zigarette","10":"product_cat-suesse-aromen-liquid-e-zigarette","11":"product_tag-dampfer","12":"product_tag-e-liquid","13":"product_tag-e-zigarette","14":"product_tag-e-zigi","15":"product_tag-eliquid","16":"product_tag-ezigarette","17":"product_tag-nachfuellfluessigkeit","18":"product_tag-nebula","19":"product_tag-verdampfer","20":"product_shipping_class-standard","22":"first","23":"instock","24":"taxable","25":"shipping-taxable","26":"purchasable","27":"product-type-variable"},"acf":[],"_links":{"self":[{"href":"https:\/\/my-eliquid.de\/ro\/wp-json\/wp\/v2\/product\/302545","targetHints":{"allow":["GET"]}}],"collection":[{"href":"https:\/\/my-eliquid.de\/ro\/wp-json\/wp\/v2\/product"}],"about":[{"href":"https:\/\/my-eliquid.de\/ro\/wp-json\/wp\/v2\/types\/product"}],"replies":[{"embeddable":true,"href":"https:\/\/my-eliquid.de\/ro\/wp-json\/wp\/v2\/comments?post=302545"}],"wp:featuredmedia":[{"embeddable":true,"href":"https:\/\/my-eliquid.de\/ro\/wp-json\/wp\/v2\/media\/319479"}],"wp:attachment":[{"href":"https:\/\/my-eliquid.de\/ro\/wp-json\/wp\/v2\/media?parent=302545"}],"wp:term":[{"taxonomy":"product_brand","embeddable":true,"href":"https:\/\/my-eliquid.de\/ro\/wp-json\/wp\/v2\/product_brand?post=302545"},{"taxonomy":"product_cat","embeddable":true,"href":"https:\/\/my-eliquid.de\/ro\/wp-json\/wp\/v2\/product_cat?post=302545"},{"taxonomy":"product_tag","embeddable":true,"href":"https:\/\/my-eliquid.de\/ro\/wp-json\/wp\/v2\/product_tag?post=302545"}],"curies":[{"name":"wp","href":"https:\/\/api.w.org\/{rel}","templated":true}]}}